{"id":2990,"date":"2022-02-23T10:22:37","date_gmt":"2022-02-23T09:22:37","guid":{"rendered":"https:\/\/www.secklerwein.de\/shop\/?page_id=2990"},"modified":"2025-07-31T07:08:41","modified_gmt":"2025-07-31T06:08:41","slug":"impressum","status":"publish","type":"page","link":"https:\/\/www.secklerwein.de\/shop\/impressum\/","title":{"rendered":"Impressum\u00a0"},"content":{"rendered":"\n<h1 class=\"wp-block-heading\">Impressum<\/h1>\n\n\n\n<p>Weingut Seckler<br>Naheweinstra\u00dfe 38<br>55444 Schweppenhausen<br>Deutschland<\/p>\n\n\n\n<p><strong>vertreten durch<\/strong><br>Frank Seckler, Dipl.-Ing. (FH) Weinbau und Oenologie<\/p>\n\n\n\n<p><strong>Kontakt<\/strong><br>Telefon: 0 67 24 \u2013 88 37<br>Telefax: 0 67 24 \u2013 93 97 66<br>E-Mail: <a href=\"mailto:kontakt@secklerwein.de\">kontakt@secklerwein.de<\/a><br>Internet: <a href=\"http:\/\/www.secklerwein.de\">www.secklerwein.de<\/a><\/p>\n\n\n\n<p><strong>Umsatzsteuer-ID<\/strong><br>Umsatzsteuer-Identifikationsnummer: DE314360349<\/p>\n\n\n\n<p><strong>Zust\u00e4ndige Aufsichtsbeh\u00f6rde&nbsp;<\/strong><br>Landwirtschaftskammer Rheinland Pfalz<br>Burgenlandstr. 7<br>55543 Bad Kreuznach<br>Deutschland<\/p>\n\n\n\n<p><strong>Zust\u00e4ndiges Ministerium<\/strong><br>Ministerium f\u00fcr Umwelt, Landwirtschaft,<br>Ern\u00e4hrung, Weinbau und Forsten<br>Kaiser-Friedrich-Stra\u00dfe 1<br>55116 MainzDeutschland<\/p>\n\n\n\n<p><strong>Gesetzliche Grundlage unserer T\u00e4tigkeit<\/strong><br>Weingesetz (WeinG)<br>abrufbar unter: <a href=\"http:\/\/bundesrecht.juris.de\/weing_1994\/BJNR146710994.html\" target=\"_blank\" rel=\"noreferrer noopener\">http:\/\/bundesrecht.juris.de\/weing_1994\/BJNR146710994.html<\/a><\/p>\n\n\n\n<p>HINWEIS GEM\u00c4SS \u00a7 36 VERBRAUCHERSTREITBEILEGUNGSGESETZ (VSBG)<br>Der Verk\u00e4ufer\/Auftragnehmer wird nicht an einem Streitbeilegungsverfahren vor einer Verbraucherschlichtungsstelle im Sinne des VSBG teilnehmen und ist hierzu auch nicht verpflichtet.<\/p>\n\n\n\n<p><strong>Design &amp; Umsetzung<\/strong><br>STEFFI LANG | design web foto&nbsp;<a href=\"http:\/\/www.steffi-lang.de\">www.steffi-lang.de<\/a>&nbsp;<\/p>\n\n\n\n<p><strong>Haftungsausschluss (Disclaimer)<\/strong><\/p>\n\n\n\n<p>HAFTUNG F\u00dcR INHALTE<br>Als Diensteanbieter sind wir gem\u00e4\u00df \u00a7 7 Abs.1 TMG f\u00fcr eigene Inhalte auf diesen Seiten nach allgemeinen gesetzlichen Regelungen verantwortlich. Nach \u00a7\u00a7 8 bis 10 TMG sind wir als Diensteanbieter allerdings nicht verpflichtet, \u00fcbermittelte oder gespeicherte fremde Informationen (auch links auf externe Seiten) zu \u00fcberwachen oder nach Umst\u00e4nden zu forschen, die auf eine rechtswidrige T\u00e4tigkeit hinweisen. Verpflichtungen zur Entfernung oder Sperrung der Nutzung von Informationen nach den allgemeinen Gesetzen bleiben hiervon unber\u00fchrt. Eine diesbez\u00fcgliche Haftung ist jedoch erst ab dem Zeitpunkt der Kenntnis einer konkreten Rechtsverletzung m\u00f6glich. Bei Bekanntwerden von entsprechenden Rechtsverletzungen werden wir diese Inhalte umgehend entfernen.<\/p>\n\n\n\n<p>HAFTUNG F\u00dcR LINKS<br>Unser Angebot enth\u00e4lt Links zu externen Webseiten Dritter, auf deren Inhalte und Gestaltung wir keinen Einfluss haben. Deshalb k\u00f6nnen wir f\u00fcr diese fremden Inhalte und fremde Gestaltung auch keine Gew\u00e4hr \u00fcbernehmen. F\u00fcr die Inhalte und die Gestaltung der verlinkten Seiten ist stets der jeweilige Anbieter oder Betreiber der Seiten nach den gesetzlichen Bestimmungen verantwortlich. Die verlinkten Seiten wurden zum Zeitpunkt der Verlinkung auf m\u00f6gliche Rechtsverst\u00f6\u00dfe hin gewissenhaft \u00fcberpr\u00fcft. Rechtswidrige Inhalte waren zum Zeitpunkt der Verlinkung nicht erkennbar. Eine permanente inhaltliche Kontrolle der verlinkten Seiten ist jedoch ohne konkrete Anhaltspunkte einer Rechtsverletzung nicht zumutbar. Bei Bekanntwerden von Rechtsverletzungen werden wir derartige Links umgehend entfernen.<\/p>\n\n\n\n<p>URHEBERRECHT<br>Die durch die Seitenbetreiber erstellten Inhalte und Werke auf diesen Seiten unterliegen dem deutschen Urheberrecht. Die Vervielf\u00e4ltigung, Bearbeitung, Verbreitung und jede Art der anderweitigen Verwertung au\u00dferhalb der Grenzen des Urheberrechtes bed\u00fcrfen stets der schriftlichen Zustimmung des jeweiligen Autors bzw. Erstellers und Urhebers. Downloads und Kopien dieser Seiten sind nur f\u00fcr den privaten, nicht kommerziellen Gebrauch erlaubt. Soweit die Inhalte auf dieser Seite nicht vom Betreiber selbst erstellt wurden, werden die Urheberrechte Dritter beachtet. Insbesondere werden Inhalte Dritter als solche gekennzeichnet. Sollten Sie trotzdem auf eine Urheberrechtsverletzung aufmerksam werden, bitten wir h\u00f6flich um einen entsprechenden Hinweis. Bei Bekanntwerden von Rechtsverletzungen werden wir derartige Inhalte umgehend entfernen.<\/p>\n","protected":false},"excerpt":{"rendered":"<p>Impressum Weingut SecklerNaheweinstra\u00dfe 3855444 SchweppenhausenDeutschland vertreten durchFrank Seckler, Dipl.-Ing. (FH) Weinbau und Oenologie KontaktTelefon: 0 67 24 \u2013 88 37Telefax: 0 67 24 \u2013 93 97 66E-Mail: kontakt@secklerwein.deInternet: www.secklerwein.de Umsatzsteuer-IDUmsatzsteuer-Identifikationsnummer: DE314360349 Zust\u00e4ndige Aufsichtsbeh\u00f6rde&nbsp;Landwirtschaftskammer Rheinland PfalzBurgenlandstr. 755543 Bad KreuznachDeutschland Zust\u00e4ndiges MinisteriumMinisterium f\u00fcr Umwelt, Landwirtschaft,Ern\u00e4hrung, Weinbau und ForstenKaiser-Friedrich-Stra\u00dfe 155116 MainzDeutschland Gesetzliche Grundlage unserer T\u00e4tigkeitWeingesetz (WeinG)abrufbar unter: http:\/\/bundesrecht.juris.de\/weing_1994\/BJNR146710994.html [&hellip;]<\/p>\n","protected":false},"author":7,"featured_media":0,"parent":0,"menu_order":0,"comment_status":"closed","ping_status":"closed","template":"","meta":{"site-sidebar-layout":"default","site-content-layout":"","ast-site-content-layout":"default","site-content-style":"default","site-sidebar-style":"default","ast-global-header-display":"","ast-banner-title-visibility":"","ast-main-header-display":"","ast-hfb-above-header-display":"","ast-hfb-below-header-display":"","ast-hfb-mobile-header-display":"","site-post-title":"","ast-breadcrumbs-content":"","ast-featured-img":"","footer-sml-layout":"","theme-transparent-header-meta":"","adv-header-id-meta":"","stick-header-meta":"","header-above-stick-meta":"","header-main-stick-meta":"","header-below-stick-meta":"","astra-migrate-meta-layouts":"set","ast-page-background-enabled":"default","ast-page-background-meta":{"desktop":{"background-color":"var(--ast-global-color-4)","background-image":"","background-repeat":"repeat","background-position":"center center","background-size":"auto","background-attachment":"scroll","background-type":"","background-media":"","overlay-type":"","overlay-color":"","overlay-opacity":"","overlay-gradient":""},"tablet":{"background-color":"","background-image":"","background-repeat":"repeat","background-position":"center center","background-size":"auto","background-attachment":"scroll","background-type":"","background-media":"","overlay-type":"","overlay-color":"","overlay-opacity":"","overlay-gradient":""},"mobile":{"background-color":"","background-image":"","background-repeat":"repeat","background-position":"center center","background-size":"auto","background-attachment":"scroll","background-type":"","background-media":"","overlay-type":"","overlay-color":"","overlay-opacity":"","overlay-gradient":""}},"ast-content-background-meta":{"desktop":{"background-color":"var(--ast-global-color-5)","background-image":"","background-repeat":"repeat","background-position":"center center","background-size":"auto","background-attachment":"scroll","background-type":"","background-media":"","overlay-type":"","overlay-color":"","overlay-opacity":"","overlay-gradient":""},"tablet":{"background-color":"var(--ast-global-color-5)","background-image":"","background-repeat":"repeat","background-position":"center center","background-size":"auto","background-attachment":"scroll","background-type":"","background-media":"","overlay-type":"","overlay-color":"","overlay-opacity":"","overlay-gradient":""},"mobile":{"background-color":"var(--ast-global-color-5)","background-image":"","background-repeat":"repeat","background-position":"center center","background-size":"auto","background-attachment":"scroll","background-type":"","background-media":"","overlay-type":"","overlay-color":"","overlay-opacity":"","overlay-gradient":""}},"footnotes":""},"class_list":["post-2990","page","type-page","status-publish","hentry"],"yoast_head":"<!-- This site is optimized with the Yoast SEO plugin v27.4 - https:\/\/yoast.com\/product\/yoast-seo-wordpress\/ -->\n<title>Impressum\u00a0 - Weingut Seckler<\/title>\n<meta name=\"robots\" content=\"index, follow, max-snippet:-1, max-image-preview:large, max-video-preview:-1\" \/>\n<link rel=\"canonical\" href=\"https:\/\/www.secklerwein.de\/shop\/impressum\/\" \/>\n<meta property=\"og:locale\" content=\"de_DE\" \/>\n<meta property=\"og:type\" content=\"article\" \/>\n<meta property=\"og:title\" content=\"Impressum\u00a0 - Weingut Seckler\" \/>\n<meta property=\"og:description\" content=\"Impressum Weingut SecklerNaheweinstra\u00dfe 3855444 SchweppenhausenDeutschland vertreten durchFrank Seckler, Dipl.-Ing. (FH) Weinbau und Oenologie KontaktTelefon: 0 67 24 \u2013 88 37Telefax: 0 67 24 \u2013 93 97 66E-Mail: kontakt@secklerwein.deInternet: www.secklerwein.de Umsatzsteuer-IDUmsatzsteuer-Identifikationsnummer: DE314360349 Zust\u00e4ndige Aufsichtsbeh\u00f6rde&nbsp;Landwirtschaftskammer Rheinland PfalzBurgenlandstr. 755543 Bad KreuznachDeutschland Zust\u00e4ndiges MinisteriumMinisterium f\u00fcr Umwelt, Landwirtschaft,Ern\u00e4hrung, Weinbau und ForstenKaiser-Friedrich-Stra\u00dfe 155116 MainzDeutschland Gesetzliche Grundlage unserer T\u00e4tigkeitWeingesetz (WeinG)abrufbar unter: http:\/\/bundesrecht.juris.de\/weing_1994\/BJNR146710994.html [&hellip;]\" \/>\n<meta property=\"og:url\" content=\"https:\/\/www.secklerwein.de\/shop\/impressum\/\" \/>\n<meta property=\"og:site_name\" content=\"Weingut Seckler\" \/>\n<meta property=\"article:modified_time\" content=\"2025-07-31T06:08:41+00:00\" \/>\n<meta name=\"twitter:card\" content=\"summary_large_image\" \/>\n<meta name=\"twitter:label1\" content=\"Gesch\u00e4tzte Lesezeit\" \/>\n\t<meta name=\"twitter:data1\" content=\"3\u00a0Minuten\" \/>\n<script type=\"application\/ld+json\" class=\"yoast-schema-graph\">{\"@context\":\"https:\\\/\\\/schema.org\",\"@graph\":[{\"@type\":\"WebPage\",\"@id\":\"https:\\\/\\\/www.secklerwein.de\\\/shop\\\/impressum\\\/\",\"url\":\"https:\\\/\\\/www.secklerwein.de\\\/shop\\\/impressum\\\/\",\"name\":\"Impressum\u00a0 - Weingut Seckler\",\"isPartOf\":{\"@id\":\"https:\\\/\\\/www.secklerwein.de\\\/shop\\\/#website\"},\"datePublished\":\"2022-02-23T09:22:37+00:00\",\"dateModified\":\"2025-07-31T06:08:41+00:00\",\"breadcrumb\":{\"@id\":\"https:\\\/\\\/www.secklerwein.de\\\/shop\\\/impressum\\\/#breadcrumb\"},\"inLanguage\":\"de\",\"potentialAction\":[{\"@type\":\"ReadAction\",\"target\":[\"https:\\\/\\\/www.secklerwein.de\\\/shop\\\/impressum\\\/\"]}]},{\"@type\":\"BreadcrumbList\",\"@id\":\"https:\\\/\\\/www.secklerwein.de\\\/shop\\\/impressum\\\/#breadcrumb\",\"itemListElement\":[{\"@type\":\"ListItem\",\"position\":1,\"name\":\"Startseite\",\"item\":\"https:\\\/\\\/www.secklerwein.de\\\/shop\\\/\"},{\"@type\":\"ListItem\",\"position\":2,\"name\":\"Impressum\u00a0\"}]},{\"@type\":\"WebSite\",\"@id\":\"https:\\\/\\\/www.secklerwein.de\\\/shop\\\/#website\",\"url\":\"https:\\\/\\\/www.secklerwein.de\\\/shop\\\/\",\"name\":\"Weingut Seckler\",\"description\":\"\",\"publisher\":{\"@id\":\"https:\\\/\\\/www.secklerwein.de\\\/shop\\\/#organization\"},\"potentialAction\":[{\"@type\":\"SearchAction\",\"target\":{\"@type\":\"EntryPoint\",\"urlTemplate\":\"https:\\\/\\\/www.secklerwein.de\\\/shop\\\/?s={search_term_string}\"},\"query-input\":{\"@type\":\"PropertyValueSpecification\",\"valueRequired\":true,\"valueName\":\"search_term_string\"}}],\"inLanguage\":\"de\"},{\"@type\":\"Organization\",\"@id\":\"https:\\\/\\\/www.secklerwein.de\\\/shop\\\/#organization\",\"name\":\"Weingut Seckler\",\"url\":\"https:\\\/\\\/www.secklerwein.de\\\/shop\\\/\",\"logo\":{\"@type\":\"ImageObject\",\"inLanguage\":\"de\",\"@id\":\"https:\\\/\\\/www.secklerwein.de\\\/shop\\\/#\\\/schema\\\/logo\\\/image\\\/\",\"url\":\"https:\\\/\\\/www.secklerwein.de\\\/shop\\\/wp-content\\\/uploads\\\/2022\\\/02\\\/logo.png\",\"contentUrl\":\"https:\\\/\\\/www.secklerwein.de\\\/shop\\\/wp-content\\\/uploads\\\/2022\\\/02\\\/logo.png\",\"width\":743,\"height\":254,\"caption\":\"Weingut Seckler\"},\"image\":{\"@id\":\"https:\\\/\\\/www.secklerwein.de\\\/shop\\\/#\\\/schema\\\/logo\\\/image\\\/\"}}]}<\/script>\n<!-- \/ Yoast SEO plugin. -->","yoast_head_json":{"title":"Impressum\u00a0 - Weingut Seckler","robots":{"index":"index","follow":"follow","max-snippet":"max-snippet:-1","max-image-preview":"max-image-preview:large","max-video-preview":"max-video-preview:-1"},"canonical":"https:\/\/www.secklerwein.de\/shop\/impressum\/","og_locale":"de_DE","og_type":"article","og_title":"Impressum\u00a0 - Weingut Seckler","og_description":"Impressum Weingut SecklerNaheweinstra\u00dfe 3855444 SchweppenhausenDeutschland vertreten durchFrank Seckler, Dipl.-Ing. (FH) Weinbau und Oenologie KontaktTelefon: 0 67 24 \u2013 88 37Telefax: 0 67 24 \u2013 93 97 66E-Mail: kontakt@secklerwein.deInternet: www.secklerwein.de Umsatzsteuer-IDUmsatzsteuer-Identifikationsnummer: DE314360349 Zust\u00e4ndige Aufsichtsbeh\u00f6rde&nbsp;Landwirtschaftskammer Rheinland PfalzBurgenlandstr. 755543 Bad KreuznachDeutschland Zust\u00e4ndiges MinisteriumMinisterium f\u00fcr Umwelt, Landwirtschaft,Ern\u00e4hrung, Weinbau und ForstenKaiser-Friedrich-Stra\u00dfe 155116 MainzDeutschland Gesetzliche Grundlage unserer T\u00e4tigkeitWeingesetz (WeinG)abrufbar unter: http:\/\/bundesrecht.juris.de\/weing_1994\/BJNR146710994.html [&hellip;]","og_url":"https:\/\/www.secklerwein.de\/shop\/impressum\/","og_site_name":"Weingut Seckler","article_modified_time":"2025-07-31T06:08:41+00:00","twitter_card":"summary_large_image","twitter_misc":{"Gesch\u00e4tzte Lesezeit":"3\u00a0Minuten"},"schema":{"@context":"https:\/\/schema.org","@graph":[{"@type":"WebPage","@id":"https:\/\/www.secklerwein.de\/shop\/impressum\/","url":"https:\/\/www.secklerwein.de\/shop\/impressum\/","name":"Impressum\u00a0 - Weingut Seckler","isPartOf":{"@id":"https:\/\/www.secklerwein.de\/shop\/#website"},"datePublished":"2022-02-23T09:22:37+00:00","dateModified":"2025-07-31T06:08:41+00:00","breadcrumb":{"@id":"https:\/\/www.secklerwein.de\/shop\/impressum\/#breadcrumb"},"inLanguage":"de","potentialAction":[{"@type":"ReadAction","target":["https:\/\/www.secklerwein.de\/shop\/impressum\/"]}]},{"@type":"BreadcrumbList","@id":"https:\/\/www.secklerwein.de\/shop\/impressum\/#breadcrumb","itemListElement":[{"@type":"ListItem","position":1,"name":"Startseite","item":"https:\/\/www.secklerwein.de\/shop\/"},{"@type":"ListItem","position":2,"name":"Impressum\u00a0"}]},{"@type":"WebSite","@id":"https:\/\/www.secklerwein.de\/shop\/#website","url":"https:\/\/www.secklerwein.de\/shop\/","name":"Weingut Seckler","description":"","publisher":{"@id":"https:\/\/www.secklerwein.de\/shop\/#organization"},"potentialAction":[{"@type":"SearchAction","target":{"@type":"EntryPoint","urlTemplate":"https:\/\/www.secklerwein.de\/shop\/?s={search_term_string}"},"query-input":{"@type":"PropertyValueSpecification","valueRequired":true,"valueName":"search_term_string"}}],"inLanguage":"de"},{"@type":"Organization","@id":"https:\/\/www.secklerwein.de\/shop\/#organization","name":"Weingut Seckler","url":"https:\/\/www.secklerwein.de\/shop\/","logo":{"@type":"ImageObject","inLanguage":"de","@id":"https:\/\/www.secklerwein.de\/shop\/#\/schema\/logo\/image\/","url":"https:\/\/www.secklerwein.de\/shop\/wp-content\/uploads\/2022\/02\/logo.png","contentUrl":"https:\/\/www.secklerwein.de\/shop\/wp-content\/uploads\/2022\/02\/logo.png","width":743,"height":254,"caption":"Weingut Seckler"},"image":{"@id":"https:\/\/www.secklerwein.de\/shop\/#\/schema\/logo\/image\/"}}]}},"_links":{"self":[{"href":"https:\/\/www.secklerwein.de\/shop\/wp-json\/wp\/v2\/pages\/2990","targetHints":{"allow":["GET"]}}],"collection":[{"href":"https:\/\/www.secklerwein.de\/shop\/wp-json\/wp\/v2\/pages"}],"about":[{"href":"https:\/\/www.secklerwein.de\/shop\/wp-json\/wp\/v2\/types\/page"}],"author":[{"embeddable":true,"href":"https:\/\/www.secklerwein.de\/shop\/wp-json\/wp\/v2\/users\/7"}],"replies":[{"embeddable":true,"href":"https:\/\/www.secklerwein.de\/shop\/wp-json\/wp\/v2\/comments?post=2990"}],"version-history":[{"count":3,"href":"https:\/\/www.secklerwein.de\/shop\/wp-json\/wp\/v2\/pages\/2990\/revisions"}],"predecessor-version":[{"id":5820,"href":"https:\/\/www.secklerwein.de\/shop\/wp-json\/wp\/v2\/pages\/2990\/revisions\/5820"}],"wp:attachment":[{"href":"https:\/\/www.secklerwein.de\/shop\/wp-json\/wp\/v2\/media?parent=2990"}],"curies":[{"name":"wp","href":"https:\/\/api.w.org\/{rel}","templated":true}]}}