{"id":3223,"date":"2022-06-07T07:16:18","date_gmt":"2022-06-07T06:16:18","guid":{"rendered":"https:\/\/www.secklerwein.de\/shop\/echtheit-von-bewertungen\/"},"modified":"2022-06-08T18:05:02","modified_gmt":"2022-06-08T17:05:02","slug":"echtheit-von-bewertungen","status":"publish","type":"page","link":"https:\/\/www.secklerwein.de\/shop\/echtheit-von-bewertungen\/","title":{"rendered":"Echtheit von Bewertungen"},"content":{"rendered":"\n<h2 class=\"wp-block-heading\">Informationen zur Authentizit\u00e4t von Bewertungen<br><\/h2>\n\n\n\n<p>Wir f\u00fchren keine gesonderten \u00dcberpr\u00fcfungen von Bewertungen durch, um sicherzustellen, dass die dargestellten Bewertungen tats\u00e4chlich von Verbrauchern stammen. Alle Besucher unserer Website k\u00f6nnen Bewertungen f\u00fcr unsere Produkte abgeben. Die Bewertungsabgabe ist nicht an ein Nutzerkonto o.\u00e4. gebunden.<\/p>\n","protected":false},"excerpt":{"rendered":"<p>Informationen zur Authentizit\u00e4t von Bewertungen Wir f\u00fchren keine gesonderten \u00dcberpr\u00fcfungen von Bewertungen durch, um sicherzustellen, dass die dargestellten Bewertungen tats\u00e4chlich von Verbrauchern stammen. Alle Besucher unserer Website k\u00f6nnen Bewertungen f\u00fcr unsere Produkte abgeben. Die Bewertungsabgabe ist nicht an ein Nutzerkonto o.\u00e4. gebunden.<\/p>\n","protected":false},"author":1,"featured_media":0,"parent":0,"menu_order":0,"comment_status":"closed","ping_status":"closed","template":"","meta":{"site-sidebar-layout":"default","site-content-layout":"","ast-site-content-layout":"","site-content-style":"default","site-sidebar-style":"default","ast-global-header-display":"","ast-banner-title-visibility":"","ast-main-header-display":"","ast-hfb-above-header-display":"","ast-hfb-below-header-display":"","ast-hfb-mobile-header-display":"","site-post-title":"","ast-breadcrumbs-content":"","ast-featured-img":"","footer-sml-layout":"","theme-transparent-header-meta":"","adv-header-id-meta":"","stick-header-meta":"","header-above-stick-meta":"","header-main-stick-meta":"","header-below-stick-meta":"","astra-migrate-meta-layouts":"default","ast-page-background-enabled":"default","ast-page-background-meta":{"desktop":{"background-color":"var(--ast-global-color-4)","background-image":"","background-repeat":"repeat","background-position":"center center","background-size":"auto","background-attachment":"scroll","background-type":"","background-media":"","overlay-type":"","overlay-color":"","overlay-opacity":"","overlay-gradient":""},"tablet":{"background-color":"","background-image":"","background-repeat":"repeat","background-position":"center center","background-size":"auto","background-attachment":"scroll","background-type":"","background-media":"","overlay-type":"","overlay-color":"","overlay-opacity":"","overlay-gradient":""},"mobile":{"background-color":"","background-image":"","background-repeat":"repeat","background-position":"center center","background-size":"auto","background-attachment":"scroll","background-type":"","background-media":"","overlay-type":"","overlay-color":"","overlay-opacity":"","overlay-gradient":""}},"ast-content-background-meta":{"desktop":{"background-color":"var(--ast-global-color-5)","background-image":"","background-repeat":"repeat","background-position":"center center","background-size":"auto","background-attachment":"scroll","background-type":"","background-media":"","overlay-type":"","overlay-color":"","overlay-opacity":"","overlay-gradient":""},"tablet":{"background-color":"var(--ast-global-color-5)","background-image":"","background-repeat":"repeat","background-position":"center center","background-size":"auto","background-attachment":"scroll","background-type":"","background-media":"","overlay-type":"","overlay-color":"","overlay-opacity":"","overlay-gradient":""},"mobile":{"background-color":"var(--ast-global-color-5)","background-image":"","background-repeat":"repeat","background-position":"center center","background-size":"auto","background-attachment":"scroll","background-type":"","background-media":"","overlay-type":"","overlay-color":"","overlay-opacity":"","overlay-gradient":""}},"footnotes":""},"class_list":["post-3223","page","type-page","status-publish","hentry"],"yoast_head":"<!-- This site is optimized with the Yoast SEO plugin v27.4 - https:\/\/yoast.com\/product\/yoast-seo-wordpress\/ -->\n<title>Echtheit von Bewertungen - Weingut Seckler<\/title>\n<meta name=\"robots\" content=\"index, follow, max-snippet:-1, max-image-preview:large, max-video-preview:-1\" \/>\n<link rel=\"canonical\" href=\"https:\/\/www.secklerwein.de\/shop\/echtheit-von-bewertungen\/\" \/>\n<meta property=\"og:locale\" content=\"de_DE\" \/>\n<meta property=\"og:type\" content=\"article\" \/>\n<meta property=\"og:title\" content=\"Echtheit von Bewertungen - Weingut Seckler\" \/>\n<meta property=\"og:description\" content=\"Informationen zur Authentizit\u00e4t von Bewertungen Wir f\u00fchren keine gesonderten \u00dcberpr\u00fcfungen von Bewertungen durch, um sicherzustellen, dass die dargestellten Bewertungen tats\u00e4chlich von Verbrauchern stammen. Alle Besucher unserer Website k\u00f6nnen Bewertungen f\u00fcr unsere Produkte abgeben. Die Bewertungsabgabe ist nicht an ein Nutzerkonto o.\u00e4. gebunden.\" \/>\n<meta property=\"og:url\" content=\"https:\/\/www.secklerwein.de\/shop\/echtheit-von-bewertungen\/\" \/>\n<meta property=\"og:site_name\" content=\"Weingut Seckler\" \/>\n<meta property=\"article:modified_time\" content=\"2022-06-08T17:05:02+00:00\" \/>\n<meta name=\"twitter:card\" content=\"summary_large_image\" \/>\n<meta name=\"twitter:label1\" content=\"Gesch\u00e4tzte Lesezeit\" \/>\n\t<meta name=\"twitter:data1\" content=\"1\u00a0Minute\" \/>\n<script type=\"application\/ld+json\" class=\"yoast-schema-graph\">{\"@context\":\"https:\\\/\\\/schema.org\",\"@graph\":[{\"@type\":\"WebPage\",\"@id\":\"https:\\\/\\\/www.secklerwein.de\\\/shop\\\/echtheit-von-bewertungen\\\/\",\"url\":\"https:\\\/\\\/www.secklerwein.de\\\/shop\\\/echtheit-von-bewertungen\\\/\",\"name\":\"Echtheit von Bewertungen - Weingut Seckler\",\"isPartOf\":{\"@id\":\"https:\\\/\\\/www.secklerwein.de\\\/shop\\\/#website\"},\"datePublished\":\"2022-06-07T06:16:18+00:00\",\"dateModified\":\"2022-06-08T17:05:02+00:00\",\"breadcrumb\":{\"@id\":\"https:\\\/\\\/www.secklerwein.de\\\/shop\\\/echtheit-von-bewertungen\\\/#breadcrumb\"},\"inLanguage\":\"de\",\"potentialAction\":[{\"@type\":\"ReadAction\",\"target\":[\"https:\\\/\\\/www.secklerwein.de\\\/shop\\\/echtheit-von-bewertungen\\\/\"]}]},{\"@type\":\"BreadcrumbList\",\"@id\":\"https:\\\/\\\/www.secklerwein.de\\\/shop\\\/echtheit-von-bewertungen\\\/#breadcrumb\",\"itemListElement\":[{\"@type\":\"ListItem\",\"position\":1,\"name\":\"Startseite\",\"item\":\"https:\\\/\\\/www.secklerwein.de\\\/shop\\\/\"},{\"@type\":\"ListItem\",\"position\":2,\"name\":\"Echtheit von Bewertungen\"}]},{\"@type\":\"WebSite\",\"@id\":\"https:\\\/\\\/www.secklerwein.de\\\/shop\\\/#website\",\"url\":\"https:\\\/\\\/www.secklerwein.de\\\/shop\\\/\",\"name\":\"Weingut Seckler\",\"description\":\"\",\"publisher\":{\"@id\":\"https:\\\/\\\/www.secklerwein.de\\\/shop\\\/#organization\"},\"potentialAction\":[{\"@type\":\"SearchAction\",\"target\":{\"@type\":\"EntryPoint\",\"urlTemplate\":\"https:\\\/\\\/www.secklerwein.de\\\/shop\\\/?s={search_term_string}\"},\"query-input\":{\"@type\":\"PropertyValueSpecification\",\"valueRequired\":true,\"valueName\":\"search_term_string\"}}],\"inLanguage\":\"de\"},{\"@type\":\"Organization\",\"@id\":\"https:\\\/\\\/www.secklerwein.de\\\/shop\\\/#organization\",\"name\":\"Weingut Seckler\",\"url\":\"https:\\\/\\\/www.secklerwein.de\\\/shop\\\/\",\"logo\":{\"@type\":\"ImageObject\",\"inLanguage\":\"de\",\"@id\":\"https:\\\/\\\/www.secklerwein.de\\\/shop\\\/#\\\/schema\\\/logo\\\/image\\\/\",\"url\":\"https:\\\/\\\/www.secklerwein.de\\\/shop\\\/wp-content\\\/uploads\\\/2022\\\/02\\\/logo.png\",\"contentUrl\":\"https:\\\/\\\/www.secklerwein.de\\\/shop\\\/wp-content\\\/uploads\\\/2022\\\/02\\\/logo.png\",\"width\":743,\"height\":254,\"caption\":\"Weingut Seckler\"},\"image\":{\"@id\":\"https:\\\/\\\/www.secklerwein.de\\\/shop\\\/#\\\/schema\\\/logo\\\/image\\\/\"}}]}<\/script>\n<!-- \/ Yoast SEO plugin. -->","yoast_head_json":{"title":"Echtheit von Bewertungen - Weingut Seckler","robots":{"index":"index","follow":"follow","max-snippet":"max-snippet:-1","max-image-preview":"max-image-preview:large","max-video-preview":"max-video-preview:-1"},"canonical":"https:\/\/www.secklerwein.de\/shop\/echtheit-von-bewertungen\/","og_locale":"de_DE","og_type":"article","og_title":"Echtheit von Bewertungen - Weingut Seckler","og_description":"Informationen zur Authentizit\u00e4t von Bewertungen Wir f\u00fchren keine gesonderten \u00dcberpr\u00fcfungen von Bewertungen durch, um sicherzustellen, dass die dargestellten Bewertungen tats\u00e4chlich von Verbrauchern stammen. Alle Besucher unserer Website k\u00f6nnen Bewertungen f\u00fcr unsere Produkte abgeben. Die Bewertungsabgabe ist nicht an ein Nutzerkonto o.\u00e4. gebunden.","og_url":"https:\/\/www.secklerwein.de\/shop\/echtheit-von-bewertungen\/","og_site_name":"Weingut Seckler","article_modified_time":"2022-06-08T17:05:02+00:00","twitter_card":"summary_large_image","twitter_misc":{"Gesch\u00e4tzte Lesezeit":"1\u00a0Minute"},"schema":{"@context":"https:\/\/schema.org","@graph":[{"@type":"WebPage","@id":"https:\/\/www.secklerwein.de\/shop\/echtheit-von-bewertungen\/","url":"https:\/\/www.secklerwein.de\/shop\/echtheit-von-bewertungen\/","name":"Echtheit von Bewertungen - Weingut Seckler","isPartOf":{"@id":"https:\/\/www.secklerwein.de\/shop\/#website"},"datePublished":"2022-06-07T06:16:18+00:00","dateModified":"2022-06-08T17:05:02+00:00","breadcrumb":{"@id":"https:\/\/www.secklerwein.de\/shop\/echtheit-von-bewertungen\/#breadcrumb"},"inLanguage":"de","potentialAction":[{"@type":"ReadAction","target":["https:\/\/www.secklerwein.de\/shop\/echtheit-von-bewertungen\/"]}]},{"@type":"BreadcrumbList","@id":"https:\/\/www.secklerwein.de\/shop\/echtheit-von-bewertungen\/#breadcrumb","itemListElement":[{"@type":"ListItem","position":1,"name":"Startseite","item":"https:\/\/www.secklerwein.de\/shop\/"},{"@type":"ListItem","position":2,"name":"Echtheit von Bewertungen"}]},{"@type":"WebSite","@id":"https:\/\/www.secklerwein.de\/shop\/#website","url":"https:\/\/www.secklerwein.de\/shop\/","name":"Weingut Seckler","description":"","publisher":{"@id":"https:\/\/www.secklerwein.de\/shop\/#organization"},"potentialAction":[{"@type":"SearchAction","target":{"@type":"EntryPoint","urlTemplate":"https:\/\/www.secklerwein.de\/shop\/?s={search_term_string}"},"query-input":{"@type":"PropertyValueSpecification","valueRequired":true,"valueName":"search_term_string"}}],"inLanguage":"de"},{"@type":"Organization","@id":"https:\/\/www.secklerwein.de\/shop\/#organization","name":"Weingut Seckler","url":"https:\/\/www.secklerwein.de\/shop\/","logo":{"@type":"ImageObject","inLanguage":"de","@id":"https:\/\/www.secklerwein.de\/shop\/#\/schema\/logo\/image\/","url":"https:\/\/www.secklerwein.de\/shop\/wp-content\/uploads\/2022\/02\/logo.png","contentUrl":"https:\/\/www.secklerwein.de\/shop\/wp-content\/uploads\/2022\/02\/logo.png","width":743,"height":254,"caption":"Weingut Seckler"},"image":{"@id":"https:\/\/www.secklerwein.de\/shop\/#\/schema\/logo\/image\/"}}]}},"_links":{"self":[{"href":"https:\/\/www.secklerwein.de\/shop\/wp-json\/wp\/v2\/pages\/3223","targetHints":{"allow":["GET"]}}],"collection":[{"href":"https:\/\/www.secklerwein.de\/shop\/wp-json\/wp\/v2\/pages"}],"about":[{"href":"https:\/\/www.secklerwein.de\/shop\/wp-json\/wp\/v2\/types\/page"}],"author":[{"embeddable":true,"href":"https:\/\/www.secklerwein.de\/shop\/wp-json\/wp\/v2\/users\/1"}],"replies":[{"embeddable":true,"href":"https:\/\/www.secklerwein.de\/shop\/wp-json\/wp\/v2\/comments?post=3223"}],"version-history":[{"count":2,"href":"https:\/\/www.secklerwein.de\/shop\/wp-json\/wp\/v2\/pages\/3223\/revisions"}],"predecessor-version":[{"id":3253,"href":"https:\/\/www.secklerwein.de\/shop\/wp-json\/wp\/v2\/pages\/3223\/revisions\/3253"}],"wp:attachment":[{"href":"https:\/\/www.secklerwein.de\/shop\/wp-json\/wp\/v2\/media?parent=3223"}],"curies":[{"name":"wp","href":"https:\/\/api.w.org\/{rel}","templated":true}]}}