{"id":35,"date":"2018-09-05T08:20:00","date_gmt":"2018-09-05T06:20:00","guid":{"rendered":"https:\/\/www.secklerwein.de\/?page_id=35"},"modified":"2024-11-27T17:29:30","modified_gmt":"2024-11-27T16:29:30","slug":"versandarten","status":"publish","type":"page","link":"https:\/\/www.secklerwein.de\/shop\/versandarten\/","title":{"rendered":"Versand"},"content":{"rendered":"\n<h2 class=\"wp-block-heading\">Versand und Versandkosten<br><\/h2>\n\n\n\n<p>Alle Preise verstehen sich inklusive Glas, Verpackung und der gesetzlichen<br>Mehrwertsteuer ab Weingut.<\/p>\n\n\n\n<p><strong>Versand innerhalb Deutschland:<\/strong><br>Der Versand innnerhalb Deutschlands erfolgt ab 12 Flaschen versandkostenfrei. F\u00fcr weniger als 12 Flaschen pro Bestellung berechnen wir eine Versandkostenpauschale von 5,90 Euro.<br>Der Versand erfolgt per DHL in speziellen zertifizierten PTZ-Kartons, in den Verpackungseinheiten: 6er und 12er Karton.<br>F\u00fcr den sicheren Versand bitten wir immer um Einhaltung der vollen Verpackungseinheit.<br>Bei einer Bestellung ab 96 Flaschen ist der Versand per Spedition in unseren originalen 6er Weinkartons m\u00f6glich.<\/p>\n\n\n\n<p><strong>Versand innerhalb der europ\u00e4ischen Union:<\/strong><br>In andere EU-L\u00e4nder liefern wir per DHL in 6er, 12er und 15er\u00a0Versandkartons.<br>Die Versandkosten betragen 15,50 Euro pro 12er oder 15er Versandkarton (12 oder 15 Flaschen). Pro 6er Versandkarton (6 Flaschen) 18,50 Euro.<br>Bei einer Bestellung ab 90 Flaschen ist der EU-Versand per Spedition zu g\u00fcnstigeren Konditionen m\u00f6glich. Bitte fragen Sie uns f\u00fcr ein Preisangebot f\u00fcr Ihre Region.<\/p>\n\n\n\n<p><\/p>\n\n\n\n<p><strong>Lieferzeit<\/strong><br>Wir bearbeiten ihre Bestellung sofort.&nbsp;Die Lieferung der Waren erfolgt innerhalb 2 -7 Werktagen (wochentags, ohne Feiertage) nach Abschluss des Vertrages bzw. Zeitpunkt der Zahlungsanweisung bei der Bank durch den Kunden.<\/p>\n","protected":false},"excerpt":{"rendered":"<p>Versand und Versandkosten Alle Preise verstehen sich inklusive Glas, Verpackung und der gesetzlichenMehrwertsteuer ab Weingut. Versand innerhalb Deutschland:Der Versand innnerhalb Deutschlands erfolgt ab 12 Flaschen versandkostenfrei. F\u00fcr weniger als 12 Flaschen pro Bestellung berechnen wir eine Versandkostenpauschale von 5,90 Euro.Der Versand erfolgt per DHL in speziellen zertifizierten PTZ-Kartons, in den Verpackungseinheiten: 6er und 12er Karton.F\u00fcr [&hellip;]<\/p>\n","protected":false},"author":1,"featured_media":0,"parent":0,"menu_order":0,"comment_status":"closed","ping_status":"closed","template":"","meta":{"site-sidebar-layout":"default","site-content-layout":"","ast-site-content-layout":"default","site-content-style":"default","site-sidebar-style":"default","ast-global-header-display":"","ast-banner-title-visibility":"","ast-main-header-display":"","ast-hfb-above-header-display":"","ast-hfb-below-header-display":"","ast-hfb-mobile-header-display":"","site-post-title":"","ast-breadcrumbs-content":"","ast-featured-img":"","footer-sml-layout":"","theme-transparent-header-meta":"","adv-header-id-meta":"","stick-header-meta":"","header-above-stick-meta":"","header-main-stick-meta":"","header-below-stick-meta":"","astra-migrate-meta-layouts":"set","ast-page-background-enabled":"default","ast-page-background-meta":{"desktop":{"background-color":"var(--ast-global-color-4)","background-image":"","background-repeat":"repeat","background-position":"center center","background-size":"auto","background-attachment":"scroll","background-type":"","background-media":"","overlay-type":"","overlay-color":"","overlay-opacity":"","overlay-gradient":""},"tablet":{"background-color":"","background-image":"","background-repeat":"repeat","background-position":"center center","background-size":"auto","background-attachment":"scroll","background-type":"","background-media":"","overlay-type":"","overlay-color":"","overlay-opacity":"","overlay-gradient":""},"mobile":{"background-color":"","background-image":"","background-repeat":"repeat","background-position":"center center","background-size":"auto","background-attachment":"scroll","background-type":"","background-media":"","overlay-type":"","overlay-color":"","overlay-opacity":"","overlay-gradient":""}},"ast-content-background-meta":{"desktop":{"background-color":"var(--ast-global-color-5)","background-image":"","background-repeat":"repeat","background-position":"center center","background-size":"auto","background-attachment":"scroll","background-type":"","background-media":"","overlay-type":"","overlay-color":"","overlay-opacity":"","overlay-gradient":""},"tablet":{"background-color":"var(--ast-global-color-5)","background-image":"","background-repeat":"repeat","background-position":"center center","background-size":"auto","background-attachment":"scroll","background-type":"","background-media":"","overlay-type":"","overlay-color":"","overlay-opacity":"","overlay-gradient":""},"mobile":{"background-color":"var(--ast-global-color-5)","background-image":"","background-repeat":"repeat","background-position":"center center","background-size":"auto","background-attachment":"scroll","background-type":"","background-media":"","overlay-type":"","overlay-color":"","overlay-opacity":"","overlay-gradient":""}},"footnotes":""},"class_list":["post-35","page","type-page","status-publish","hentry"],"yoast_head":"<!-- This site is optimized with the Yoast SEO plugin v27.4 - https:\/\/yoast.com\/product\/yoast-seo-wordpress\/ -->\n<title>Versand - Weingut Seckler<\/title>\n<meta name=\"robots\" content=\"index, follow, max-snippet:-1, max-image-preview:large, max-video-preview:-1\" \/>\n<link rel=\"canonical\" href=\"https:\/\/www.secklerwein.de\/shop\/versandarten\/\" \/>\n<meta property=\"og:locale\" content=\"de_DE\" \/>\n<meta property=\"og:type\" content=\"article\" \/>\n<meta property=\"og:title\" content=\"Versand - Weingut Seckler\" \/>\n<meta property=\"og:description\" content=\"Versand und Versandkosten Alle Preise verstehen sich inklusive Glas, Verpackung und der gesetzlichenMehrwertsteuer ab Weingut. Versand innerhalb Deutschland:Der Versand innnerhalb Deutschlands erfolgt ab 12 Flaschen versandkostenfrei. F\u00fcr weniger als 12 Flaschen pro Bestellung berechnen wir eine Versandkostenpauschale von 5,90 Euro.Der Versand erfolgt per DHL in speziellen zertifizierten PTZ-Kartons, in den Verpackungseinheiten: 6er und 12er Karton.F\u00fcr [&hellip;]\" \/>\n<meta property=\"og:url\" content=\"https:\/\/www.secklerwein.de\/shop\/versandarten\/\" \/>\n<meta property=\"og:site_name\" content=\"Weingut Seckler\" \/>\n<meta property=\"article:modified_time\" content=\"2024-11-27T16:29:30+00:00\" \/>\n<meta name=\"twitter:card\" content=\"summary_large_image\" \/>\n<meta name=\"twitter:label1\" content=\"Gesch\u00e4tzte Lesezeit\" \/>\n\t<meta name=\"twitter:data1\" content=\"2\u00a0Minuten\" \/>\n<script type=\"application\/ld+json\" class=\"yoast-schema-graph\">{\"@context\":\"https:\\\/\\\/schema.org\",\"@graph\":[{\"@type\":\"WebPage\",\"@id\":\"https:\\\/\\\/www.secklerwein.de\\\/shop\\\/versandarten\\\/\",\"url\":\"https:\\\/\\\/www.secklerwein.de\\\/shop\\\/versandarten\\\/\",\"name\":\"Versand - Weingut Seckler\",\"isPartOf\":{\"@id\":\"https:\\\/\\\/www.secklerwein.de\\\/shop\\\/#website\"},\"datePublished\":\"2018-09-05T06:20:00+00:00\",\"dateModified\":\"2024-11-27T16:29:30+00:00\",\"breadcrumb\":{\"@id\":\"https:\\\/\\\/www.secklerwein.de\\\/shop\\\/versandarten\\\/#breadcrumb\"},\"inLanguage\":\"de\",\"potentialAction\":[{\"@type\":\"ReadAction\",\"target\":[\"https:\\\/\\\/www.secklerwein.de\\\/shop\\\/versandarten\\\/\"]}]},{\"@type\":\"BreadcrumbList\",\"@id\":\"https:\\\/\\\/www.secklerwein.de\\\/shop\\\/versandarten\\\/#breadcrumb\",\"itemListElement\":[{\"@type\":\"ListItem\",\"position\":1,\"name\":\"Startseite\",\"item\":\"https:\\\/\\\/www.secklerwein.de\\\/shop\\\/\"},{\"@type\":\"ListItem\",\"position\":2,\"name\":\"Versand\"}]},{\"@type\":\"WebSite\",\"@id\":\"https:\\\/\\\/www.secklerwein.de\\\/shop\\\/#website\",\"url\":\"https:\\\/\\\/www.secklerwein.de\\\/shop\\\/\",\"name\":\"Weingut Seckler\",\"description\":\"\",\"publisher\":{\"@id\":\"https:\\\/\\\/www.secklerwein.de\\\/shop\\\/#organization\"},\"potentialAction\":[{\"@type\":\"SearchAction\",\"target\":{\"@type\":\"EntryPoint\",\"urlTemplate\":\"https:\\\/\\\/www.secklerwein.de\\\/shop\\\/?s={search_term_string}\"},\"query-input\":{\"@type\":\"PropertyValueSpecification\",\"valueRequired\":true,\"valueName\":\"search_term_string\"}}],\"inLanguage\":\"de\"},{\"@type\":\"Organization\",\"@id\":\"https:\\\/\\\/www.secklerwein.de\\\/shop\\\/#organization\",\"name\":\"Weingut Seckler\",\"url\":\"https:\\\/\\\/www.secklerwein.de\\\/shop\\\/\",\"logo\":{\"@type\":\"ImageObject\",\"inLanguage\":\"de\",\"@id\":\"https:\\\/\\\/www.secklerwein.de\\\/shop\\\/#\\\/schema\\\/logo\\\/image\\\/\",\"url\":\"https:\\\/\\\/www.secklerwein.de\\\/shop\\\/wp-content\\\/uploads\\\/2022\\\/02\\\/logo.png\",\"contentUrl\":\"https:\\\/\\\/www.secklerwein.de\\\/shop\\\/wp-content\\\/uploads\\\/2022\\\/02\\\/logo.png\",\"width\":743,\"height\":254,\"caption\":\"Weingut Seckler\"},\"image\":{\"@id\":\"https:\\\/\\\/www.secklerwein.de\\\/shop\\\/#\\\/schema\\\/logo\\\/image\\\/\"}}]}<\/script>\n<!-- \/ Yoast SEO plugin. -->","yoast_head_json":{"title":"Versand - Weingut Seckler","robots":{"index":"index","follow":"follow","max-snippet":"max-snippet:-1","max-image-preview":"max-image-preview:large","max-video-preview":"max-video-preview:-1"},"canonical":"https:\/\/www.secklerwein.de\/shop\/versandarten\/","og_locale":"de_DE","og_type":"article","og_title":"Versand - Weingut Seckler","og_description":"Versand und Versandkosten Alle Preise verstehen sich inklusive Glas, Verpackung und der gesetzlichenMehrwertsteuer ab Weingut. Versand innerhalb Deutschland:Der Versand innnerhalb Deutschlands erfolgt ab 12 Flaschen versandkostenfrei. F\u00fcr weniger als 12 Flaschen pro Bestellung berechnen wir eine Versandkostenpauschale von 5,90 Euro.Der Versand erfolgt per DHL in speziellen zertifizierten PTZ-Kartons, in den Verpackungseinheiten: 6er und 12er Karton.F\u00fcr [&hellip;]","og_url":"https:\/\/www.secklerwein.de\/shop\/versandarten\/","og_site_name":"Weingut Seckler","article_modified_time":"2024-11-27T16:29:30+00:00","twitter_card":"summary_large_image","twitter_misc":{"Gesch\u00e4tzte Lesezeit":"2\u00a0Minuten"},"schema":{"@context":"https:\/\/schema.org","@graph":[{"@type":"WebPage","@id":"https:\/\/www.secklerwein.de\/shop\/versandarten\/","url":"https:\/\/www.secklerwein.de\/shop\/versandarten\/","name":"Versand - Weingut Seckler","isPartOf":{"@id":"https:\/\/www.secklerwein.de\/shop\/#website"},"datePublished":"2018-09-05T06:20:00+00:00","dateModified":"2024-11-27T16:29:30+00:00","breadcrumb":{"@id":"https:\/\/www.secklerwein.de\/shop\/versandarten\/#breadcrumb"},"inLanguage":"de","potentialAction":[{"@type":"ReadAction","target":["https:\/\/www.secklerwein.de\/shop\/versandarten\/"]}]},{"@type":"BreadcrumbList","@id":"https:\/\/www.secklerwein.de\/shop\/versandarten\/#breadcrumb","itemListElement":[{"@type":"ListItem","position":1,"name":"Startseite","item":"https:\/\/www.secklerwein.de\/shop\/"},{"@type":"ListItem","position":2,"name":"Versand"}]},{"@type":"WebSite","@id":"https:\/\/www.secklerwein.de\/shop\/#website","url":"https:\/\/www.secklerwein.de\/shop\/","name":"Weingut Seckler","description":"","publisher":{"@id":"https:\/\/www.secklerwein.de\/shop\/#organization"},"potentialAction":[{"@type":"SearchAction","target":{"@type":"EntryPoint","urlTemplate":"https:\/\/www.secklerwein.de\/shop\/?s={search_term_string}"},"query-input":{"@type":"PropertyValueSpecification","valueRequired":true,"valueName":"search_term_string"}}],"inLanguage":"de"},{"@type":"Organization","@id":"https:\/\/www.secklerwein.de\/shop\/#organization","name":"Weingut Seckler","url":"https:\/\/www.secklerwein.de\/shop\/","logo":{"@type":"ImageObject","inLanguage":"de","@id":"https:\/\/www.secklerwein.de\/shop\/#\/schema\/logo\/image\/","url":"https:\/\/www.secklerwein.de\/shop\/wp-content\/uploads\/2022\/02\/logo.png","contentUrl":"https:\/\/www.secklerwein.de\/shop\/wp-content\/uploads\/2022\/02\/logo.png","width":743,"height":254,"caption":"Weingut Seckler"},"image":{"@id":"https:\/\/www.secklerwein.de\/shop\/#\/schema\/logo\/image\/"}}]}},"_links":{"self":[{"href":"https:\/\/www.secklerwein.de\/shop\/wp-json\/wp\/v2\/pages\/35","targetHints":{"allow":["GET"]}}],"collection":[{"href":"https:\/\/www.secklerwein.de\/shop\/wp-json\/wp\/v2\/pages"}],"about":[{"href":"https:\/\/www.secklerwein.de\/shop\/wp-json\/wp\/v2\/types\/page"}],"author":[{"embeddable":true,"href":"https:\/\/www.secklerwein.de\/shop\/wp-json\/wp\/v2\/users\/1"}],"replies":[{"embeddable":true,"href":"https:\/\/www.secklerwein.de\/shop\/wp-json\/wp\/v2\/comments?post=35"}],"version-history":[{"count":51,"href":"https:\/\/www.secklerwein.de\/shop\/wp-json\/wp\/v2\/pages\/35\/revisions"}],"predecessor-version":[{"id":5230,"href":"https:\/\/www.secklerwein.de\/shop\/wp-json\/wp\/v2\/pages\/35\/revisions\/5230"}],"wp:attachment":[{"href":"https:\/\/www.secklerwein.de\/shop\/wp-json\/wp\/v2\/media?parent=35"}],"curies":[{"name":"wp","href":"https:\/\/api.w.org\/{rel}","templated":true}]}}