{"id":267,"date":"2018-11-05T13:16:33","date_gmt":"2018-11-05T11:16:33","guid":{"rendered":"https:\/\/www.secklerwein.de\/shop\/?post_type=product&#038;p=267"},"modified":"2024-11-21T20:15:10","modified_gmt":"2024-11-21T19:15:10","slug":"07-weissburgunder-riesling-trocken-seckler-jeckybeng","status":"publish","type":"product","link":"https:\/\/www.secklerwein.de\/shop\/weine\/07-weissburgunder-riesling-trocken-seckler-jeckybeng\/","title":{"rendered":"2023 Wei\u00dfburgunder &#038; Riesling trocken<br>Seckler &#038; Jeckybeng"},"content":{"rendered":"<p>Alkohol: 12,0% vol | S\u00e4ure: 5,9 g\/l | Rests\u00fc\u00dfe: 7,0 g\/l<br \/>\nInhalt: 0,75 Liter<br \/>\nWeinart: Wei\u00dfwein<br \/>\nJahrgang: 2023<br \/>\nRebsorte: Wei\u00dfburgunder und Riesling<br \/>\nGeschmacksrichtung: trocken<br \/>\nQualit\u00e4tsstufe: Qualit\u00e4tswein, Gutsabf\u00fcllung<br \/>\nWeinanbaugebiet: Nahe<br \/>\nHerkunftsland: Deutschland<br \/>\nAbf\u00fcller: Weingut Seckler, Naheweinstra\u00dfe 38, 55444 Schweppenhausen<br \/>\nAllergene: enth\u00e4lt Sulfite<\/p>\n","protected":false},"excerpt":{"rendered":"<p>Der Wei\u00dfburgunder und Riesling trocken -Seckler&amp;Jeckybeng- sticht als Cuv\u00e9e mit ausdrucksstarkem und vielschichtigen Charakter aus unserem Weinsortiment hervor.<\/p>\n<p>In der siebten Auflage unseres erfolgreichen Kollaborationsweins, bleibt unser gemeinsames Ideal unver\u00e4ndert. Durch den naturverbunden Anbau und unsere gewissenhafte Vinifizierung erzeugen wir nachhaltige, urspr\u00fcngliche Produkte. Unsere gemeinsame Leidenschaft, nicht nur f\u00fcr traditionelle Herstellung, sondern auch f\u00fcr erstklassigen Genuss, wird in diesem Wein gelebt.<\/p>\n<p>Im Jahrgang 2023 vereinen sich wieder die beiden klassischen Rebsorten Wei\u00dfer Burgunder und Riesling.<\/p>\n<p>Unser Wei\u00dfburgunder kommt aus den sonnenverw\u00f6hnten Tallagen des Schweppenh\u00e4user Schlossgartens. Den Riesling ernten wir in den steilen Weinbergen des Otterbergs. Dort wachsen unsere 30 Jahre alten Rieslingweinst\u00f6cke auf urspr\u00fcnglichem Quarzitgestein.<\/p>\n<p>So erschaffen wir gemeinsam mit unserem Kollaborationspartner JECKYBENG aus ausgew\u00e4hlten Weinbergen einen hochwertigen und authentischen Wei\u00dfwein, dessen Charakteristik vom Terroir dieser besonderen Standorte gepr\u00e4gt ist.<\/p>\n<p>Finessenreiche Fruchtaromatik, lebendige Frische gepaart mit eleganter und langanhaltender F\u00fclle machen den Wei\u00dfburgunder und Riesling trocken -Seckler&amp;Jeckybeng-, gemeinsam mit seiner besonderen Herstellungsgeschichte, zu einem ganz besonderen Genuss.<\/p>\n<p>Jeckybeng<br \/>\n<a href=\"http:\/\/www.jeckybeng.com\/\" target=\"_blank\" rel=\"nofollow noopener noreferrer\">http:\/\/www.jeckybeng.com\/<\/a><\/p>\n<p>Interview mit Frank Seckler<br \/>\n<a href=\"https:\/\/www.jeckybeng.com\/blogs\/stories\/interview-mit-winzer-frank-seckler\" target=\"_blank\" rel=\"nofollow noopener noreferrer\">http:\/\/www.jeckybeng.com\/2017\/07\/interview-mit-frank-seckler-winzer\/<\/a><\/p>\n<p>&nbsp;<\/p>\n","protected":false},"featured_media":5200,"comment_status":"open","ping_status":"closed","template":"","meta":{"site-sidebar-layout":"default","site-content-layout":"default","ast-site-content-layout":"default","site-content-style":"default","site-sidebar-style":"default","ast-global-header-display":"","ast-banner-title-visibility":"","ast-main-header-display":"","ast-hfb-above-header-display":"","ast-hfb-below-header-display":"","ast-hfb-mobile-header-display":"","site-post-title":"","ast-breadcrumbs-content":"","ast-featured-img":"","footer-sml-layout":"","theme-transparent-header-meta":"default","adv-header-id-meta":"","stick-header-meta":"default","header-above-stick-meta":"","header-main-stick-meta":"","header-below-stick-meta":"","astra-migrate-meta-layouts":"set","ast-page-background-enabled":"default","ast-page-background-meta":{"desktop":{"background-color":"var(--ast-global-color-4)","background-image":"","background-repeat":"repeat","background-position":"center center","background-size":"auto","background-attachment":"scroll","background-type":"","background-media":"","overlay-type":"","overlay-color":"","overlay-opacity":"","overlay-gradient":""},"tablet":{"background-color":"","background-image":"","background-repeat":"repeat","background-position":"center center","background-size":"auto","background-attachment":"scroll","background-type":"","background-media":"","overlay-type":"","overlay-color":"","overlay-opacity":"","overlay-gradient":""},"mobile":{"background-color":"","background-image":"","background-repeat":"repeat","background-position":"center center","background-size":"auto","background-attachment":"scroll","background-type":"","background-media":"","overlay-type":"","overlay-color":"","overlay-opacity":"","overlay-gradient":""}},"ast-content-background-meta":{"desktop":{"background-color":"var(--ast-global-color-5)","background-image":"","background-repeat":"repeat","background-position":"center center","background-size":"auto","background-attachment":"scroll","background-type":"","background-media":"","overlay-type":"","overlay-color":"","overlay-opacity":"","overlay-gradient":""},"tablet":{"background-color":"var(--ast-global-color-5)","background-image":"","background-repeat":"repeat","background-position":"center center","background-size":"auto","background-attachment":"scroll","background-type":"","background-media":"","overlay-type":"","overlay-color":"","overlay-opacity":"","overlay-gradient":""},"mobile":{"background-color":"var(--ast-global-color-5)","background-image":"","background-repeat":"repeat","background-position":"center center","background-size":"auto","background-attachment":"scroll","background-type":"","background-media":"","overlay-type":"","overlay-color":"","overlay-opacity":"","overlay-gradient":""}}},"product_brand":[],"product_cat":[16],"product_tag":[],"class_list":{"0":"post-267","1":"product","2":"type-product","3":"status-publish","4":"has-post-thumbnail","6":"product_cat-weissweine","7":"desktop-align-center","8":"tablet-align-center","9":"mobile-align-center","10":"ast-product-gallery-layout-vertical","11":"ast-magnify-disabled","12":"ast-product-tabs-layout-horizontal","14":"first","15":"instock","16":"taxable","17":"shipping-taxable","18":"purchasable","19":"product-type-simple"},"yoast_head":"<!-- This site is optimized with the Yoast SEO plugin v27.4 - https:\/\/yoast.com\/product\/yoast-seo-wordpress\/ -->\n<title>2023 Wei\u00dfburgunder &amp; Riesling trockenSeckler &amp; Jeckybeng - Weingut Seckler<\/title>\n<meta name=\"robots\" content=\"index, follow, max-snippet:-1, max-image-preview:large, max-video-preview:-1\" \/>\n<link rel=\"canonical\" href=\"https:\/\/www.secklerwein.de\/shop\/weine\/07-weissburgunder-riesling-trocken-seckler-jeckybeng\/\" \/>\n<meta property=\"og:locale\" content=\"de_DE\" \/>\n<meta property=\"og:type\" content=\"article\" \/>\n<meta property=\"og:title\" content=\"2023 Wei\u00dfburgunder &amp; Riesling trockenSeckler &amp; Jeckybeng - Weingut Seckler\" \/>\n<meta property=\"og:description\" content=\"Der Wei\u00dfburgunder und Riesling trocken -Seckler&amp;Jeckybeng- sticht als Cuv\u00e9e mit ausdrucksstarkem und vielschichtigen Charakter aus unserem Weinsortiment hervor.  In der siebten Auflage unseres erfolgreichen Kollaborationsweins, bleibt unser gemeinsames Ideal unver\u00e4ndert. Durch den naturverbunden Anbau und unsere gewissenhafte Vinifizierung erzeugen wir nachhaltige, urspr\u00fcngliche Produkte. Unsere gemeinsame Leidenschaft, nicht nur f\u00fcr traditionelle Herstellung, sondern auch f\u00fcr erstklassigen Genuss, wird in diesem Wein gelebt.  Im Jahrgang 2023 vereinen sich wieder die beiden klassischen Rebsorten Wei\u00dfer Burgunder und Riesling.  Unser Wei\u00dfburgunder kommt aus den sonnenverw\u00f6hnten Tallagen des Schweppenh\u00e4user Schlossgartens. Den Riesling ernten wir in den steilen Weinbergen des Otterbergs. Dort wachsen unsere 30 Jahre alten Rieslingweinst\u00f6cke auf urspr\u00fcnglichem Quarzitgestein.  So erschaffen wir gemeinsam mit unserem Kollaborationspartner JECKYBENG aus ausgew\u00e4hlten Weinbergen einen hochwertigen und authentischen Wei\u00dfwein, dessen Charakteristik vom Terroir dieser besonderen Standorte gepr\u00e4gt ist.  Finessenreiche Fruchtaromatik, lebendige Frische gepaart mit eleganter und langanhaltender F\u00fclle machen den Wei\u00dfburgunder und Riesling trocken -Seckler&amp;Jeckybeng-, gemeinsam mit seiner besonderen Herstellungsgeschichte, zu einem ganz besonderen Genuss.  Jeckybeng http:\/\/www.jeckybeng.com\/  Interview mit Frank Seckler http:\/\/www.jeckybeng.com\/2017\/07\/interview-mit-frank-seckler-winzer\/  &nbsp;\" \/>\n<meta property=\"og:url\" content=\"https:\/\/www.secklerwein.de\/shop\/weine\/07-weissburgunder-riesling-trocken-seckler-jeckybeng\/\" \/>\n<meta property=\"og:site_name\" content=\"Weingut Seckler\" \/>\n<meta property=\"article:modified_time\" content=\"2024-11-21T19:15:10+00:00\" \/>\n<meta property=\"og:image\" content=\"https:\/\/www.secklerwein.de\/shop\/wp-content\/uploads\/2018\/11\/07-2023-WeissburgunderRiesling-trocken-SecklerJeckybeng-front.png\" \/>\n\t<meta property=\"og:image:width\" content=\"377\" \/>\n\t<meta property=\"og:image:height\" content=\"1200\" \/>\n\t<meta property=\"og:image:type\" content=\"image\/png\" \/>\n<meta name=\"twitter:card\" content=\"summary_large_image\" \/>\n<meta name=\"twitter:label1\" content=\"Gesch\u00e4tzte Lesezeit\" \/>\n\t<meta name=\"twitter:data1\" content=\"1\u00a0Minute\" \/>\n<script type=\"application\/ld+json\" class=\"yoast-schema-graph\">{\"@context\":\"https:\\\/\\\/schema.org\",\"@graph\":[{\"@type\":\"WebPage\",\"@id\":\"https:\\\/\\\/www.secklerwein.de\\\/shop\\\/weine\\\/07-weissburgunder-riesling-trocken-seckler-jeckybeng\\\/\",\"url\":\"https:\\\/\\\/www.secklerwein.de\\\/shop\\\/weine\\\/07-weissburgunder-riesling-trocken-seckler-jeckybeng\\\/\",\"name\":\"2023 Wei\u00dfburgunder & Riesling trocken Seckler & Jeckybeng - Weingut Seckler\",\"isPartOf\":{\"@id\":\"https:\\\/\\\/www.secklerwein.de\\\/shop\\\/#website\"},\"primaryImageOfPage\":{\"@id\":\"https:\\\/\\\/www.secklerwein.de\\\/shop\\\/weine\\\/07-weissburgunder-riesling-trocken-seckler-jeckybeng\\\/#primaryimage\"},\"image\":{\"@id\":\"https:\\\/\\\/www.secklerwein.de\\\/shop\\\/weine\\\/07-weissburgunder-riesling-trocken-seckler-jeckybeng\\\/#primaryimage\"},\"thumbnailUrl\":\"https:\\\/\\\/www.secklerwein.de\\\/shop\\\/wp-content\\\/uploads\\\/2018\\\/11\\\/07-2023-WeissburgunderRiesling-trocken-SecklerJeckybeng-front.png\",\"datePublished\":\"2018-11-05T11:16:33+00:00\",\"dateModified\":\"2024-11-21T19:15:10+00:00\",\"breadcrumb\":{\"@id\":\"https:\\\/\\\/www.secklerwein.de\\\/shop\\\/weine\\\/07-weissburgunder-riesling-trocken-seckler-jeckybeng\\\/#breadcrumb\"},\"inLanguage\":\"de\",\"potentialAction\":[{\"@type\":\"ReadAction\",\"target\":[\"https:\\\/\\\/www.secklerwein.de\\\/shop\\\/weine\\\/07-weissburgunder-riesling-trocken-seckler-jeckybeng\\\/\"]}]},{\"@type\":\"ImageObject\",\"inLanguage\":\"de\",\"@id\":\"https:\\\/\\\/www.secklerwein.de\\\/shop\\\/weine\\\/07-weissburgunder-riesling-trocken-seckler-jeckybeng\\\/#primaryimage\",\"url\":\"https:\\\/\\\/www.secklerwein.de\\\/shop\\\/wp-content\\\/uploads\\\/2018\\\/11\\\/07-2023-WeissburgunderRiesling-trocken-SecklerJeckybeng-front.png\",\"contentUrl\":\"https:\\\/\\\/www.secklerwein.de\\\/shop\\\/wp-content\\\/uploads\\\/2018\\\/11\\\/07-2023-WeissburgunderRiesling-trocken-SecklerJeckybeng-front.png\",\"width\":377,\"height\":1200},{\"@type\":\"BreadcrumbList\",\"@id\":\"https:\\\/\\\/www.secklerwein.de\\\/shop\\\/weine\\\/07-weissburgunder-riesling-trocken-seckler-jeckybeng\\\/#breadcrumb\",\"itemListElement\":[{\"@type\":\"ListItem\",\"position\":1,\"name\":\"Startseite\",\"item\":\"https:\\\/\\\/www.secklerwein.de\\\/shop\\\/\"},{\"@type\":\"ListItem\",\"position\":2,\"name\":\"Privat: Shop-Seite\",\"item\":\"https:\\\/\\\/www.secklerwein.de\\\/shop\\\/?page_id=200\"},{\"@type\":\"ListItem\",\"position\":3,\"name\":\"2023 Wei\u00dfburgunder &#038; Riesling trockenSeckler &#038; Jeckybeng\"}]},{\"@type\":\"WebSite\",\"@id\":\"https:\\\/\\\/www.secklerwein.de\\\/shop\\\/#website\",\"url\":\"https:\\\/\\\/www.secklerwein.de\\\/shop\\\/\",\"name\":\"Weingut Seckler\",\"description\":\"\",\"publisher\":{\"@id\":\"https:\\\/\\\/www.secklerwein.de\\\/shop\\\/#organization\"},\"potentialAction\":[{\"@type\":\"SearchAction\",\"target\":{\"@type\":\"EntryPoint\",\"urlTemplate\":\"https:\\\/\\\/www.secklerwein.de\\\/shop\\\/?s={search_term_string}\"},\"query-input\":{\"@type\":\"PropertyValueSpecification\",\"valueRequired\":true,\"valueName\":\"search_term_string\"}}],\"inLanguage\":\"de\"},{\"@type\":\"Organization\",\"@id\":\"https:\\\/\\\/www.secklerwein.de\\\/shop\\\/#organization\",\"name\":\"Weingut Seckler\",\"url\":\"https:\\\/\\\/www.secklerwein.de\\\/shop\\\/\",\"logo\":{\"@type\":\"ImageObject\",\"inLanguage\":\"de\",\"@id\":\"https:\\\/\\\/www.secklerwein.de\\\/shop\\\/#\\\/schema\\\/logo\\\/image\\\/\",\"url\":\"https:\\\/\\\/www.secklerwein.de\\\/shop\\\/wp-content\\\/uploads\\\/2022\\\/02\\\/logo.png\",\"contentUrl\":\"https:\\\/\\\/www.secklerwein.de\\\/shop\\\/wp-content\\\/uploads\\\/2022\\\/02\\\/logo.png\",\"width\":743,\"height\":254,\"caption\":\"Weingut Seckler\"},\"image\":{\"@id\":\"https:\\\/\\\/www.secklerwein.de\\\/shop\\\/#\\\/schema\\\/logo\\\/image\\\/\"}}]}<\/script>\n<!-- \/ Yoast SEO plugin. -->","yoast_head_json":{"title":"2023 Wei\u00dfburgunder & Riesling trockenSeckler & Jeckybeng - Weingut Seckler","robots":{"index":"index","follow":"follow","max-snippet":"max-snippet:-1","max-image-preview":"max-image-preview:large","max-video-preview":"max-video-preview:-1"},"canonical":"https:\/\/www.secklerwein.de\/shop\/weine\/07-weissburgunder-riesling-trocken-seckler-jeckybeng\/","og_locale":"de_DE","og_type":"article","og_title":"2023 Wei\u00dfburgunder & Riesling trockenSeckler & Jeckybeng - Weingut Seckler","og_description":"Der Wei\u00dfburgunder und Riesling trocken -Seckler&amp;Jeckybeng- sticht als Cuv\u00e9e mit ausdrucksstarkem und vielschichtigen Charakter aus unserem Weinsortiment hervor.  In der siebten Auflage unseres erfolgreichen Kollaborationsweins, bleibt unser gemeinsames Ideal unver\u00e4ndert. Durch den naturverbunden Anbau und unsere gewissenhafte Vinifizierung erzeugen wir nachhaltige, urspr\u00fcngliche Produkte. Unsere gemeinsame Leidenschaft, nicht nur f\u00fcr traditionelle Herstellung, sondern auch f\u00fcr erstklassigen Genuss, wird in diesem Wein gelebt.  Im Jahrgang 2023 vereinen sich wieder die beiden klassischen Rebsorten Wei\u00dfer Burgunder und Riesling.  Unser Wei\u00dfburgunder kommt aus den sonnenverw\u00f6hnten Tallagen des Schweppenh\u00e4user Schlossgartens. Den Riesling ernten wir in den steilen Weinbergen des Otterbergs. Dort wachsen unsere 30 Jahre alten Rieslingweinst\u00f6cke auf urspr\u00fcnglichem Quarzitgestein.  So erschaffen wir gemeinsam mit unserem Kollaborationspartner JECKYBENG aus ausgew\u00e4hlten Weinbergen einen hochwertigen und authentischen Wei\u00dfwein, dessen Charakteristik vom Terroir dieser besonderen Standorte gepr\u00e4gt ist.  Finessenreiche Fruchtaromatik, lebendige Frische gepaart mit eleganter und langanhaltender F\u00fclle machen den Wei\u00dfburgunder und Riesling trocken -Seckler&amp;Jeckybeng-, gemeinsam mit seiner besonderen Herstellungsgeschichte, zu einem ganz besonderen Genuss.  Jeckybeng http:\/\/www.jeckybeng.com\/  Interview mit Frank Seckler http:\/\/www.jeckybeng.com\/2017\/07\/interview-mit-frank-seckler-winzer\/  &nbsp;","og_url":"https:\/\/www.secklerwein.de\/shop\/weine\/07-weissburgunder-riesling-trocken-seckler-jeckybeng\/","og_site_name":"Weingut Seckler","article_modified_time":"2024-11-21T19:15:10+00:00","og_image":[{"width":377,"height":1200,"url":"https:\/\/www.secklerwein.de\/shop\/wp-content\/uploads\/2018\/11\/07-2023-WeissburgunderRiesling-trocken-SecklerJeckybeng-front.png","type":"image\/png"}],"twitter_card":"summary_large_image","twitter_misc":{"Gesch\u00e4tzte Lesezeit":"1\u00a0Minute"},"schema":{"@context":"https:\/\/schema.org","@graph":[{"@type":"WebPage","@id":"https:\/\/www.secklerwein.de\/shop\/weine\/07-weissburgunder-riesling-trocken-seckler-jeckybeng\/","url":"https:\/\/www.secklerwein.de\/shop\/weine\/07-weissburgunder-riesling-trocken-seckler-jeckybeng\/","name":"2023 Wei\u00dfburgunder & Riesling trocken Seckler & Jeckybeng - Weingut Seckler","isPartOf":{"@id":"https:\/\/www.secklerwein.de\/shop\/#website"},"primaryImageOfPage":{"@id":"https:\/\/www.secklerwein.de\/shop\/weine\/07-weissburgunder-riesling-trocken-seckler-jeckybeng\/#primaryimage"},"image":{"@id":"https:\/\/www.secklerwein.de\/shop\/weine\/07-weissburgunder-riesling-trocken-seckler-jeckybeng\/#primaryimage"},"thumbnailUrl":"https:\/\/www.secklerwein.de\/shop\/wp-content\/uploads\/2018\/11\/07-2023-WeissburgunderRiesling-trocken-SecklerJeckybeng-front.png","datePublished":"2018-11-05T11:16:33+00:00","dateModified":"2024-11-21T19:15:10+00:00","breadcrumb":{"@id":"https:\/\/www.secklerwein.de\/shop\/weine\/07-weissburgunder-riesling-trocken-seckler-jeckybeng\/#breadcrumb"},"inLanguage":"de","potentialAction":[{"@type":"ReadAction","target":["https:\/\/www.secklerwein.de\/shop\/weine\/07-weissburgunder-riesling-trocken-seckler-jeckybeng\/"]}]},{"@type":"ImageObject","inLanguage":"de","@id":"https:\/\/www.secklerwein.de\/shop\/weine\/07-weissburgunder-riesling-trocken-seckler-jeckybeng\/#primaryimage","url":"https:\/\/www.secklerwein.de\/shop\/wp-content\/uploads\/2018\/11\/07-2023-WeissburgunderRiesling-trocken-SecklerJeckybeng-front.png","contentUrl":"https:\/\/www.secklerwein.de\/shop\/wp-content\/uploads\/2018\/11\/07-2023-WeissburgunderRiesling-trocken-SecklerJeckybeng-front.png","width":377,"height":1200},{"@type":"BreadcrumbList","@id":"https:\/\/www.secklerwein.de\/shop\/weine\/07-weissburgunder-riesling-trocken-seckler-jeckybeng\/#breadcrumb","itemListElement":[{"@type":"ListItem","position":1,"name":"Startseite","item":"https:\/\/www.secklerwein.de\/shop\/"},{"@type":"ListItem","position":2,"name":"Privat: Shop-Seite","item":"https:\/\/www.secklerwein.de\/shop\/?page_id=200"},{"@type":"ListItem","position":3,"name":"2023 Wei\u00dfburgunder &#038; Riesling trockenSeckler &#038; Jeckybeng"}]},{"@type":"WebSite","@id":"https:\/\/www.secklerwein.de\/shop\/#website","url":"https:\/\/www.secklerwein.de\/shop\/","name":"Weingut Seckler","description":"","publisher":{"@id":"https:\/\/www.secklerwein.de\/shop\/#organization"},"potentialAction":[{"@type":"SearchAction","target":{"@type":"EntryPoint","urlTemplate":"https:\/\/www.secklerwein.de\/shop\/?s={search_term_string}"},"query-input":{"@type":"PropertyValueSpecification","valueRequired":true,"valueName":"search_term_string"}}],"inLanguage":"de"},{"@type":"Organization","@id":"https:\/\/www.secklerwein.de\/shop\/#organization","name":"Weingut Seckler","url":"https:\/\/www.secklerwein.de\/shop\/","logo":{"@type":"ImageObject","inLanguage":"de","@id":"https:\/\/www.secklerwein.de\/shop\/#\/schema\/logo\/image\/","url":"https:\/\/www.secklerwein.de\/shop\/wp-content\/uploads\/2022\/02\/logo.png","contentUrl":"https:\/\/www.secklerwein.de\/shop\/wp-content\/uploads\/2022\/02\/logo.png","width":743,"height":254,"caption":"Weingut Seckler"},"image":{"@id":"https:\/\/www.secklerwein.de\/shop\/#\/schema\/logo\/image\/"}}]}},"_links":{"self":[{"href":"https:\/\/www.secklerwein.de\/shop\/wp-json\/wp\/v2\/product\/267","targetHints":{"allow":["GET"]}}],"collection":[{"href":"https:\/\/www.secklerwein.de\/shop\/wp-json\/wp\/v2\/product"}],"about":[{"href":"https:\/\/www.secklerwein.de\/shop\/wp-json\/wp\/v2\/types\/product"}],"replies":[{"embeddable":true,"href":"https:\/\/www.secklerwein.de\/shop\/wp-json\/wp\/v2\/comments?post=267"}],"wp:featuredmedia":[{"embeddable":true,"href":"https:\/\/www.secklerwein.de\/shop\/wp-json\/wp\/v2\/media\/5200"}],"wp:attachment":[{"href":"https:\/\/www.secklerwein.de\/shop\/wp-json\/wp\/v2\/media?parent=267"}],"wp:term":[{"taxonomy":"product_brand","embeddable":true,"href":"https:\/\/www.secklerwein.de\/shop\/wp-json\/wp\/v2\/product_brand?post=267"},{"taxonomy":"product_cat","embeddable":true,"href":"https:\/\/www.secklerwein.de\/shop\/wp-json\/wp\/v2\/product_cat?post=267"},{"taxonomy":"product_tag","embeddable":true,"href":"https:\/\/www.secklerwein.de\/shop\/wp-json\/wp\/v2\/product_tag?post=267"}],"curies":[{"name":"wp","href":"https:\/\/api.w.org\/{rel}","templated":true}]}}