{"id":279,"date":"2018-11-05T13:49:54","date_gmt":"2018-11-05T12:49:54","guid":{"rendered":"https:\/\/www.secklerwein.de\/shop\/?post_type=product&#038;p=279"},"modified":"2025-07-09T09:59:02","modified_gmt":"2025-07-09T08:59:02","slug":"23-spaetburgunder-blanc-de-noir-feinherb","status":"publish","type":"product","link":"https:\/\/www.secklerwein.de\/shop\/weine\/23-spaetburgunder-blanc-de-noir-feinherb\/","title":{"rendered":"2024 Sp\u00e4tburgunder feinherb<br>-blanc de noir-"},"content":{"rendered":"<p>Alkohol: 11,5% vol | S\u00e4ure: 6,2 g\/l | Rests\u00fc\u00dfe: 10,5 g\/l<br \/>\nInhalt: 0,75 Liter<br \/>\nWeinart: Wei\u00dfherbst<br \/>\nJahrgang: 2024<br \/>\nRebsorte: Sp\u00e4tburgunder<br \/>\nGeschmacksrichtung: feinherb<br \/>\nQualit\u00e4tsstufe: Qualit\u00e4tswein, Gutsabf\u00fcllung<br \/>\nWeinanbaugebiet: Nahe<br \/>\nHerkunftsland: Deutschland<br \/>\nAbf\u00fcller: Weingut Seckler, Naheweinstra\u00dfe 38, 55444 Schweppenhausen<br \/>\nAllergene: enth\u00e4lt Sulfite<\/p>\n<p>100 ml enthalten durchschnittlich:<br \/>\nBrennwert 302 kJ\/73 kcal<br \/>\nFett &lt; 0,5 g<br \/>\ndavon ges\u00e4ttigte Fetts\u00e4uren &lt; 0,1 g<br \/>\nKohlenhydrate 2,0 g<br \/>\ndavon Zucker 1,0 g<br \/>\nEiwei\u00df &lt; 0,5 g<br \/>\nSalz &lt; 0,01 g<\/p>\n<p>Zutaten: Trauben, Stabilisator: Metaweins\u00e4ure, Antioxidantien: <strong>Sulfite<\/strong><\/p>\n","protected":false},"excerpt":{"rendered":"<p>Unser Sp\u00e4tburgunder blanc de noir pr\u00e4sentiert sich frisch und ausdrucksstark. <strong>Der Weinjahrgang 2024 war perfekt f\u00fcr die Erzeugung eines Sp\u00e4tburgunder -blanc der noir-. Unbedingt probieren!<\/strong><\/p>\n<p>Aus dem Zusammenspiel gesunder Trauben und Kelterung als ganze Beere k\u00f6nnen wir die Farbstoffe aus den Sp\u00e4tburgunder Trauben ohne geringsten Qualit\u00e4tsverlust fast ganz zur\u00fcckhalten. Nur so erhalten wir die einmalige Farbe dieses Weines.<\/p>\n<p>Gleichzeitig bietet sein ausgewogener und harmonischer Burgundercharakter facettenreichen Trinkgenuss.<\/p>\n<p>&nbsp;<\/p>\n","protected":false},"featured_media":5781,"comment_status":"open","ping_status":"closed","template":"","meta":{"site-sidebar-layout":"default","site-content-layout":"default","ast-site-content-layout":"default","site-content-style":"default","site-sidebar-style":"default","ast-global-header-display":"","ast-banner-title-visibility":"","ast-main-header-display":"","ast-hfb-above-header-display":"","ast-hfb-below-header-display":"","ast-hfb-mobile-header-display":"","site-post-title":"","ast-breadcrumbs-content":"","ast-featured-img":"","footer-sml-layout":"","theme-transparent-header-meta":"default","adv-header-id-meta":"","stick-header-meta":"default","header-above-stick-meta":"","header-main-stick-meta":"","header-below-stick-meta":"","astra-migrate-meta-layouts":"set","ast-page-background-enabled":"default","ast-page-background-meta":{"desktop":{"background-color":"var(--ast-global-color-4)","background-image":"","background-repeat":"repeat","background-position":"center center","background-size":"auto","background-attachment":"scroll","background-type":"","background-media":"","overlay-type":"","overlay-color":"","overlay-opacity":"","overlay-gradient":""},"tablet":{"background-color":"","background-image":"","background-repeat":"repeat","background-position":"center center","background-size":"auto","background-attachment":"scroll","background-type":"","background-media":"","overlay-type":"","overlay-color":"","overlay-opacity":"","overlay-gradient":""},"mobile":{"background-color":"","background-image":"","background-repeat":"repeat","background-position":"center center","background-size":"auto","background-attachment":"scroll","background-type":"","background-media":"","overlay-type":"","overlay-color":"","overlay-opacity":"","overlay-gradient":""}},"ast-content-background-meta":{"desktop":{"background-color":"var(--ast-global-color-5)","background-image":"","background-repeat":"repeat","background-position":"center center","background-size":"auto","background-attachment":"scroll","background-type":"","background-media":"","overlay-type":"","overlay-color":"","overlay-opacity":"","overlay-gradient":""},"tablet":{"background-color":"var(--ast-global-color-5)","background-image":"","background-repeat":"repeat","background-position":"center center","background-size":"auto","background-attachment":"scroll","background-type":"","background-media":"","overlay-type":"","overlay-color":"","overlay-opacity":"","overlay-gradient":""},"mobile":{"background-color":"var(--ast-global-color-5)","background-image":"","background-repeat":"repeat","background-position":"center center","background-size":"auto","background-attachment":"scroll","background-type":"","background-media":"","overlay-type":"","overlay-color":"","overlay-opacity":"","overlay-gradient":""}}},"product_brand":[],"product_cat":[16,33],"product_tag":[],"class_list":{"0":"post-279","1":"product","2":"type-product","3":"status-publish","4":"has-post-thumbnail","6":"product_cat-weissweine","7":"product_cat-roseweine","8":"desktop-align-center","9":"tablet-align-center","10":"mobile-align-center","11":"ast-product-gallery-layout-vertical","12":"ast-magnify-disabled","13":"ast-product-tabs-layout-horizontal","15":"first","16":"instock","17":"taxable","18":"shipping-taxable","19":"purchasable","20":"product-type-simple"},"yoast_head":"<!-- This site is optimized with the Yoast SEO plugin v27.4 - https:\/\/yoast.com\/product\/yoast-seo-wordpress\/ -->\n<title>2024 Sp\u00e4tburgunder feinherb-blanc de noir- Weingut Seckler<\/title>\n<meta name=\"robots\" content=\"index, follow, max-snippet:-1, max-image-preview:large, max-video-preview:-1\" \/>\n<link rel=\"canonical\" href=\"https:\/\/www.secklerwein.de\/shop\/weine\/23-spaetburgunder-blanc-de-noir-feinherb\/\" \/>\n<meta property=\"og:locale\" content=\"de_DE\" \/>\n<meta property=\"og:type\" content=\"article\" \/>\n<meta property=\"og:title\" content=\"2024 Sp\u00e4tburgunder feinherb-blanc de noir- Weingut Seckler\" \/>\n<meta property=\"og:description\" content=\"Unser Sp\u00e4tburgunder blanc de noir pr\u00e4sentiert sich frisch und ausdrucksstark. Der Weinjahrgang 2024 war perfekt f\u00fcr die Erzeugung eines Sp\u00e4tburgunder -blanc der noir-. Unbedingt probieren!  Aus dem Zusammenspiel gesunder Trauben und Kelterung als ganze Beere k\u00f6nnen wir die Farbstoffe aus den Sp\u00e4tburgunder Trauben ohne geringsten Qualit\u00e4tsverlust fast ganz zur\u00fcckhalten. Nur so erhalten wir die einmalige Farbe dieses Weines.  Gleichzeitig bietet sein ausgewogener und harmonischer Burgundercharakter facettenreichen Trinkgenuss.  &nbsp;\" \/>\n<meta property=\"og:url\" content=\"https:\/\/www.secklerwein.de\/shop\/weine\/23-spaetburgunder-blanc-de-noir-feinherb\/\" \/>\n<meta property=\"og:site_name\" content=\"Weingut Seckler\" \/>\n<meta property=\"article:modified_time\" content=\"2025-07-09T08:59:02+00:00\" \/>\n<meta property=\"og:image\" content=\"https:\/\/www.secklerwein.de\/shop\/wp-content\/uploads\/2018\/11\/23-2024-Spaetburgunder-blanc-de-noir-front.png\" \/>\n\t<meta property=\"og:image:width\" content=\"377\" \/>\n\t<meta property=\"og:image:height\" content=\"1200\" \/>\n\t<meta property=\"og:image:type\" content=\"image\/png\" \/>\n<meta name=\"twitter:card\" content=\"summary_large_image\" \/>\n<meta name=\"twitter:label1\" content=\"Gesch\u00e4tzte Lesezeit\" \/>\n\t<meta name=\"twitter:data1\" content=\"1\u00a0Minute\" \/>\n<script type=\"application\/ld+json\" class=\"yoast-schema-graph\">{\"@context\":\"https:\\\/\\\/schema.org\",\"@graph\":[{\"@type\":\"WebPage\",\"@id\":\"https:\\\/\\\/www.secklerwein.de\\\/shop\\\/weine\\\/23-spaetburgunder-blanc-de-noir-feinherb\\\/\",\"url\":\"https:\\\/\\\/www.secklerwein.de\\\/shop\\\/weine\\\/23-spaetburgunder-blanc-de-noir-feinherb\\\/\",\"name\":\"2024 Sp\u00e4tburgunder feinherb -blanc de noir- Weingut Seckler\",\"isPartOf\":{\"@id\":\"https:\\\/\\\/www.secklerwein.de\\\/shop\\\/#website\"},\"primaryImageOfPage\":{\"@id\":\"https:\\\/\\\/www.secklerwein.de\\\/shop\\\/weine\\\/23-spaetburgunder-blanc-de-noir-feinherb\\\/#primaryimage\"},\"image\":{\"@id\":\"https:\\\/\\\/www.secklerwein.de\\\/shop\\\/weine\\\/23-spaetburgunder-blanc-de-noir-feinherb\\\/#primaryimage\"},\"thumbnailUrl\":\"https:\\\/\\\/www.secklerwein.de\\\/shop\\\/wp-content\\\/uploads\\\/2018\\\/11\\\/23-2024-Spaetburgunder-blanc-de-noir-front.png\",\"datePublished\":\"2018-11-05T12:49:54+00:00\",\"dateModified\":\"2025-07-09T08:59:02+00:00\",\"breadcrumb\":{\"@id\":\"https:\\\/\\\/www.secklerwein.de\\\/shop\\\/weine\\\/23-spaetburgunder-blanc-de-noir-feinherb\\\/#breadcrumb\"},\"inLanguage\":\"de\",\"potentialAction\":[{\"@type\":\"ReadAction\",\"target\":[\"https:\\\/\\\/www.secklerwein.de\\\/shop\\\/weine\\\/23-spaetburgunder-blanc-de-noir-feinherb\\\/\"]}]},{\"@type\":\"ImageObject\",\"inLanguage\":\"de\",\"@id\":\"https:\\\/\\\/www.secklerwein.de\\\/shop\\\/weine\\\/23-spaetburgunder-blanc-de-noir-feinherb\\\/#primaryimage\",\"url\":\"https:\\\/\\\/www.secklerwein.de\\\/shop\\\/wp-content\\\/uploads\\\/2018\\\/11\\\/23-2024-Spaetburgunder-blanc-de-noir-front.png\",\"contentUrl\":\"https:\\\/\\\/www.secklerwein.de\\\/shop\\\/wp-content\\\/uploads\\\/2018\\\/11\\\/23-2024-Spaetburgunder-blanc-de-noir-front.png\",\"width\":377,\"height\":1200},{\"@type\":\"BreadcrumbList\",\"@id\":\"https:\\\/\\\/www.secklerwein.de\\\/shop\\\/weine\\\/23-spaetburgunder-blanc-de-noir-feinherb\\\/#breadcrumb\",\"itemListElement\":[{\"@type\":\"ListItem\",\"position\":1,\"name\":\"Startseite\",\"item\":\"https:\\\/\\\/www.secklerwein.de\\\/shop\\\/\"},{\"@type\":\"ListItem\",\"position\":2,\"name\":\"Privat: Shop-Seite\",\"item\":\"https:\\\/\\\/www.secklerwein.de\\\/shop\\\/?page_id=200\"},{\"@type\":\"ListItem\",\"position\":3,\"name\":\"2024 Sp\u00e4tburgunder feinherb-blanc de noir-\"}]},{\"@type\":\"WebSite\",\"@id\":\"https:\\\/\\\/www.secklerwein.de\\\/shop\\\/#website\",\"url\":\"https:\\\/\\\/www.secklerwein.de\\\/shop\\\/\",\"name\":\"Weingut Seckler\",\"description\":\"\",\"publisher\":{\"@id\":\"https:\\\/\\\/www.secklerwein.de\\\/shop\\\/#organization\"},\"potentialAction\":[{\"@type\":\"SearchAction\",\"target\":{\"@type\":\"EntryPoint\",\"urlTemplate\":\"https:\\\/\\\/www.secklerwein.de\\\/shop\\\/?s={search_term_string}\"},\"query-input\":{\"@type\":\"PropertyValueSpecification\",\"valueRequired\":true,\"valueName\":\"search_term_string\"}}],\"inLanguage\":\"de\"},{\"@type\":\"Organization\",\"@id\":\"https:\\\/\\\/www.secklerwein.de\\\/shop\\\/#organization\",\"name\":\"Weingut Seckler\",\"url\":\"https:\\\/\\\/www.secklerwein.de\\\/shop\\\/\",\"logo\":{\"@type\":\"ImageObject\",\"inLanguage\":\"de\",\"@id\":\"https:\\\/\\\/www.secklerwein.de\\\/shop\\\/#\\\/schema\\\/logo\\\/image\\\/\",\"url\":\"https:\\\/\\\/www.secklerwein.de\\\/shop\\\/wp-content\\\/uploads\\\/2022\\\/02\\\/logo.png\",\"contentUrl\":\"https:\\\/\\\/www.secklerwein.de\\\/shop\\\/wp-content\\\/uploads\\\/2022\\\/02\\\/logo.png\",\"width\":743,\"height\":254,\"caption\":\"Weingut Seckler\"},\"image\":{\"@id\":\"https:\\\/\\\/www.secklerwein.de\\\/shop\\\/#\\\/schema\\\/logo\\\/image\\\/\"}}]}<\/script>\n<!-- \/ Yoast SEO plugin. -->","yoast_head_json":{"title":"2024 Sp\u00e4tburgunder feinherb-blanc de noir- Weingut Seckler","robots":{"index":"index","follow":"follow","max-snippet":"max-snippet:-1","max-image-preview":"max-image-preview:large","max-video-preview":"max-video-preview:-1"},"canonical":"https:\/\/www.secklerwein.de\/shop\/weine\/23-spaetburgunder-blanc-de-noir-feinherb\/","og_locale":"de_DE","og_type":"article","og_title":"2024 Sp\u00e4tburgunder feinherb-blanc de noir- Weingut Seckler","og_description":"Unser Sp\u00e4tburgunder blanc de noir pr\u00e4sentiert sich frisch und ausdrucksstark. Der Weinjahrgang 2024 war perfekt f\u00fcr die Erzeugung eines Sp\u00e4tburgunder -blanc der noir-. Unbedingt probieren!  Aus dem Zusammenspiel gesunder Trauben und Kelterung als ganze Beere k\u00f6nnen wir die Farbstoffe aus den Sp\u00e4tburgunder Trauben ohne geringsten Qualit\u00e4tsverlust fast ganz zur\u00fcckhalten. Nur so erhalten wir die einmalige Farbe dieses Weines.  Gleichzeitig bietet sein ausgewogener und harmonischer Burgundercharakter facettenreichen Trinkgenuss.  &nbsp;","og_url":"https:\/\/www.secklerwein.de\/shop\/weine\/23-spaetburgunder-blanc-de-noir-feinherb\/","og_site_name":"Weingut Seckler","article_modified_time":"2025-07-09T08:59:02+00:00","og_image":[{"width":377,"height":1200,"url":"https:\/\/www.secklerwein.de\/shop\/wp-content\/uploads\/2018\/11\/23-2024-Spaetburgunder-blanc-de-noir-front.png","type":"image\/png"}],"twitter_card":"summary_large_image","twitter_misc":{"Gesch\u00e4tzte Lesezeit":"1\u00a0Minute"},"schema":{"@context":"https:\/\/schema.org","@graph":[{"@type":"WebPage","@id":"https:\/\/www.secklerwein.de\/shop\/weine\/23-spaetburgunder-blanc-de-noir-feinherb\/","url":"https:\/\/www.secklerwein.de\/shop\/weine\/23-spaetburgunder-blanc-de-noir-feinherb\/","name":"2024 Sp\u00e4tburgunder feinherb -blanc de noir- Weingut Seckler","isPartOf":{"@id":"https:\/\/www.secklerwein.de\/shop\/#website"},"primaryImageOfPage":{"@id":"https:\/\/www.secklerwein.de\/shop\/weine\/23-spaetburgunder-blanc-de-noir-feinherb\/#primaryimage"},"image":{"@id":"https:\/\/www.secklerwein.de\/shop\/weine\/23-spaetburgunder-blanc-de-noir-feinherb\/#primaryimage"},"thumbnailUrl":"https:\/\/www.secklerwein.de\/shop\/wp-content\/uploads\/2018\/11\/23-2024-Spaetburgunder-blanc-de-noir-front.png","datePublished":"2018-11-05T12:49:54+00:00","dateModified":"2025-07-09T08:59:02+00:00","breadcrumb":{"@id":"https:\/\/www.secklerwein.de\/shop\/weine\/23-spaetburgunder-blanc-de-noir-feinherb\/#breadcrumb"},"inLanguage":"de","potentialAction":[{"@type":"ReadAction","target":["https:\/\/www.secklerwein.de\/shop\/weine\/23-spaetburgunder-blanc-de-noir-feinherb\/"]}]},{"@type":"ImageObject","inLanguage":"de","@id":"https:\/\/www.secklerwein.de\/shop\/weine\/23-spaetburgunder-blanc-de-noir-feinherb\/#primaryimage","url":"https:\/\/www.secklerwein.de\/shop\/wp-content\/uploads\/2018\/11\/23-2024-Spaetburgunder-blanc-de-noir-front.png","contentUrl":"https:\/\/www.secklerwein.de\/shop\/wp-content\/uploads\/2018\/11\/23-2024-Spaetburgunder-blanc-de-noir-front.png","width":377,"height":1200},{"@type":"BreadcrumbList","@id":"https:\/\/www.secklerwein.de\/shop\/weine\/23-spaetburgunder-blanc-de-noir-feinherb\/#breadcrumb","itemListElement":[{"@type":"ListItem","position":1,"name":"Startseite","item":"https:\/\/www.secklerwein.de\/shop\/"},{"@type":"ListItem","position":2,"name":"Privat: Shop-Seite","item":"https:\/\/www.secklerwein.de\/shop\/?page_id=200"},{"@type":"ListItem","position":3,"name":"2024 Sp\u00e4tburgunder feinherb-blanc de noir-"}]},{"@type":"WebSite","@id":"https:\/\/www.secklerwein.de\/shop\/#website","url":"https:\/\/www.secklerwein.de\/shop\/","name":"Weingut Seckler","description":"","publisher":{"@id":"https:\/\/www.secklerwein.de\/shop\/#organization"},"potentialAction":[{"@type":"SearchAction","target":{"@type":"EntryPoint","urlTemplate":"https:\/\/www.secklerwein.de\/shop\/?s={search_term_string}"},"query-input":{"@type":"PropertyValueSpecification","valueRequired":true,"valueName":"search_term_string"}}],"inLanguage":"de"},{"@type":"Organization","@id":"https:\/\/www.secklerwein.de\/shop\/#organization","name":"Weingut Seckler","url":"https:\/\/www.secklerwein.de\/shop\/","logo":{"@type":"ImageObject","inLanguage":"de","@id":"https:\/\/www.secklerwein.de\/shop\/#\/schema\/logo\/image\/","url":"https:\/\/www.secklerwein.de\/shop\/wp-content\/uploads\/2022\/02\/logo.png","contentUrl":"https:\/\/www.secklerwein.de\/shop\/wp-content\/uploads\/2022\/02\/logo.png","width":743,"height":254,"caption":"Weingut Seckler"},"image":{"@id":"https:\/\/www.secklerwein.de\/shop\/#\/schema\/logo\/image\/"}}]}},"_links":{"self":[{"href":"https:\/\/www.secklerwein.de\/shop\/wp-json\/wp\/v2\/product\/279","targetHints":{"allow":["GET"]}}],"collection":[{"href":"https:\/\/www.secklerwein.de\/shop\/wp-json\/wp\/v2\/product"}],"about":[{"href":"https:\/\/www.secklerwein.de\/shop\/wp-json\/wp\/v2\/types\/product"}],"replies":[{"embeddable":true,"href":"https:\/\/www.secklerwein.de\/shop\/wp-json\/wp\/v2\/comments?post=279"}],"wp:featuredmedia":[{"embeddable":true,"href":"https:\/\/www.secklerwein.de\/shop\/wp-json\/wp\/v2\/media\/5781"}],"wp:attachment":[{"href":"https:\/\/www.secklerwein.de\/shop\/wp-json\/wp\/v2\/media?parent=279"}],"wp:term":[{"taxonomy":"product_brand","embeddable":true,"href":"https:\/\/www.secklerwein.de\/shop\/wp-json\/wp\/v2\/product_brand?post=279"},{"taxonomy":"product_cat","embeddable":true,"href":"https:\/\/www.secklerwein.de\/shop\/wp-json\/wp\/v2\/product_cat?post=279"},{"taxonomy":"product_tag","embeddable":true,"href":"https:\/\/www.secklerwein.de\/shop\/wp-json\/wp\/v2\/product_tag?post=279"}],"curies":[{"name":"wp","href":"https:\/\/api.w.org\/{rel}","templated":true}]}}