{"id":361,"date":"2018-11-19T11:43:37","date_gmt":"2018-11-19T10:43:37","guid":{"rendered":"https:\/\/www.secklerwein.de\/shop\/?post_type=product&#038;p=361"},"modified":"2026-02-20T21:02:40","modified_gmt":"2026-02-20T20:02:40","slug":"62-spaetburgunder-mit-accent","status":"publish","type":"product","link":"https:\/\/www.secklerwein.de\/shop\/weine\/62-spaetburgunder-mit-accent\/","title":{"rendered":"2021 Sp\u00e4tburgunder mit Accent, Cuv\u00e9e"},"content":{"rendered":"<p>Alkohol: 11,5% vol | S\u00e4ure: 4,5 g\/l | Rests\u00fc\u00dfe: 25,0 g\/l<br \/>\nInhalt: 0,75 Liter<br \/>\nJahrgang: 2021<br \/>\nWeinart: Rotwein<br \/>\nRebsorte: Sp\u00e4tburgunder und Accent<br \/>\nGeschmacksrichtung: lieblich<br \/>\nQualit\u00e4tsstufe: Qualit\u00e4tswein, Gutsabf\u00fcllung<br \/>\nWeinanbaugebiet: Nahe<br \/>\nHerkunftsland: Deutschland<br \/>\nAbf\u00fcller: Weingut Seckler, Naheweinstra\u00dfe 38, 55444 Schweppenhausen<br \/>\nAllergene: enth\u00e4lt Sulfite<\/p>\n","protected":false},"excerpt":{"rendered":"<p>Unser Rotwein Cuv\u00e9e aus den beiden Rebsorten Sp\u00e4tburgunder und Accent ist ein Rotwein mit intensiver Frucht und charmanter S\u00fc\u00dfe. Das perfekte Zusammenwirken der markanten Tanninsstruktur\u00a0 mit der zarten Rests\u00fc\u00dfe verleihen ihr im Geschmack eine fast endlos wirkende Harmonie mit viel Substanz.<\/p>\n<p>Im Zusammenspiel mit einer ausgepr\u00e4gten Aromatik nach Beeren pr\u00e4sentiert sich dieser Rotwein Cuv\u00e9e vollmundig, weich und gehaltvoll. Die geschmeidige S\u00e4ure und die feinen Tannine geben ihm einen warmen und charmanten Charakter, der im Nachhall jedoch nicht zu s\u00fc\u00df ist.<\/p>\n<p>&nbsp;<\/p>\n","protected":false},"featured_media":4377,"comment_status":"open","ping_status":"closed","template":"","meta":{"site-sidebar-layout":"default","site-content-layout":"default","ast-site-content-layout":"default","site-content-style":"default","site-sidebar-style":"default","ast-global-header-display":"","ast-banner-title-visibility":"","ast-main-header-display":"","ast-hfb-above-header-display":"","ast-hfb-below-header-display":"","ast-hfb-mobile-header-display":"","site-post-title":"","ast-breadcrumbs-content":"","ast-featured-img":"","footer-sml-layout":"","theme-transparent-header-meta":"default","adv-header-id-meta":"","stick-header-meta":"default","header-above-stick-meta":"","header-main-stick-meta":"","header-below-stick-meta":"","astra-migrate-meta-layouts":"set","ast-page-background-enabled":"default","ast-page-background-meta":{"desktop":{"background-color":"var(--ast-global-color-4)","background-image":"","background-repeat":"repeat","background-position":"center center","background-size":"auto","background-attachment":"scroll","background-type":"","background-media":"","overlay-type":"","overlay-color":"","overlay-opacity":"","overlay-gradient":""},"tablet":{"background-color":"","background-image":"","background-repeat":"repeat","background-position":"center center","background-size":"auto","background-attachment":"scroll","background-type":"","background-media":"","overlay-type":"","overlay-color":"","overlay-opacity":"","overlay-gradient":""},"mobile":{"background-color":"","background-image":"","background-repeat":"repeat","background-position":"center center","background-size":"auto","background-attachment":"scroll","background-type":"","background-media":"","overlay-type":"","overlay-color":"","overlay-opacity":"","overlay-gradient":""}},"ast-content-background-meta":{"desktop":{"background-color":"var(--ast-global-color-5)","background-image":"","background-repeat":"repeat","background-position":"center center","background-size":"auto","background-attachment":"scroll","background-type":"","background-media":"","overlay-type":"","overlay-color":"","overlay-opacity":"","overlay-gradient":""},"tablet":{"background-color":"var(--ast-global-color-5)","background-image":"","background-repeat":"repeat","background-position":"center center","background-size":"auto","background-attachment":"scroll","background-type":"","background-media":"","overlay-type":"","overlay-color":"","overlay-opacity":"","overlay-gradient":""},"mobile":{"background-color":"var(--ast-global-color-5)","background-image":"","background-repeat":"repeat","background-position":"center center","background-size":"auto","background-attachment":"scroll","background-type":"","background-media":"","overlay-type":"","overlay-color":"","overlay-opacity":"","overlay-gradient":""}}},"product_brand":[],"product_cat":[34],"product_tag":[],"class_list":{"0":"post-361","1":"product","2":"type-product","3":"status-publish","4":"has-post-thumbnail","6":"product_cat-rotweine","7":"desktop-align-center","8":"tablet-align-center","9":"mobile-align-center","10":"ast-product-gallery-layout-vertical","11":"ast-magnify-disabled","12":"ast-product-tabs-layout-horizontal","14":"first","15":"instock","16":"taxable","17":"shipping-taxable","18":"purchasable","19":"product-type-simple"},"yoast_head":"<!-- This site is optimized with the Yoast SEO plugin v27.4 - https:\/\/yoast.com\/product\/yoast-seo-wordpress\/ -->\n<title>2021 Sp\u00e4tburgunder mit Accent, Cuv\u00e9e - Weingut Seckler<\/title>\n<meta name=\"robots\" content=\"index, follow, max-snippet:-1, max-image-preview:large, max-video-preview:-1\" \/>\n<link rel=\"canonical\" href=\"https:\/\/www.secklerwein.de\/shop\/weine\/62-spaetburgunder-mit-accent\/\" \/>\n<meta property=\"og:locale\" content=\"de_DE\" \/>\n<meta property=\"og:type\" content=\"article\" \/>\n<meta property=\"og:title\" content=\"2021 Sp\u00e4tburgunder mit Accent, Cuv\u00e9e - Weingut Seckler\" \/>\n<meta property=\"og:description\" content=\"Unser Rotwein Cuv\u00e9e aus den beiden Rebsorten Sp\u00e4tburgunder und Accent ist ein Rotwein mit intensiver Frucht und charmanter S\u00fc\u00dfe. Das perfekte Zusammenwirken der markanten Tanninsstruktur\u00a0 mit der zarten Rests\u00fc\u00dfe verleihen ihr im Geschmack eine fast endlos wirkende Harmonie mit viel Substanz.  Im Zusammenspiel mit einer ausgepr\u00e4gten Aromatik nach Beeren pr\u00e4sentiert sich dieser Rotwein Cuv\u00e9e vollmundig, weich und gehaltvoll. Die geschmeidige S\u00e4ure und die feinen Tannine geben ihm einen warmen und charmanten Charakter, der im Nachhall jedoch nicht zu s\u00fc\u00df ist.  &nbsp;\" \/>\n<meta property=\"og:url\" content=\"https:\/\/www.secklerwein.de\/shop\/weine\/62-spaetburgunder-mit-accent\/\" \/>\n<meta property=\"og:site_name\" content=\"Weingut Seckler\" \/>\n<meta property=\"article:modified_time\" content=\"2026-02-20T20:02:40+00:00\" \/>\n<meta property=\"og:image\" content=\"https:\/\/www.secklerwein.de\/shop\/wp-content\/uploads\/2018\/11\/62-2021-SpaetburgundermitAccent-front.png\" \/>\n\t<meta property=\"og:image:width\" content=\"377\" \/>\n\t<meta property=\"og:image:height\" content=\"1200\" \/>\n\t<meta property=\"og:image:type\" content=\"image\/png\" \/>\n<meta name=\"twitter:card\" content=\"summary_large_image\" \/>\n<meta name=\"twitter:label1\" content=\"Gesch\u00e4tzte Lesezeit\" \/>\n\t<meta name=\"twitter:data1\" content=\"1\u00a0Minute\" \/>\n<script type=\"application\/ld+json\" class=\"yoast-schema-graph\">{\"@context\":\"https:\\\/\\\/schema.org\",\"@graph\":[{\"@type\":\"WebPage\",\"@id\":\"https:\\\/\\\/www.secklerwein.de\\\/shop\\\/weine\\\/62-spaetburgunder-mit-accent\\\/\",\"url\":\"https:\\\/\\\/www.secklerwein.de\\\/shop\\\/weine\\\/62-spaetburgunder-mit-accent\\\/\",\"name\":\"2021 Sp\u00e4tburgunder mit Accent, Cuv\u00e9e - Weingut Seckler\",\"isPartOf\":{\"@id\":\"https:\\\/\\\/www.secklerwein.de\\\/shop\\\/#website\"},\"primaryImageOfPage\":{\"@id\":\"https:\\\/\\\/www.secklerwein.de\\\/shop\\\/weine\\\/62-spaetburgunder-mit-accent\\\/#primaryimage\"},\"image\":{\"@id\":\"https:\\\/\\\/www.secklerwein.de\\\/shop\\\/weine\\\/62-spaetburgunder-mit-accent\\\/#primaryimage\"},\"thumbnailUrl\":\"https:\\\/\\\/www.secklerwein.de\\\/shop\\\/wp-content\\\/uploads\\\/2018\\\/11\\\/62-2021-SpaetburgundermitAccent-front.png\",\"datePublished\":\"2018-11-19T10:43:37+00:00\",\"dateModified\":\"2026-02-20T20:02:40+00:00\",\"breadcrumb\":{\"@id\":\"https:\\\/\\\/www.secklerwein.de\\\/shop\\\/weine\\\/62-spaetburgunder-mit-accent\\\/#breadcrumb\"},\"inLanguage\":\"de\",\"potentialAction\":[{\"@type\":\"ReadAction\",\"target\":[\"https:\\\/\\\/www.secklerwein.de\\\/shop\\\/weine\\\/62-spaetburgunder-mit-accent\\\/\"]}]},{\"@type\":\"ImageObject\",\"inLanguage\":\"de\",\"@id\":\"https:\\\/\\\/www.secklerwein.de\\\/shop\\\/weine\\\/62-spaetburgunder-mit-accent\\\/#primaryimage\",\"url\":\"https:\\\/\\\/www.secklerwein.de\\\/shop\\\/wp-content\\\/uploads\\\/2018\\\/11\\\/62-2021-SpaetburgundermitAccent-front.png\",\"contentUrl\":\"https:\\\/\\\/www.secklerwein.de\\\/shop\\\/wp-content\\\/uploads\\\/2018\\\/11\\\/62-2021-SpaetburgundermitAccent-front.png\",\"width\":377,\"height\":1200},{\"@type\":\"BreadcrumbList\",\"@id\":\"https:\\\/\\\/www.secklerwein.de\\\/shop\\\/weine\\\/62-spaetburgunder-mit-accent\\\/#breadcrumb\",\"itemListElement\":[{\"@type\":\"ListItem\",\"position\":1,\"name\":\"Startseite\",\"item\":\"https:\\\/\\\/www.secklerwein.de\\\/shop\\\/\"},{\"@type\":\"ListItem\",\"position\":2,\"name\":\"Privat: Shop-Seite\",\"item\":\"https:\\\/\\\/www.secklerwein.de\\\/shop\\\/?page_id=200\"},{\"@type\":\"ListItem\",\"position\":3,\"name\":\"2021 Sp\u00e4tburgunder mit Accent, Cuv\u00e9e\"}]},{\"@type\":\"WebSite\",\"@id\":\"https:\\\/\\\/www.secklerwein.de\\\/shop\\\/#website\",\"url\":\"https:\\\/\\\/www.secklerwein.de\\\/shop\\\/\",\"name\":\"Weingut Seckler\",\"description\":\"\",\"publisher\":{\"@id\":\"https:\\\/\\\/www.secklerwein.de\\\/shop\\\/#organization\"},\"potentialAction\":[{\"@type\":\"SearchAction\",\"target\":{\"@type\":\"EntryPoint\",\"urlTemplate\":\"https:\\\/\\\/www.secklerwein.de\\\/shop\\\/?s={search_term_string}\"},\"query-input\":{\"@type\":\"PropertyValueSpecification\",\"valueRequired\":true,\"valueName\":\"search_term_string\"}}],\"inLanguage\":\"de\"},{\"@type\":\"Organization\",\"@id\":\"https:\\\/\\\/www.secklerwein.de\\\/shop\\\/#organization\",\"name\":\"Weingut Seckler\",\"url\":\"https:\\\/\\\/www.secklerwein.de\\\/shop\\\/\",\"logo\":{\"@type\":\"ImageObject\",\"inLanguage\":\"de\",\"@id\":\"https:\\\/\\\/www.secklerwein.de\\\/shop\\\/#\\\/schema\\\/logo\\\/image\\\/\",\"url\":\"https:\\\/\\\/www.secklerwein.de\\\/shop\\\/wp-content\\\/uploads\\\/2022\\\/02\\\/logo.png\",\"contentUrl\":\"https:\\\/\\\/www.secklerwein.de\\\/shop\\\/wp-content\\\/uploads\\\/2022\\\/02\\\/logo.png\",\"width\":743,\"height\":254,\"caption\":\"Weingut Seckler\"},\"image\":{\"@id\":\"https:\\\/\\\/www.secklerwein.de\\\/shop\\\/#\\\/schema\\\/logo\\\/image\\\/\"}}]}<\/script>\n<!-- \/ Yoast SEO plugin. -->","yoast_head_json":{"title":"2021 Sp\u00e4tburgunder mit Accent, Cuv\u00e9e - Weingut Seckler","robots":{"index":"index","follow":"follow","max-snippet":"max-snippet:-1","max-image-preview":"max-image-preview:large","max-video-preview":"max-video-preview:-1"},"canonical":"https:\/\/www.secklerwein.de\/shop\/weine\/62-spaetburgunder-mit-accent\/","og_locale":"de_DE","og_type":"article","og_title":"2021 Sp\u00e4tburgunder mit Accent, Cuv\u00e9e - Weingut Seckler","og_description":"Unser Rotwein Cuv\u00e9e aus den beiden Rebsorten Sp\u00e4tburgunder und Accent ist ein Rotwein mit intensiver Frucht und charmanter S\u00fc\u00dfe. Das perfekte Zusammenwirken der markanten Tanninsstruktur\u00a0 mit der zarten Rests\u00fc\u00dfe verleihen ihr im Geschmack eine fast endlos wirkende Harmonie mit viel Substanz.  Im Zusammenspiel mit einer ausgepr\u00e4gten Aromatik nach Beeren pr\u00e4sentiert sich dieser Rotwein Cuv\u00e9e vollmundig, weich und gehaltvoll. Die geschmeidige S\u00e4ure und die feinen Tannine geben ihm einen warmen und charmanten Charakter, der im Nachhall jedoch nicht zu s\u00fc\u00df ist.  &nbsp;","og_url":"https:\/\/www.secklerwein.de\/shop\/weine\/62-spaetburgunder-mit-accent\/","og_site_name":"Weingut Seckler","article_modified_time":"2026-02-20T20:02:40+00:00","og_image":[{"width":377,"height":1200,"url":"https:\/\/www.secklerwein.de\/shop\/wp-content\/uploads\/2018\/11\/62-2021-SpaetburgundermitAccent-front.png","type":"image\/png"}],"twitter_card":"summary_large_image","twitter_misc":{"Gesch\u00e4tzte Lesezeit":"1\u00a0Minute"},"schema":{"@context":"https:\/\/schema.org","@graph":[{"@type":"WebPage","@id":"https:\/\/www.secklerwein.de\/shop\/weine\/62-spaetburgunder-mit-accent\/","url":"https:\/\/www.secklerwein.de\/shop\/weine\/62-spaetburgunder-mit-accent\/","name":"2021 Sp\u00e4tburgunder mit Accent, Cuv\u00e9e - Weingut Seckler","isPartOf":{"@id":"https:\/\/www.secklerwein.de\/shop\/#website"},"primaryImageOfPage":{"@id":"https:\/\/www.secklerwein.de\/shop\/weine\/62-spaetburgunder-mit-accent\/#primaryimage"},"image":{"@id":"https:\/\/www.secklerwein.de\/shop\/weine\/62-spaetburgunder-mit-accent\/#primaryimage"},"thumbnailUrl":"https:\/\/www.secklerwein.de\/shop\/wp-content\/uploads\/2018\/11\/62-2021-SpaetburgundermitAccent-front.png","datePublished":"2018-11-19T10:43:37+00:00","dateModified":"2026-02-20T20:02:40+00:00","breadcrumb":{"@id":"https:\/\/www.secklerwein.de\/shop\/weine\/62-spaetburgunder-mit-accent\/#breadcrumb"},"inLanguage":"de","potentialAction":[{"@type":"ReadAction","target":["https:\/\/www.secklerwein.de\/shop\/weine\/62-spaetburgunder-mit-accent\/"]}]},{"@type":"ImageObject","inLanguage":"de","@id":"https:\/\/www.secklerwein.de\/shop\/weine\/62-spaetburgunder-mit-accent\/#primaryimage","url":"https:\/\/www.secklerwein.de\/shop\/wp-content\/uploads\/2018\/11\/62-2021-SpaetburgundermitAccent-front.png","contentUrl":"https:\/\/www.secklerwein.de\/shop\/wp-content\/uploads\/2018\/11\/62-2021-SpaetburgundermitAccent-front.png","width":377,"height":1200},{"@type":"BreadcrumbList","@id":"https:\/\/www.secklerwein.de\/shop\/weine\/62-spaetburgunder-mit-accent\/#breadcrumb","itemListElement":[{"@type":"ListItem","position":1,"name":"Startseite","item":"https:\/\/www.secklerwein.de\/shop\/"},{"@type":"ListItem","position":2,"name":"Privat: Shop-Seite","item":"https:\/\/www.secklerwein.de\/shop\/?page_id=200"},{"@type":"ListItem","position":3,"name":"2021 Sp\u00e4tburgunder mit Accent, Cuv\u00e9e"}]},{"@type":"WebSite","@id":"https:\/\/www.secklerwein.de\/shop\/#website","url":"https:\/\/www.secklerwein.de\/shop\/","name":"Weingut Seckler","description":"","publisher":{"@id":"https:\/\/www.secklerwein.de\/shop\/#organization"},"potentialAction":[{"@type":"SearchAction","target":{"@type":"EntryPoint","urlTemplate":"https:\/\/www.secklerwein.de\/shop\/?s={search_term_string}"},"query-input":{"@type":"PropertyValueSpecification","valueRequired":true,"valueName":"search_term_string"}}],"inLanguage":"de"},{"@type":"Organization","@id":"https:\/\/www.secklerwein.de\/shop\/#organization","name":"Weingut Seckler","url":"https:\/\/www.secklerwein.de\/shop\/","logo":{"@type":"ImageObject","inLanguage":"de","@id":"https:\/\/www.secklerwein.de\/shop\/#\/schema\/logo\/image\/","url":"https:\/\/www.secklerwein.de\/shop\/wp-content\/uploads\/2022\/02\/logo.png","contentUrl":"https:\/\/www.secklerwein.de\/shop\/wp-content\/uploads\/2022\/02\/logo.png","width":743,"height":254,"caption":"Weingut Seckler"},"image":{"@id":"https:\/\/www.secklerwein.de\/shop\/#\/schema\/logo\/image\/"}}]}},"_links":{"self":[{"href":"https:\/\/www.secklerwein.de\/shop\/wp-json\/wp\/v2\/product\/361","targetHints":{"allow":["GET"]}}],"collection":[{"href":"https:\/\/www.secklerwein.de\/shop\/wp-json\/wp\/v2\/product"}],"about":[{"href":"https:\/\/www.secklerwein.de\/shop\/wp-json\/wp\/v2\/types\/product"}],"replies":[{"embeddable":true,"href":"https:\/\/www.secklerwein.de\/shop\/wp-json\/wp\/v2\/comments?post=361"}],"wp:featuredmedia":[{"embeddable":true,"href":"https:\/\/www.secklerwein.de\/shop\/wp-json\/wp\/v2\/media\/4377"}],"wp:attachment":[{"href":"https:\/\/www.secklerwein.de\/shop\/wp-json\/wp\/v2\/media?parent=361"}],"wp:term":[{"taxonomy":"product_brand","embeddable":true,"href":"https:\/\/www.secklerwein.de\/shop\/wp-json\/wp\/v2\/product_brand?post=361"},{"taxonomy":"product_cat","embeddable":true,"href":"https:\/\/www.secklerwein.de\/shop\/wp-json\/wp\/v2\/product_cat?post=361"},{"taxonomy":"product_tag","embeddable":true,"href":"https:\/\/www.secklerwein.de\/shop\/wp-json\/wp\/v2\/product_tag?post=361"}],"curies":[{"name":"wp","href":"https:\/\/api.w.org\/{rel}","templated":true}]}}