{"id":363,"date":"2018-11-19T11:46:44","date_gmt":"2018-11-19T10:46:44","guid":{"rendered":"https:\/\/www.secklerwein.de\/shop\/?post_type=product&#038;p=363"},"modified":"2025-12-30T20:24:39","modified_gmt":"2025-12-30T19:24:39","slug":"71-secklero-secco","status":"publish","type":"product","link":"https:\/\/www.secklerwein.de\/shop\/weine\/71-secklero-secco\/","title":{"rendered":"2024 Secco trocken -Secklero-"},"content":{"rendered":"<p>Alkohol: 11,0% vol | S\u00e4ure: 5,7 g\/l | Rests\u00fc\u00dfe: 17,0 g\/l<br \/>\nInhalt: 0,75 Liter<br \/>\nWeinart: Perlwein mit zugesetzter Kohlens\u00e4ure<br \/>\nJahrgang: 2024<br \/>\nGeschmacksrichtung: trocken<br \/>\nWeinanbaugebiet: Nahe<br \/>\nHerkunftsland: Deutschland<br \/>\nAbf\u00fcller: Weingut Seckler, Naheweinstra\u00dfe 38, 55444 Schweppenhausen<br \/>\nAllergene: enth\u00e4lt Sulfite<\/p>\n<p>100 ml enthalten durchschnittlich:<br \/>\nBrennwert 302 kJ\/73 kcal<br \/>\nFett &lt; 0,5 g<br \/>\ndavon ges\u00e4ttigte Fetts\u00e4uren &lt; 0,1 g<br \/>\nKohlenhydrate 2,6 g<br \/>\ndavon Zucker 1,7 g<br \/>\nEiwei\u00df &lt; 0,5 g<br \/>\nSalz &lt; 0,01 g<\/p>\n<p>Zutaten: Trauben, Saccharose, Kohlendioxid, Stabilisator: Metaweins\u00e4ure, Antioxidantien: <strong>Sulfite<\/strong><\/p>\n","protected":false},"excerpt":{"rendered":"<p>Seit der Ersteinf\u00fchrung im Jahr 2006 hat sich an der Grundidee, einen au\u00dfergew\u00f6hnlichen Secco zu erzeugen, nichts ge\u00e4ndert. Wir streben danach, jedes Jahr einen Secco zu kreieren, der Spa\u00df macht zu trinken und zu jedem Anlass mundet.<\/p>\n<p>Wir kombinieren hierf\u00fcr sich in idealerweise erg\u00e4nzende Wei\u00dfweine aus den Rebsorten Bacchus, Gelber Muskateller und Riesling. Dabei steht Aroma und Finesse immer an erster Stelle. Dieser Grundwein wird mit nat\u00fcrlicher weineigener Kohlens\u00e4ure zum Qualit\u00e4tsperlwein versetzt.<\/p>\n<p>Im Geschmack fruchtig fein, pr\u00e4sentiert sich der Secklero Secco als erfrischend-prickelnder aromatischer Genuss.<\/p>\n","protected":false},"featured_media":5665,"comment_status":"open","ping_status":"closed","template":"","meta":{"site-sidebar-layout":"default","site-content-layout":"default","ast-site-content-layout":"default","site-content-style":"default","site-sidebar-style":"default","ast-global-header-display":"","ast-banner-title-visibility":"","ast-main-header-display":"","ast-hfb-above-header-display":"","ast-hfb-below-header-display":"","ast-hfb-mobile-header-display":"","site-post-title":"","ast-breadcrumbs-content":"","ast-featured-img":"","footer-sml-layout":"","theme-transparent-header-meta":"default","adv-header-id-meta":"","stick-header-meta":"default","header-above-stick-meta":"","header-main-stick-meta":"","header-below-stick-meta":"","astra-migrate-meta-layouts":"set","ast-page-background-enabled":"default","ast-page-background-meta":{"desktop":{"background-color":"var(--ast-global-color-4)","background-image":"","background-repeat":"repeat","background-position":"center center","background-size":"auto","background-attachment":"scroll","background-type":"","background-media":"","overlay-type":"","overlay-color":"","overlay-opacity":"","overlay-gradient":""},"tablet":{"background-color":"","background-image":"","background-repeat":"repeat","background-position":"center center","background-size":"auto","background-attachment":"scroll","background-type":"","background-media":"","overlay-type":"","overlay-color":"","overlay-opacity":"","overlay-gradient":""},"mobile":{"background-color":"","background-image":"","background-repeat":"repeat","background-position":"center center","background-size":"auto","background-attachment":"scroll","background-type":"","background-media":"","overlay-type":"","overlay-color":"","overlay-opacity":"","overlay-gradient":""}},"ast-content-background-meta":{"desktop":{"background-color":"var(--ast-global-color-5)","background-image":"","background-repeat":"repeat","background-position":"center center","background-size":"auto","background-attachment":"scroll","background-type":"","background-media":"","overlay-type":"","overlay-color":"","overlay-opacity":"","overlay-gradient":""},"tablet":{"background-color":"var(--ast-global-color-5)","background-image":"","background-repeat":"repeat","background-position":"center center","background-size":"auto","background-attachment":"scroll","background-type":"","background-media":"","overlay-type":"","overlay-color":"","overlay-opacity":"","overlay-gradient":""},"mobile":{"background-color":"var(--ast-global-color-5)","background-image":"","background-repeat":"repeat","background-position":"center center","background-size":"auto","background-attachment":"scroll","background-type":"","background-media":"","overlay-type":"","overlay-color":"","overlay-opacity":"","overlay-gradient":""}}},"product_brand":[],"product_cat":[35],"product_tag":[],"class_list":{"0":"post-363","1":"product","2":"type-product","3":"status-publish","4":"has-post-thumbnail","6":"product_cat-secco-sekt","7":"desktop-align-center","8":"tablet-align-center","9":"mobile-align-center","10":"ast-product-gallery-layout-vertical","11":"ast-magnify-disabled","12":"ast-product-tabs-layout-horizontal","14":"first","15":"instock","16":"taxable","17":"shipping-taxable","18":"purchasable","19":"product-type-simple"},"yoast_head":"<!-- This site is optimized with the Yoast SEO plugin v27.4 - https:\/\/yoast.com\/product\/yoast-seo-wordpress\/ -->\n<title>2024 Secco trocken -Secklero- Weingut Seckler<\/title>\n<meta name=\"robots\" content=\"index, follow, max-snippet:-1, max-image-preview:large, max-video-preview:-1\" \/>\n<link rel=\"canonical\" href=\"https:\/\/www.secklerwein.de\/shop\/weine\/71-secklero-secco\/\" \/>\n<meta property=\"og:locale\" content=\"de_DE\" \/>\n<meta property=\"og:type\" content=\"article\" \/>\n<meta property=\"og:title\" content=\"2024 Secco trocken -Secklero- Weingut Seckler\" \/>\n<meta property=\"og:description\" content=\"Seit der Ersteinf\u00fchrung im Jahr 2006 hat sich an der Grundidee, einen au\u00dfergew\u00f6hnlichen Secco zu erzeugen, nichts ge\u00e4ndert. Wir streben danach, jedes Jahr einen Secco zu kreieren, der Spa\u00df macht zu trinken und zu jedem Anlass mundet.  Wir kombinieren hierf\u00fcr sich in idealerweise erg\u00e4nzende Wei\u00dfweine aus den Rebsorten Bacchus, Gelber Muskateller und Riesling. Dabei steht Aroma und Finesse immer an erster Stelle. Dieser Grundwein wird mit nat\u00fcrlicher weineigener Kohlens\u00e4ure zum Qualit\u00e4tsperlwein versetzt.  Im Geschmack fruchtig fein, pr\u00e4sentiert sich der Secklero Secco als erfrischend-prickelnder aromatischer Genuss.\" \/>\n<meta property=\"og:url\" content=\"https:\/\/www.secklerwein.de\/shop\/weine\/71-secklero-secco\/\" \/>\n<meta property=\"og:site_name\" content=\"Weingut Seckler\" \/>\n<meta property=\"article:modified_time\" content=\"2025-12-30T19:24:39+00:00\" \/>\n<meta property=\"og:image\" content=\"https:\/\/www.secklerwein.de\/shop\/wp-content\/uploads\/2018\/11\/71-2024-Secco-Secklero-trocken-front.png\" \/>\n\t<meta property=\"og:image:width\" content=\"377\" \/>\n\t<meta property=\"og:image:height\" content=\"1200\" \/>\n\t<meta property=\"og:image:type\" content=\"image\/png\" \/>\n<meta name=\"twitter:card\" content=\"summary_large_image\" \/>\n<meta name=\"twitter:label1\" content=\"Gesch\u00e4tzte Lesezeit\" \/>\n\t<meta name=\"twitter:data1\" content=\"1\u00a0Minute\" \/>\n<script type=\"application\/ld+json\" class=\"yoast-schema-graph\">{\"@context\":\"https:\\\/\\\/schema.org\",\"@graph\":[{\"@type\":\"WebPage\",\"@id\":\"https:\\\/\\\/www.secklerwein.de\\\/shop\\\/weine\\\/71-secklero-secco\\\/\",\"url\":\"https:\\\/\\\/www.secklerwein.de\\\/shop\\\/weine\\\/71-secklero-secco\\\/\",\"name\":\"2024 Secco trocken -Secklero- Weingut Seckler\",\"isPartOf\":{\"@id\":\"https:\\\/\\\/www.secklerwein.de\\\/shop\\\/#website\"},\"primaryImageOfPage\":{\"@id\":\"https:\\\/\\\/www.secklerwein.de\\\/shop\\\/weine\\\/71-secklero-secco\\\/#primaryimage\"},\"image\":{\"@id\":\"https:\\\/\\\/www.secklerwein.de\\\/shop\\\/weine\\\/71-secklero-secco\\\/#primaryimage\"},\"thumbnailUrl\":\"https:\\\/\\\/www.secklerwein.de\\\/shop\\\/wp-content\\\/uploads\\\/2018\\\/11\\\/71-2024-Secco-Secklero-trocken-front.png\",\"datePublished\":\"2018-11-19T10:46:44+00:00\",\"dateModified\":\"2025-12-30T19:24:39+00:00\",\"breadcrumb\":{\"@id\":\"https:\\\/\\\/www.secklerwein.de\\\/shop\\\/weine\\\/71-secklero-secco\\\/#breadcrumb\"},\"inLanguage\":\"de\",\"potentialAction\":[{\"@type\":\"ReadAction\",\"target\":[\"https:\\\/\\\/www.secklerwein.de\\\/shop\\\/weine\\\/71-secklero-secco\\\/\"]}]},{\"@type\":\"ImageObject\",\"inLanguage\":\"de\",\"@id\":\"https:\\\/\\\/www.secklerwein.de\\\/shop\\\/weine\\\/71-secklero-secco\\\/#primaryimage\",\"url\":\"https:\\\/\\\/www.secklerwein.de\\\/shop\\\/wp-content\\\/uploads\\\/2018\\\/11\\\/71-2024-Secco-Secklero-trocken-front.png\",\"contentUrl\":\"https:\\\/\\\/www.secklerwein.de\\\/shop\\\/wp-content\\\/uploads\\\/2018\\\/11\\\/71-2024-Secco-Secklero-trocken-front.png\",\"width\":377,\"height\":1200},{\"@type\":\"BreadcrumbList\",\"@id\":\"https:\\\/\\\/www.secklerwein.de\\\/shop\\\/weine\\\/71-secklero-secco\\\/#breadcrumb\",\"itemListElement\":[{\"@type\":\"ListItem\",\"position\":1,\"name\":\"Startseite\",\"item\":\"https:\\\/\\\/www.secklerwein.de\\\/shop\\\/\"},{\"@type\":\"ListItem\",\"position\":2,\"name\":\"Privat: Shop-Seite\",\"item\":\"https:\\\/\\\/www.secklerwein.de\\\/shop\\\/?page_id=200\"},{\"@type\":\"ListItem\",\"position\":3,\"name\":\"2024 Secco trocken -Secklero-\"}]},{\"@type\":\"WebSite\",\"@id\":\"https:\\\/\\\/www.secklerwein.de\\\/shop\\\/#website\",\"url\":\"https:\\\/\\\/www.secklerwein.de\\\/shop\\\/\",\"name\":\"Weingut Seckler\",\"description\":\"\",\"publisher\":{\"@id\":\"https:\\\/\\\/www.secklerwein.de\\\/shop\\\/#organization\"},\"potentialAction\":[{\"@type\":\"SearchAction\",\"target\":{\"@type\":\"EntryPoint\",\"urlTemplate\":\"https:\\\/\\\/www.secklerwein.de\\\/shop\\\/?s={search_term_string}\"},\"query-input\":{\"@type\":\"PropertyValueSpecification\",\"valueRequired\":true,\"valueName\":\"search_term_string\"}}],\"inLanguage\":\"de\"},{\"@type\":\"Organization\",\"@id\":\"https:\\\/\\\/www.secklerwein.de\\\/shop\\\/#organization\",\"name\":\"Weingut Seckler\",\"url\":\"https:\\\/\\\/www.secklerwein.de\\\/shop\\\/\",\"logo\":{\"@type\":\"ImageObject\",\"inLanguage\":\"de\",\"@id\":\"https:\\\/\\\/www.secklerwein.de\\\/shop\\\/#\\\/schema\\\/logo\\\/image\\\/\",\"url\":\"https:\\\/\\\/www.secklerwein.de\\\/shop\\\/wp-content\\\/uploads\\\/2022\\\/02\\\/logo.png\",\"contentUrl\":\"https:\\\/\\\/www.secklerwein.de\\\/shop\\\/wp-content\\\/uploads\\\/2022\\\/02\\\/logo.png\",\"width\":743,\"height\":254,\"caption\":\"Weingut Seckler\"},\"image\":{\"@id\":\"https:\\\/\\\/www.secklerwein.de\\\/shop\\\/#\\\/schema\\\/logo\\\/image\\\/\"}}]}<\/script>\n<!-- \/ Yoast SEO plugin. -->","yoast_head_json":{"title":"2024 Secco trocken -Secklero- Weingut Seckler","robots":{"index":"index","follow":"follow","max-snippet":"max-snippet:-1","max-image-preview":"max-image-preview:large","max-video-preview":"max-video-preview:-1"},"canonical":"https:\/\/www.secklerwein.de\/shop\/weine\/71-secklero-secco\/","og_locale":"de_DE","og_type":"article","og_title":"2024 Secco trocken -Secklero- Weingut Seckler","og_description":"Seit der Ersteinf\u00fchrung im Jahr 2006 hat sich an der Grundidee, einen au\u00dfergew\u00f6hnlichen Secco zu erzeugen, nichts ge\u00e4ndert. Wir streben danach, jedes Jahr einen Secco zu kreieren, der Spa\u00df macht zu trinken und zu jedem Anlass mundet.  Wir kombinieren hierf\u00fcr sich in idealerweise erg\u00e4nzende Wei\u00dfweine aus den Rebsorten Bacchus, Gelber Muskateller und Riesling. Dabei steht Aroma und Finesse immer an erster Stelle. Dieser Grundwein wird mit nat\u00fcrlicher weineigener Kohlens\u00e4ure zum Qualit\u00e4tsperlwein versetzt.  Im Geschmack fruchtig fein, pr\u00e4sentiert sich der Secklero Secco als erfrischend-prickelnder aromatischer Genuss.","og_url":"https:\/\/www.secklerwein.de\/shop\/weine\/71-secklero-secco\/","og_site_name":"Weingut Seckler","article_modified_time":"2025-12-30T19:24:39+00:00","og_image":[{"width":377,"height":1200,"url":"https:\/\/www.secklerwein.de\/shop\/wp-content\/uploads\/2018\/11\/71-2024-Secco-Secklero-trocken-front.png","type":"image\/png"}],"twitter_card":"summary_large_image","twitter_misc":{"Gesch\u00e4tzte Lesezeit":"1\u00a0Minute"},"schema":{"@context":"https:\/\/schema.org","@graph":[{"@type":"WebPage","@id":"https:\/\/www.secklerwein.de\/shop\/weine\/71-secklero-secco\/","url":"https:\/\/www.secklerwein.de\/shop\/weine\/71-secklero-secco\/","name":"2024 Secco trocken -Secklero- Weingut Seckler","isPartOf":{"@id":"https:\/\/www.secklerwein.de\/shop\/#website"},"primaryImageOfPage":{"@id":"https:\/\/www.secklerwein.de\/shop\/weine\/71-secklero-secco\/#primaryimage"},"image":{"@id":"https:\/\/www.secklerwein.de\/shop\/weine\/71-secklero-secco\/#primaryimage"},"thumbnailUrl":"https:\/\/www.secklerwein.de\/shop\/wp-content\/uploads\/2018\/11\/71-2024-Secco-Secklero-trocken-front.png","datePublished":"2018-11-19T10:46:44+00:00","dateModified":"2025-12-30T19:24:39+00:00","breadcrumb":{"@id":"https:\/\/www.secklerwein.de\/shop\/weine\/71-secklero-secco\/#breadcrumb"},"inLanguage":"de","potentialAction":[{"@type":"ReadAction","target":["https:\/\/www.secklerwein.de\/shop\/weine\/71-secklero-secco\/"]}]},{"@type":"ImageObject","inLanguage":"de","@id":"https:\/\/www.secklerwein.de\/shop\/weine\/71-secklero-secco\/#primaryimage","url":"https:\/\/www.secklerwein.de\/shop\/wp-content\/uploads\/2018\/11\/71-2024-Secco-Secklero-trocken-front.png","contentUrl":"https:\/\/www.secklerwein.de\/shop\/wp-content\/uploads\/2018\/11\/71-2024-Secco-Secklero-trocken-front.png","width":377,"height":1200},{"@type":"BreadcrumbList","@id":"https:\/\/www.secklerwein.de\/shop\/weine\/71-secklero-secco\/#breadcrumb","itemListElement":[{"@type":"ListItem","position":1,"name":"Startseite","item":"https:\/\/www.secklerwein.de\/shop\/"},{"@type":"ListItem","position":2,"name":"Privat: Shop-Seite","item":"https:\/\/www.secklerwein.de\/shop\/?page_id=200"},{"@type":"ListItem","position":3,"name":"2024 Secco trocken -Secklero-"}]},{"@type":"WebSite","@id":"https:\/\/www.secklerwein.de\/shop\/#website","url":"https:\/\/www.secklerwein.de\/shop\/","name":"Weingut Seckler","description":"","publisher":{"@id":"https:\/\/www.secklerwein.de\/shop\/#organization"},"potentialAction":[{"@type":"SearchAction","target":{"@type":"EntryPoint","urlTemplate":"https:\/\/www.secklerwein.de\/shop\/?s={search_term_string}"},"query-input":{"@type":"PropertyValueSpecification","valueRequired":true,"valueName":"search_term_string"}}],"inLanguage":"de"},{"@type":"Organization","@id":"https:\/\/www.secklerwein.de\/shop\/#organization","name":"Weingut Seckler","url":"https:\/\/www.secklerwein.de\/shop\/","logo":{"@type":"ImageObject","inLanguage":"de","@id":"https:\/\/www.secklerwein.de\/shop\/#\/schema\/logo\/image\/","url":"https:\/\/www.secklerwein.de\/shop\/wp-content\/uploads\/2022\/02\/logo.png","contentUrl":"https:\/\/www.secklerwein.de\/shop\/wp-content\/uploads\/2022\/02\/logo.png","width":743,"height":254,"caption":"Weingut Seckler"},"image":{"@id":"https:\/\/www.secklerwein.de\/shop\/#\/schema\/logo\/image\/"}}]}},"_links":{"self":[{"href":"https:\/\/www.secklerwein.de\/shop\/wp-json\/wp\/v2\/product\/363","targetHints":{"allow":["GET"]}}],"collection":[{"href":"https:\/\/www.secklerwein.de\/shop\/wp-json\/wp\/v2\/product"}],"about":[{"href":"https:\/\/www.secklerwein.de\/shop\/wp-json\/wp\/v2\/types\/product"}],"replies":[{"embeddable":true,"href":"https:\/\/www.secklerwein.de\/shop\/wp-json\/wp\/v2\/comments?post=363"}],"wp:featuredmedia":[{"embeddable":true,"href":"https:\/\/www.secklerwein.de\/shop\/wp-json\/wp\/v2\/media\/5665"}],"wp:attachment":[{"href":"https:\/\/www.secklerwein.de\/shop\/wp-json\/wp\/v2\/media?parent=363"}],"wp:term":[{"taxonomy":"product_brand","embeddable":true,"href":"https:\/\/www.secklerwein.de\/shop\/wp-json\/wp\/v2\/product_brand?post=363"},{"taxonomy":"product_cat","embeddable":true,"href":"https:\/\/www.secklerwein.de\/shop\/wp-json\/wp\/v2\/product_cat?post=363"},{"taxonomy":"product_tag","embeddable":true,"href":"https:\/\/www.secklerwein.de\/shop\/wp-json\/wp\/v2\/product_tag?post=363"}],"curies":[{"name":"wp","href":"https:\/\/api.w.org\/{rel}","templated":true}]}}