{"id":365,"date":"2018-11-19T11:48:38","date_gmt":"2018-11-19T10:48:38","guid":{"rendered":"https:\/\/www.secklerwein.de\/shop\/?post_type=product&#038;p=365"},"modified":"2024-11-29T15:51:09","modified_gmt":"2024-11-29T14:51:09","slug":"75-riesling-sekt-extratrocken","status":"publish","type":"product","link":"https:\/\/www.secklerwein.de\/shop\/weine\/75-riesling-sekt-extratrocken\/","title":{"rendered":"2021 Riesling Sekt b.A. extra trocken"},"content":{"rendered":"<p>Alkohol: 12,0% vol | S\u00e4ure: 5,8 g\/l | Rests\u00fc\u00dfe: 13,5 g\/l<br \/>\nInhalt: 0,75 Liter<br \/>\nWeinart: Sekt wei\u00df<br \/>\nJahrgang: 2021<br \/>\nRebsorte: Riesling<br \/>\nGeschmacksrichtung: extra trocken<br \/>\nQualit\u00e4tsstufe: Sekt b.A.<br \/>\nHerkunftsland: Deutschland<br \/>\nHersteller: Weingut Seckler, Naheweinstra\u00dfe 38, 55444 Schweppenhausen<br \/>\nAllergene: enth\u00e4lt Sulfite<\/p>\n","protected":false},"excerpt":{"rendered":"<p>Wir stellen unseren Sekt in traditioneller Flascheng\u00e4rung her. Dieses klassische Sektbereitungsverfahren mit einer zweiten G\u00e4rung in der Flasche ist durch die intensive Handarbeit das Aufwendigste, aus qualitativer Sicht aber das beste Verfahren.<\/p>\n<p>Besonders f\u00fcr die Sektgrundweingewinnung geeignete Jahrg\u00e4nge wie das Weinjahr 2021 -mit einer hohen physilogischen und gesunden Traubenreife- legen das Fundament f\u00fcr die Erzeugung einen hochwertigen Sekts.<\/p>\n<p>Nach dem 24-monatigen Hefelager runden wir das kr\u00e4ftige und nachhaltige Mousseux unseres Riesling Sekt harmonisch mit einer dezenten Rests\u00fc\u00dfe ab. Im Zusammenspiel mit der finessenreichen Art des Rieslings pr\u00e4sentiert sich unser Sekt im Geschmack als elegant und ausbalanciert mit viel Substanz und einem feinen Nachklang.<\/p>\n<p>&nbsp;<\/p>\n","protected":false},"featured_media":5202,"comment_status":"open","ping_status":"closed","template":"","meta":{"site-sidebar-layout":"default","site-content-layout":"default","ast-site-content-layout":"default","site-content-style":"default","site-sidebar-style":"default","ast-global-header-display":"","ast-banner-title-visibility":"","ast-main-header-display":"","ast-hfb-above-header-display":"","ast-hfb-below-header-display":"","ast-hfb-mobile-header-display":"","site-post-title":"","ast-breadcrumbs-content":"","ast-featured-img":"","footer-sml-layout":"","theme-transparent-header-meta":"default","adv-header-id-meta":"","stick-header-meta":"default","header-above-stick-meta":"","header-main-stick-meta":"","header-below-stick-meta":"","astra-migrate-meta-layouts":"set","ast-page-background-enabled":"default","ast-page-background-meta":{"desktop":{"background-color":"var(--ast-global-color-4)","background-image":"","background-repeat":"repeat","background-position":"center center","background-size":"auto","background-attachment":"scroll","background-type":"","background-media":"","overlay-type":"","overlay-color":"","overlay-opacity":"","overlay-gradient":""},"tablet":{"background-color":"","background-image":"","background-repeat":"repeat","background-position":"center center","background-size":"auto","background-attachment":"scroll","background-type":"","background-media":"","overlay-type":"","overlay-color":"","overlay-opacity":"","overlay-gradient":""},"mobile":{"background-color":"","background-image":"","background-repeat":"repeat","background-position":"center center","background-size":"auto","background-attachment":"scroll","background-type":"","background-media":"","overlay-type":"","overlay-color":"","overlay-opacity":"","overlay-gradient":""}},"ast-content-background-meta":{"desktop":{"background-color":"var(--ast-global-color-5)","background-image":"","background-repeat":"repeat","background-position":"center center","background-size":"auto","background-attachment":"scroll","background-type":"","background-media":"","overlay-type":"","overlay-color":"","overlay-opacity":"","overlay-gradient":""},"tablet":{"background-color":"var(--ast-global-color-5)","background-image":"","background-repeat":"repeat","background-position":"center center","background-size":"auto","background-attachment":"scroll","background-type":"","background-media":"","overlay-type":"","overlay-color":"","overlay-opacity":"","overlay-gradient":""},"mobile":{"background-color":"var(--ast-global-color-5)","background-image":"","background-repeat":"repeat","background-position":"center center","background-size":"auto","background-attachment":"scroll","background-type":"","background-media":"","overlay-type":"","overlay-color":"","overlay-opacity":"","overlay-gradient":""}}},"product_brand":[],"product_cat":[35],"product_tag":[],"class_list":{"0":"post-365","1":"product","2":"type-product","3":"status-publish","4":"has-post-thumbnail","6":"product_cat-secco-sekt","7":"desktop-align-center","8":"tablet-align-center","9":"mobile-align-center","10":"ast-product-gallery-layout-vertical","11":"ast-magnify-disabled","12":"ast-product-tabs-layout-horizontal","14":"first","15":"instock","16":"taxable","17":"shipping-taxable","18":"purchasable","19":"product-type-simple"},"yoast_head":"<!-- This site is optimized with the Yoast SEO plugin v27.4 - https:\/\/yoast.com\/product\/yoast-seo-wordpress\/ -->\n<title>2021 Riesling Sekt b.A. extra trocken - Weingut Seckler<\/title>\n<meta name=\"robots\" content=\"index, follow, max-snippet:-1, max-image-preview:large, max-video-preview:-1\" \/>\n<link rel=\"canonical\" href=\"https:\/\/www.secklerwein.de\/shop\/weine\/75-riesling-sekt-extratrocken\/\" \/>\n<meta property=\"og:locale\" content=\"de_DE\" \/>\n<meta property=\"og:type\" content=\"article\" \/>\n<meta property=\"og:title\" content=\"2021 Riesling Sekt b.A. extra trocken - Weingut Seckler\" \/>\n<meta property=\"og:description\" content=\"Wir stellen unseren Sekt in traditioneller Flascheng\u00e4rung her. Dieses klassische Sektbereitungsverfahren mit einer zweiten G\u00e4rung in der Flasche ist durch die intensive Handarbeit das Aufwendigste, aus qualitativer Sicht aber das beste Verfahren.  Besonders f\u00fcr die Sektgrundweingewinnung geeignete Jahrg\u00e4nge wie das Weinjahr 2021 -mit einer hohen physilogischen und gesunden Traubenreife- legen das Fundament f\u00fcr die Erzeugung einen hochwertigen Sekts.  Nach dem 24-monatigen Hefelager runden wir das kr\u00e4ftige und nachhaltige Mousseux unseres Riesling Sekt harmonisch mit einer dezenten Rests\u00fc\u00dfe ab. Im Zusammenspiel mit der finessenreichen Art des Rieslings pr\u00e4sentiert sich unser Sekt im Geschmack als elegant und ausbalanciert mit viel Substanz und einem feinen Nachklang.  &nbsp;\" \/>\n<meta property=\"og:url\" content=\"https:\/\/www.secklerwein.de\/shop\/weine\/75-riesling-sekt-extratrocken\/\" \/>\n<meta property=\"og:site_name\" content=\"Weingut Seckler\" \/>\n<meta property=\"article:modified_time\" content=\"2024-11-29T14:51:09+00:00\" \/>\n<meta property=\"og:image\" content=\"https:\/\/www.secklerwein.de\/shop\/wp-content\/uploads\/2018\/11\/75-2021-Riesling-Sekt-extratrocken-front.png\" \/>\n\t<meta property=\"og:image:width\" content=\"377\" \/>\n\t<meta property=\"og:image:height\" content=\"1200\" \/>\n\t<meta property=\"og:image:type\" content=\"image\/png\" \/>\n<meta name=\"twitter:card\" content=\"summary_large_image\" \/>\n<meta name=\"twitter:label1\" content=\"Gesch\u00e4tzte Lesezeit\" \/>\n\t<meta name=\"twitter:data1\" content=\"1\u00a0Minute\" \/>\n<script type=\"application\/ld+json\" class=\"yoast-schema-graph\">{\"@context\":\"https:\\\/\\\/schema.org\",\"@graph\":[{\"@type\":\"WebPage\",\"@id\":\"https:\\\/\\\/www.secklerwein.de\\\/shop\\\/weine\\\/75-riesling-sekt-extratrocken\\\/\",\"url\":\"https:\\\/\\\/www.secklerwein.de\\\/shop\\\/weine\\\/75-riesling-sekt-extratrocken\\\/\",\"name\":\"2021 Riesling Sekt b.A. extra trocken - Weingut Seckler\",\"isPartOf\":{\"@id\":\"https:\\\/\\\/www.secklerwein.de\\\/shop\\\/#website\"},\"primaryImageOfPage\":{\"@id\":\"https:\\\/\\\/www.secklerwein.de\\\/shop\\\/weine\\\/75-riesling-sekt-extratrocken\\\/#primaryimage\"},\"image\":{\"@id\":\"https:\\\/\\\/www.secklerwein.de\\\/shop\\\/weine\\\/75-riesling-sekt-extratrocken\\\/#primaryimage\"},\"thumbnailUrl\":\"https:\\\/\\\/www.secklerwein.de\\\/shop\\\/wp-content\\\/uploads\\\/2018\\\/11\\\/75-2021-Riesling-Sekt-extratrocken-front.png\",\"datePublished\":\"2018-11-19T10:48:38+00:00\",\"dateModified\":\"2024-11-29T14:51:09+00:00\",\"breadcrumb\":{\"@id\":\"https:\\\/\\\/www.secklerwein.de\\\/shop\\\/weine\\\/75-riesling-sekt-extratrocken\\\/#breadcrumb\"},\"inLanguage\":\"de\",\"potentialAction\":[{\"@type\":\"ReadAction\",\"target\":[\"https:\\\/\\\/www.secklerwein.de\\\/shop\\\/weine\\\/75-riesling-sekt-extratrocken\\\/\"]}]},{\"@type\":\"ImageObject\",\"inLanguage\":\"de\",\"@id\":\"https:\\\/\\\/www.secklerwein.de\\\/shop\\\/weine\\\/75-riesling-sekt-extratrocken\\\/#primaryimage\",\"url\":\"https:\\\/\\\/www.secklerwein.de\\\/shop\\\/wp-content\\\/uploads\\\/2018\\\/11\\\/75-2021-Riesling-Sekt-extratrocken-front.png\",\"contentUrl\":\"https:\\\/\\\/www.secklerwein.de\\\/shop\\\/wp-content\\\/uploads\\\/2018\\\/11\\\/75-2021-Riesling-Sekt-extratrocken-front.png\",\"width\":377,\"height\":1200},{\"@type\":\"BreadcrumbList\",\"@id\":\"https:\\\/\\\/www.secklerwein.de\\\/shop\\\/weine\\\/75-riesling-sekt-extratrocken\\\/#breadcrumb\",\"itemListElement\":[{\"@type\":\"ListItem\",\"position\":1,\"name\":\"Startseite\",\"item\":\"https:\\\/\\\/www.secklerwein.de\\\/shop\\\/\"},{\"@type\":\"ListItem\",\"position\":2,\"name\":\"Privat: Shop-Seite\",\"item\":\"https:\\\/\\\/www.secklerwein.de\\\/shop\\\/?page_id=200\"},{\"@type\":\"ListItem\",\"position\":3,\"name\":\"2021 Riesling Sekt b.A. extra trocken\"}]},{\"@type\":\"WebSite\",\"@id\":\"https:\\\/\\\/www.secklerwein.de\\\/shop\\\/#website\",\"url\":\"https:\\\/\\\/www.secklerwein.de\\\/shop\\\/\",\"name\":\"Weingut Seckler\",\"description\":\"\",\"publisher\":{\"@id\":\"https:\\\/\\\/www.secklerwein.de\\\/shop\\\/#organization\"},\"potentialAction\":[{\"@type\":\"SearchAction\",\"target\":{\"@type\":\"EntryPoint\",\"urlTemplate\":\"https:\\\/\\\/www.secklerwein.de\\\/shop\\\/?s={search_term_string}\"},\"query-input\":{\"@type\":\"PropertyValueSpecification\",\"valueRequired\":true,\"valueName\":\"search_term_string\"}}],\"inLanguage\":\"de\"},{\"@type\":\"Organization\",\"@id\":\"https:\\\/\\\/www.secklerwein.de\\\/shop\\\/#organization\",\"name\":\"Weingut Seckler\",\"url\":\"https:\\\/\\\/www.secklerwein.de\\\/shop\\\/\",\"logo\":{\"@type\":\"ImageObject\",\"inLanguage\":\"de\",\"@id\":\"https:\\\/\\\/www.secklerwein.de\\\/shop\\\/#\\\/schema\\\/logo\\\/image\\\/\",\"url\":\"https:\\\/\\\/www.secklerwein.de\\\/shop\\\/wp-content\\\/uploads\\\/2022\\\/02\\\/logo.png\",\"contentUrl\":\"https:\\\/\\\/www.secklerwein.de\\\/shop\\\/wp-content\\\/uploads\\\/2022\\\/02\\\/logo.png\",\"width\":743,\"height\":254,\"caption\":\"Weingut Seckler\"},\"image\":{\"@id\":\"https:\\\/\\\/www.secklerwein.de\\\/shop\\\/#\\\/schema\\\/logo\\\/image\\\/\"}}]}<\/script>\n<!-- \/ Yoast SEO plugin. -->","yoast_head_json":{"title":"2021 Riesling Sekt b.A. extra trocken - Weingut Seckler","robots":{"index":"index","follow":"follow","max-snippet":"max-snippet:-1","max-image-preview":"max-image-preview:large","max-video-preview":"max-video-preview:-1"},"canonical":"https:\/\/www.secklerwein.de\/shop\/weine\/75-riesling-sekt-extratrocken\/","og_locale":"de_DE","og_type":"article","og_title":"2021 Riesling Sekt b.A. extra trocken - Weingut Seckler","og_description":"Wir stellen unseren Sekt in traditioneller Flascheng\u00e4rung her. Dieses klassische Sektbereitungsverfahren mit einer zweiten G\u00e4rung in der Flasche ist durch die intensive Handarbeit das Aufwendigste, aus qualitativer Sicht aber das beste Verfahren.  Besonders f\u00fcr die Sektgrundweingewinnung geeignete Jahrg\u00e4nge wie das Weinjahr 2021 -mit einer hohen physilogischen und gesunden Traubenreife- legen das Fundament f\u00fcr die Erzeugung einen hochwertigen Sekts.  Nach dem 24-monatigen Hefelager runden wir das kr\u00e4ftige und nachhaltige Mousseux unseres Riesling Sekt harmonisch mit einer dezenten Rests\u00fc\u00dfe ab. Im Zusammenspiel mit der finessenreichen Art des Rieslings pr\u00e4sentiert sich unser Sekt im Geschmack als elegant und ausbalanciert mit viel Substanz und einem feinen Nachklang.  &nbsp;","og_url":"https:\/\/www.secklerwein.de\/shop\/weine\/75-riesling-sekt-extratrocken\/","og_site_name":"Weingut Seckler","article_modified_time":"2024-11-29T14:51:09+00:00","og_image":[{"width":377,"height":1200,"url":"https:\/\/www.secklerwein.de\/shop\/wp-content\/uploads\/2018\/11\/75-2021-Riesling-Sekt-extratrocken-front.png","type":"image\/png"}],"twitter_card":"summary_large_image","twitter_misc":{"Gesch\u00e4tzte Lesezeit":"1\u00a0Minute"},"schema":{"@context":"https:\/\/schema.org","@graph":[{"@type":"WebPage","@id":"https:\/\/www.secklerwein.de\/shop\/weine\/75-riesling-sekt-extratrocken\/","url":"https:\/\/www.secklerwein.de\/shop\/weine\/75-riesling-sekt-extratrocken\/","name":"2021 Riesling Sekt b.A. extra trocken - Weingut Seckler","isPartOf":{"@id":"https:\/\/www.secklerwein.de\/shop\/#website"},"primaryImageOfPage":{"@id":"https:\/\/www.secklerwein.de\/shop\/weine\/75-riesling-sekt-extratrocken\/#primaryimage"},"image":{"@id":"https:\/\/www.secklerwein.de\/shop\/weine\/75-riesling-sekt-extratrocken\/#primaryimage"},"thumbnailUrl":"https:\/\/www.secklerwein.de\/shop\/wp-content\/uploads\/2018\/11\/75-2021-Riesling-Sekt-extratrocken-front.png","datePublished":"2018-11-19T10:48:38+00:00","dateModified":"2024-11-29T14:51:09+00:00","breadcrumb":{"@id":"https:\/\/www.secklerwein.de\/shop\/weine\/75-riesling-sekt-extratrocken\/#breadcrumb"},"inLanguage":"de","potentialAction":[{"@type":"ReadAction","target":["https:\/\/www.secklerwein.de\/shop\/weine\/75-riesling-sekt-extratrocken\/"]}]},{"@type":"ImageObject","inLanguage":"de","@id":"https:\/\/www.secklerwein.de\/shop\/weine\/75-riesling-sekt-extratrocken\/#primaryimage","url":"https:\/\/www.secklerwein.de\/shop\/wp-content\/uploads\/2018\/11\/75-2021-Riesling-Sekt-extratrocken-front.png","contentUrl":"https:\/\/www.secklerwein.de\/shop\/wp-content\/uploads\/2018\/11\/75-2021-Riesling-Sekt-extratrocken-front.png","width":377,"height":1200},{"@type":"BreadcrumbList","@id":"https:\/\/www.secklerwein.de\/shop\/weine\/75-riesling-sekt-extratrocken\/#breadcrumb","itemListElement":[{"@type":"ListItem","position":1,"name":"Startseite","item":"https:\/\/www.secklerwein.de\/shop\/"},{"@type":"ListItem","position":2,"name":"Privat: Shop-Seite","item":"https:\/\/www.secklerwein.de\/shop\/?page_id=200"},{"@type":"ListItem","position":3,"name":"2021 Riesling Sekt b.A. extra trocken"}]},{"@type":"WebSite","@id":"https:\/\/www.secklerwein.de\/shop\/#website","url":"https:\/\/www.secklerwein.de\/shop\/","name":"Weingut Seckler","description":"","publisher":{"@id":"https:\/\/www.secklerwein.de\/shop\/#organization"},"potentialAction":[{"@type":"SearchAction","target":{"@type":"EntryPoint","urlTemplate":"https:\/\/www.secklerwein.de\/shop\/?s={search_term_string}"},"query-input":{"@type":"PropertyValueSpecification","valueRequired":true,"valueName":"search_term_string"}}],"inLanguage":"de"},{"@type":"Organization","@id":"https:\/\/www.secklerwein.de\/shop\/#organization","name":"Weingut Seckler","url":"https:\/\/www.secklerwein.de\/shop\/","logo":{"@type":"ImageObject","inLanguage":"de","@id":"https:\/\/www.secklerwein.de\/shop\/#\/schema\/logo\/image\/","url":"https:\/\/www.secklerwein.de\/shop\/wp-content\/uploads\/2022\/02\/logo.png","contentUrl":"https:\/\/www.secklerwein.de\/shop\/wp-content\/uploads\/2022\/02\/logo.png","width":743,"height":254,"caption":"Weingut Seckler"},"image":{"@id":"https:\/\/www.secklerwein.de\/shop\/#\/schema\/logo\/image\/"}}]}},"_links":{"self":[{"href":"https:\/\/www.secklerwein.de\/shop\/wp-json\/wp\/v2\/product\/365","targetHints":{"allow":["GET"]}}],"collection":[{"href":"https:\/\/www.secklerwein.de\/shop\/wp-json\/wp\/v2\/product"}],"about":[{"href":"https:\/\/www.secklerwein.de\/shop\/wp-json\/wp\/v2\/types\/product"}],"replies":[{"embeddable":true,"href":"https:\/\/www.secklerwein.de\/shop\/wp-json\/wp\/v2\/comments?post=365"}],"wp:featuredmedia":[{"embeddable":true,"href":"https:\/\/www.secklerwein.de\/shop\/wp-json\/wp\/v2\/media\/5202"}],"wp:attachment":[{"href":"https:\/\/www.secklerwein.de\/shop\/wp-json\/wp\/v2\/media?parent=365"}],"wp:term":[{"taxonomy":"product_brand","embeddable":true,"href":"https:\/\/www.secklerwein.de\/shop\/wp-json\/wp\/v2\/product_brand?post=365"},{"taxonomy":"product_cat","embeddable":true,"href":"https:\/\/www.secklerwein.de\/shop\/wp-json\/wp\/v2\/product_cat?post=365"},{"taxonomy":"product_tag","embeddable":true,"href":"https:\/\/www.secklerwein.de\/shop\/wp-json\/wp\/v2\/product_tag?post=365"}],"curies":[{"name":"wp","href":"https:\/\/api.w.org\/{rel}","templated":true}]}}