{"id":371,"date":"2018-11-19T12:03:32","date_gmt":"2018-11-19T11:03:32","guid":{"rendered":"https:\/\/www.secklerwein.de\/shop\/?post_type=product&#038;p=371"},"modified":"2025-10-01T20:16:30","modified_gmt":"2025-10-01T19:16:30","slug":"80-riesling-quarzit","status":"publish","type":"product","link":"https:\/\/www.secklerwein.de\/shop\/weine\/80-riesling-quarzit\/","title":{"rendered":"2024 Riesling -Quarzit- trocken"},"content":{"rendered":"<p>Alkohol: 11,0% vol | S\u00e4ure: 6,8 g\/l | Rests\u00fc\u00dfe:\u00a0 6,9 g\/l<br \/>\nInhalt: 1,0 Liter<br \/>\nJahrgang: 2024<br \/>\nWeinart: Wei\u00dfwein<br \/>\nRebsorte: Riesling<br \/>\nGeschmacksrichtung: trocken<br \/>\nQualit\u00e4tsstufe: Qualit\u00e4tswein, Gutsabf\u00fcllung<br \/>\nWeinanbaugebiet: Nahe<br \/>\nHerkunftsland: Deutschland<br \/>\nAbf\u00fcller: Weingut Seckler, Naheweinstra\u00dfe 38, 55444 Schweppenhausen<br \/>\nAllergene: enth\u00e4lt Sulfite<\/p>\n<p>100 ml enthalten durchschnittlich:<br \/>\nBrennwert 281 kJ\/67 kcal<br \/>\nFett &lt; 0,5 g<br \/>\ndavon ges\u00e4ttigte Fetts\u00e4uren &lt; 0,1 g<br \/>\nKohlenhydrate 1,6 g<br \/>\ndavon Zucker 0,7 g<br \/>\nEiwei\u00df &lt; 0,5 g<br \/>\nSalz &lt; 0,01 g<\/p>\n<p>Zutaten: Trauben, Stabilisator: Metaweins\u00e4ure, Antioxidantien: <strong>Sulfite<\/strong><\/p>\n","protected":false},"excerpt":{"rendered":"<p>Als typischer Riesling von der Nahe, w\u00e4chst unser Riesling trocken hier bei uns auf einem steinigen Boden gepr\u00e4gt von Quarzitgestein.<\/p>\n<p>Daher pr\u00e4sentiert sich der Riesling trocken in einer klar strukurierten und filigranen Art, unterst\u00fctzt durch die pikante S\u00e4ure schmeckt er leicht und elegant. Er verk\u00f6rpert pure Lebendigkeit im Genuss.<\/p>\n<p>Als Basis Riesling unseres Sortiments bieten wir ihn in der Literflasche an.<\/p>\n<p>&nbsp;<\/p>\n","protected":false},"featured_media":5938,"comment_status":"open","ping_status":"closed","template":"","meta":{"site-sidebar-layout":"default","site-content-layout":"default","ast-site-content-layout":"default","site-content-style":"default","site-sidebar-style":"default","ast-global-header-display":"","ast-banner-title-visibility":"","ast-main-header-display":"","ast-hfb-above-header-display":"","ast-hfb-below-header-display":"","ast-hfb-mobile-header-display":"","site-post-title":"","ast-breadcrumbs-content":"","ast-featured-img":"","footer-sml-layout":"","theme-transparent-header-meta":"default","adv-header-id-meta":"","stick-header-meta":"default","header-above-stick-meta":"","header-main-stick-meta":"","header-below-stick-meta":"","astra-migrate-meta-layouts":"set","ast-page-background-enabled":"default","ast-page-background-meta":{"desktop":{"background-color":"var(--ast-global-color-4)","background-image":"","background-repeat":"repeat","background-position":"center center","background-size":"auto","background-attachment":"scroll","background-type":"","background-media":"","overlay-type":"","overlay-color":"","overlay-opacity":"","overlay-gradient":""},"tablet":{"background-color":"","background-image":"","background-repeat":"repeat","background-position":"center center","background-size":"auto","background-attachment":"scroll","background-type":"","background-media":"","overlay-type":"","overlay-color":"","overlay-opacity":"","overlay-gradient":""},"mobile":{"background-color":"","background-image":"","background-repeat":"repeat","background-position":"center center","background-size":"auto","background-attachment":"scroll","background-type":"","background-media":"","overlay-type":"","overlay-color":"","overlay-opacity":"","overlay-gradient":""}},"ast-content-background-meta":{"desktop":{"background-color":"var(--ast-global-color-5)","background-image":"","background-repeat":"repeat","background-position":"center center","background-size":"auto","background-attachment":"scroll","background-type":"","background-media":"","overlay-type":"","overlay-color":"","overlay-opacity":"","overlay-gradient":""},"tablet":{"background-color":"var(--ast-global-color-5)","background-image":"","background-repeat":"repeat","background-position":"center center","background-size":"auto","background-attachment":"scroll","background-type":"","background-media":"","overlay-type":"","overlay-color":"","overlay-opacity":"","overlay-gradient":""},"mobile":{"background-color":"var(--ast-global-color-5)","background-image":"","background-repeat":"repeat","background-position":"center center","background-size":"auto","background-attachment":"scroll","background-type":"","background-media":"","overlay-type":"","overlay-color":"","overlay-opacity":"","overlay-gradient":""}}},"product_brand":[],"product_cat":[16,36],"product_tag":[],"class_list":{"0":"post-371","1":"product","2":"type-product","3":"status-publish","4":"has-post-thumbnail","6":"product_cat-weissweine","7":"product_cat-literweine","8":"desktop-align-center","9":"tablet-align-center","10":"mobile-align-center","11":"ast-product-gallery-layout-vertical","12":"ast-magnify-disabled","13":"ast-product-tabs-layout-horizontal","15":"first","16":"instock","17":"taxable","18":"shipping-taxable","19":"purchasable","20":"product-type-simple"},"yoast_head":"<!-- This site is optimized with the Yoast SEO plugin v27.4 - https:\/\/yoast.com\/product\/yoast-seo-wordpress\/ -->\n<title>2024 Riesling -Quarzit- trocken - Weingut Seckler<\/title>\n<meta name=\"robots\" content=\"index, follow, max-snippet:-1, max-image-preview:large, max-video-preview:-1\" \/>\n<link rel=\"canonical\" href=\"https:\/\/www.secklerwein.de\/shop\/weine\/80-riesling-quarzit\/\" \/>\n<meta property=\"og:locale\" content=\"de_DE\" \/>\n<meta property=\"og:type\" content=\"article\" \/>\n<meta property=\"og:title\" content=\"2024 Riesling -Quarzit- trocken - Weingut Seckler\" \/>\n<meta property=\"og:description\" content=\"Als typischer Riesling von der Nahe, w\u00e4chst unser Riesling trocken hier bei uns auf einem steinigen Boden gepr\u00e4gt von Quarzitgestein.  Daher pr\u00e4sentiert sich der Riesling trocken in einer klar strukurierten und filigranen Art, unterst\u00fctzt durch die pikante S\u00e4ure schmeckt er leicht und elegant. Er verk\u00f6rpert pure Lebendigkeit im Genuss.  Als Basis Riesling unseres Sortiments bieten wir ihn in der Literflasche an.  &nbsp;\" \/>\n<meta property=\"og:url\" content=\"https:\/\/www.secklerwein.de\/shop\/weine\/80-riesling-quarzit\/\" \/>\n<meta property=\"og:site_name\" content=\"Weingut Seckler\" \/>\n<meta property=\"article:modified_time\" content=\"2025-10-01T19:16:30+00:00\" \/>\n<meta property=\"og:image\" content=\"https:\/\/www.secklerwein.de\/shop\/wp-content\/uploads\/2018\/11\/80-2024-Riesling-Quarzit-trocken-front.png\" \/>\n\t<meta property=\"og:image:width\" content=\"377\" \/>\n\t<meta property=\"og:image:height\" content=\"1200\" \/>\n\t<meta property=\"og:image:type\" content=\"image\/png\" \/>\n<meta name=\"twitter:card\" content=\"summary_large_image\" \/>\n<meta name=\"twitter:label1\" content=\"Gesch\u00e4tzte Lesezeit\" \/>\n\t<meta name=\"twitter:data1\" content=\"1\u00a0Minute\" \/>\n<script type=\"application\/ld+json\" class=\"yoast-schema-graph\">{\"@context\":\"https:\\\/\\\/schema.org\",\"@graph\":[{\"@type\":\"WebPage\",\"@id\":\"https:\\\/\\\/www.secklerwein.de\\\/shop\\\/weine\\\/80-riesling-quarzit\\\/\",\"url\":\"https:\\\/\\\/www.secklerwein.de\\\/shop\\\/weine\\\/80-riesling-quarzit\\\/\",\"name\":\"2024 Riesling -Quarzit- trocken - Weingut Seckler\",\"isPartOf\":{\"@id\":\"https:\\\/\\\/www.secklerwein.de\\\/shop\\\/#website\"},\"primaryImageOfPage\":{\"@id\":\"https:\\\/\\\/www.secklerwein.de\\\/shop\\\/weine\\\/80-riesling-quarzit\\\/#primaryimage\"},\"image\":{\"@id\":\"https:\\\/\\\/www.secklerwein.de\\\/shop\\\/weine\\\/80-riesling-quarzit\\\/#primaryimage\"},\"thumbnailUrl\":\"https:\\\/\\\/www.secklerwein.de\\\/shop\\\/wp-content\\\/uploads\\\/2018\\\/11\\\/80-2024-Riesling-Quarzit-trocken-front.png\",\"datePublished\":\"2018-11-19T11:03:32+00:00\",\"dateModified\":\"2025-10-01T19:16:30+00:00\",\"breadcrumb\":{\"@id\":\"https:\\\/\\\/www.secklerwein.de\\\/shop\\\/weine\\\/80-riesling-quarzit\\\/#breadcrumb\"},\"inLanguage\":\"de\",\"potentialAction\":[{\"@type\":\"ReadAction\",\"target\":[\"https:\\\/\\\/www.secklerwein.de\\\/shop\\\/weine\\\/80-riesling-quarzit\\\/\"]}]},{\"@type\":\"ImageObject\",\"inLanguage\":\"de\",\"@id\":\"https:\\\/\\\/www.secklerwein.de\\\/shop\\\/weine\\\/80-riesling-quarzit\\\/#primaryimage\",\"url\":\"https:\\\/\\\/www.secklerwein.de\\\/shop\\\/wp-content\\\/uploads\\\/2018\\\/11\\\/80-2024-Riesling-Quarzit-trocken-front.png\",\"contentUrl\":\"https:\\\/\\\/www.secklerwein.de\\\/shop\\\/wp-content\\\/uploads\\\/2018\\\/11\\\/80-2024-Riesling-Quarzit-trocken-front.png\",\"width\":377,\"height\":1200},{\"@type\":\"BreadcrumbList\",\"@id\":\"https:\\\/\\\/www.secklerwein.de\\\/shop\\\/weine\\\/80-riesling-quarzit\\\/#breadcrumb\",\"itemListElement\":[{\"@type\":\"ListItem\",\"position\":1,\"name\":\"Startseite\",\"item\":\"https:\\\/\\\/www.secklerwein.de\\\/shop\\\/\"},{\"@type\":\"ListItem\",\"position\":2,\"name\":\"Privat: Shop-Seite\",\"item\":\"https:\\\/\\\/www.secklerwein.de\\\/shop\\\/?page_id=200\"},{\"@type\":\"ListItem\",\"position\":3,\"name\":\"2024 Riesling -Quarzit- trocken\"}]},{\"@type\":\"WebSite\",\"@id\":\"https:\\\/\\\/www.secklerwein.de\\\/shop\\\/#website\",\"url\":\"https:\\\/\\\/www.secklerwein.de\\\/shop\\\/\",\"name\":\"Weingut Seckler\",\"description\":\"\",\"publisher\":{\"@id\":\"https:\\\/\\\/www.secklerwein.de\\\/shop\\\/#organization\"},\"potentialAction\":[{\"@type\":\"SearchAction\",\"target\":{\"@type\":\"EntryPoint\",\"urlTemplate\":\"https:\\\/\\\/www.secklerwein.de\\\/shop\\\/?s={search_term_string}\"},\"query-input\":{\"@type\":\"PropertyValueSpecification\",\"valueRequired\":true,\"valueName\":\"search_term_string\"}}],\"inLanguage\":\"de\"},{\"@type\":\"Organization\",\"@id\":\"https:\\\/\\\/www.secklerwein.de\\\/shop\\\/#organization\",\"name\":\"Weingut Seckler\",\"url\":\"https:\\\/\\\/www.secklerwein.de\\\/shop\\\/\",\"logo\":{\"@type\":\"ImageObject\",\"inLanguage\":\"de\",\"@id\":\"https:\\\/\\\/www.secklerwein.de\\\/shop\\\/#\\\/schema\\\/logo\\\/image\\\/\",\"url\":\"https:\\\/\\\/www.secklerwein.de\\\/shop\\\/wp-content\\\/uploads\\\/2022\\\/02\\\/logo.png\",\"contentUrl\":\"https:\\\/\\\/www.secklerwein.de\\\/shop\\\/wp-content\\\/uploads\\\/2022\\\/02\\\/logo.png\",\"width\":743,\"height\":254,\"caption\":\"Weingut Seckler\"},\"image\":{\"@id\":\"https:\\\/\\\/www.secklerwein.de\\\/shop\\\/#\\\/schema\\\/logo\\\/image\\\/\"}}]}<\/script>\n<!-- \/ Yoast SEO plugin. -->","yoast_head_json":{"title":"2024 Riesling -Quarzit- trocken - Weingut Seckler","robots":{"index":"index","follow":"follow","max-snippet":"max-snippet:-1","max-image-preview":"max-image-preview:large","max-video-preview":"max-video-preview:-1"},"canonical":"https:\/\/www.secklerwein.de\/shop\/weine\/80-riesling-quarzit\/","og_locale":"de_DE","og_type":"article","og_title":"2024 Riesling -Quarzit- trocken - Weingut Seckler","og_description":"Als typischer Riesling von der Nahe, w\u00e4chst unser Riesling trocken hier bei uns auf einem steinigen Boden gepr\u00e4gt von Quarzitgestein.  Daher pr\u00e4sentiert sich der Riesling trocken in einer klar strukurierten und filigranen Art, unterst\u00fctzt durch die pikante S\u00e4ure schmeckt er leicht und elegant. Er verk\u00f6rpert pure Lebendigkeit im Genuss.  Als Basis Riesling unseres Sortiments bieten wir ihn in der Literflasche an.  &nbsp;","og_url":"https:\/\/www.secklerwein.de\/shop\/weine\/80-riesling-quarzit\/","og_site_name":"Weingut Seckler","article_modified_time":"2025-10-01T19:16:30+00:00","og_image":[{"width":377,"height":1200,"url":"https:\/\/www.secklerwein.de\/shop\/wp-content\/uploads\/2018\/11\/80-2024-Riesling-Quarzit-trocken-front.png","type":"image\/png"}],"twitter_card":"summary_large_image","twitter_misc":{"Gesch\u00e4tzte Lesezeit":"1\u00a0Minute"},"schema":{"@context":"https:\/\/schema.org","@graph":[{"@type":"WebPage","@id":"https:\/\/www.secklerwein.de\/shop\/weine\/80-riesling-quarzit\/","url":"https:\/\/www.secklerwein.de\/shop\/weine\/80-riesling-quarzit\/","name":"2024 Riesling -Quarzit- trocken - Weingut Seckler","isPartOf":{"@id":"https:\/\/www.secklerwein.de\/shop\/#website"},"primaryImageOfPage":{"@id":"https:\/\/www.secklerwein.de\/shop\/weine\/80-riesling-quarzit\/#primaryimage"},"image":{"@id":"https:\/\/www.secklerwein.de\/shop\/weine\/80-riesling-quarzit\/#primaryimage"},"thumbnailUrl":"https:\/\/www.secklerwein.de\/shop\/wp-content\/uploads\/2018\/11\/80-2024-Riesling-Quarzit-trocken-front.png","datePublished":"2018-11-19T11:03:32+00:00","dateModified":"2025-10-01T19:16:30+00:00","breadcrumb":{"@id":"https:\/\/www.secklerwein.de\/shop\/weine\/80-riesling-quarzit\/#breadcrumb"},"inLanguage":"de","potentialAction":[{"@type":"ReadAction","target":["https:\/\/www.secklerwein.de\/shop\/weine\/80-riesling-quarzit\/"]}]},{"@type":"ImageObject","inLanguage":"de","@id":"https:\/\/www.secklerwein.de\/shop\/weine\/80-riesling-quarzit\/#primaryimage","url":"https:\/\/www.secklerwein.de\/shop\/wp-content\/uploads\/2018\/11\/80-2024-Riesling-Quarzit-trocken-front.png","contentUrl":"https:\/\/www.secklerwein.de\/shop\/wp-content\/uploads\/2018\/11\/80-2024-Riesling-Quarzit-trocken-front.png","width":377,"height":1200},{"@type":"BreadcrumbList","@id":"https:\/\/www.secklerwein.de\/shop\/weine\/80-riesling-quarzit\/#breadcrumb","itemListElement":[{"@type":"ListItem","position":1,"name":"Startseite","item":"https:\/\/www.secklerwein.de\/shop\/"},{"@type":"ListItem","position":2,"name":"Privat: Shop-Seite","item":"https:\/\/www.secklerwein.de\/shop\/?page_id=200"},{"@type":"ListItem","position":3,"name":"2024 Riesling -Quarzit- trocken"}]},{"@type":"WebSite","@id":"https:\/\/www.secklerwein.de\/shop\/#website","url":"https:\/\/www.secklerwein.de\/shop\/","name":"Weingut Seckler","description":"","publisher":{"@id":"https:\/\/www.secklerwein.de\/shop\/#organization"},"potentialAction":[{"@type":"SearchAction","target":{"@type":"EntryPoint","urlTemplate":"https:\/\/www.secklerwein.de\/shop\/?s={search_term_string}"},"query-input":{"@type":"PropertyValueSpecification","valueRequired":true,"valueName":"search_term_string"}}],"inLanguage":"de"},{"@type":"Organization","@id":"https:\/\/www.secklerwein.de\/shop\/#organization","name":"Weingut Seckler","url":"https:\/\/www.secklerwein.de\/shop\/","logo":{"@type":"ImageObject","inLanguage":"de","@id":"https:\/\/www.secklerwein.de\/shop\/#\/schema\/logo\/image\/","url":"https:\/\/www.secklerwein.de\/shop\/wp-content\/uploads\/2022\/02\/logo.png","contentUrl":"https:\/\/www.secklerwein.de\/shop\/wp-content\/uploads\/2022\/02\/logo.png","width":743,"height":254,"caption":"Weingut Seckler"},"image":{"@id":"https:\/\/www.secklerwein.de\/shop\/#\/schema\/logo\/image\/"}}]}},"_links":{"self":[{"href":"https:\/\/www.secklerwein.de\/shop\/wp-json\/wp\/v2\/product\/371","targetHints":{"allow":["GET"]}}],"collection":[{"href":"https:\/\/www.secklerwein.de\/shop\/wp-json\/wp\/v2\/product"}],"about":[{"href":"https:\/\/www.secklerwein.de\/shop\/wp-json\/wp\/v2\/types\/product"}],"replies":[{"embeddable":true,"href":"https:\/\/www.secklerwein.de\/shop\/wp-json\/wp\/v2\/comments?post=371"}],"wp:featuredmedia":[{"embeddable":true,"href":"https:\/\/www.secklerwein.de\/shop\/wp-json\/wp\/v2\/media\/5938"}],"wp:attachment":[{"href":"https:\/\/www.secklerwein.de\/shop\/wp-json\/wp\/v2\/media?parent=371"}],"wp:term":[{"taxonomy":"product_brand","embeddable":true,"href":"https:\/\/www.secklerwein.de\/shop\/wp-json\/wp\/v2\/product_brand?post=371"},{"taxonomy":"product_cat","embeddable":true,"href":"https:\/\/www.secklerwein.de\/shop\/wp-json\/wp\/v2\/product_cat?post=371"},{"taxonomy":"product_tag","embeddable":true,"href":"https:\/\/www.secklerwein.de\/shop\/wp-json\/wp\/v2\/product_tag?post=371"}],"curies":[{"name":"wp","href":"https:\/\/api.w.org\/{rel}","templated":true}]}}