{"id":377,"date":"2018-11-19T12:16:49","date_gmt":"2018-11-19T11:16:49","guid":{"rendered":"https:\/\/www.secklerwein.de\/shop\/?post_type=product&#038;p=377"},"modified":"2026-01-28T12:59:03","modified_gmt":"2026-01-28T11:59:03","slug":"84-karls-liter-rot","status":"publish","type":"product","link":"https:\/\/www.secklerwein.de\/shop\/weine\/84-karls-liter-rot\/","title":{"rendered":"Karl&#8217;s Liter Rot feinherb"},"content":{"rendered":"<p>Alkohol: 12,0% vol | S\u00e4ure: 5,0 g\/l | Rests\u00fc\u00dfe: 14,2 g\/l<br \/>\nInhalt: 1,0 Liter<br \/>\nWeinart: Rotwein<br \/>\nGeschmacksrichtung: feinherb<br \/>\nQualit\u00e4tsstufe: Qualit\u00e4tswein, Gutsabf\u00fcllung<br \/>\nWeinanbaugebiet: Nahe<br \/>\nHerkunftsland: Deutschland<br \/>\nAbf\u00fcller: Weingut Seckler, Naheweinstra\u00dfe 38, 55444 Schweppenhausen<br \/>\nAllergene: enth\u00e4lt Sulfite<\/p>\n<p>100 ml enthalten durchschnittlich:<br \/>\nBrennwert 325 kJ\/78 kcal<br \/>\nFett &lt; 0,5 g<br \/>\ndavon ges\u00e4ttigte Fetts\u00e4uren &lt; 0,1 g<br \/>\nKohlenhydrate 2,4 g<br \/>\ndavon Zucker 1,4 g<br \/>\nEiwei\u00df &lt; 0,5 g<br \/>\nSalz &lt; 0,01 g<\/p>\n<p>Zutaten: Trauben, Saccharose, Stabilisator: Metaweins\u00e4ure, Antioxidationsmittel: <strong>Sulfite<\/strong><\/p>\n","protected":false},"excerpt":{"rendered":"<p>Unsere Karl&#8217;s Liter Weine sind benannt nach Karl Seckler (1922 -2011). Er etablierte unser Flaschenweingesch\u00e4ft schon Mitte der 50er Jahre. Seine Weine in der Literflasche erfreuten sich vor allem wegen ihrer Reint\u00f6nigkeit schon damals gro\u00dfer Beliebtheit und wurden umgangssprachlich als \u201ede Liter vom Karl\u201c oder \u201eem Karl sei Liter\u201c bezeichnet.<\/p>\n<p>Heute bieten wir unsere Karl&#8217;s Liter Weine: als Wei\u00dfwein trocken, feinherb als Rotwein feinherb an.<\/p>\n<p>Alle unsere Karl&#8217;s Liter Weine sind jahrgangstypische Qualit\u00e4tsweine aus unseren angebauten Rebsorten. Im Ausbau favorisieren wir durch eine angenehme S\u00e4ure und einen ausgewogenen Alkoholgehalt eine harmonische, aromatische und klare Geschmacksausrichtung5<\/p>\n","protected":false},"featured_media":1734,"comment_status":"open","ping_status":"closed","template":"","meta":{"site-sidebar-layout":"default","site-content-layout":"default","ast-site-content-layout":"default","site-content-style":"default","site-sidebar-style":"default","ast-global-header-display":"","ast-banner-title-visibility":"","ast-main-header-display":"","ast-hfb-above-header-display":"","ast-hfb-below-header-display":"","ast-hfb-mobile-header-display":"","site-post-title":"","ast-breadcrumbs-content":"","ast-featured-img":"","footer-sml-layout":"","theme-transparent-header-meta":"default","adv-header-id-meta":"","stick-header-meta":"default","header-above-stick-meta":"","header-main-stick-meta":"","header-below-stick-meta":"","astra-migrate-meta-layouts":"set","ast-page-background-enabled":"default","ast-page-background-meta":{"desktop":{"background-color":"var(--ast-global-color-4)","background-image":"","background-repeat":"repeat","background-position":"center center","background-size":"auto","background-attachment":"scroll","background-type":"","background-media":"","overlay-type":"","overlay-color":"","overlay-opacity":"","overlay-gradient":""},"tablet":{"background-color":"","background-image":"","background-repeat":"repeat","background-position":"center center","background-size":"auto","background-attachment":"scroll","background-type":"","background-media":"","overlay-type":"","overlay-color":"","overlay-opacity":"","overlay-gradient":""},"mobile":{"background-color":"","background-image":"","background-repeat":"repeat","background-position":"center center","background-size":"auto","background-attachment":"scroll","background-type":"","background-media":"","overlay-type":"","overlay-color":"","overlay-opacity":"","overlay-gradient":""}},"ast-content-background-meta":{"desktop":{"background-color":"var(--ast-global-color-5)","background-image":"","background-repeat":"repeat","background-position":"center center","background-size":"auto","background-attachment":"scroll","background-type":"","background-media":"","overlay-type":"","overlay-color":"","overlay-opacity":"","overlay-gradient":""},"tablet":{"background-color":"var(--ast-global-color-5)","background-image":"","background-repeat":"repeat","background-position":"center center","background-size":"auto","background-attachment":"scroll","background-type":"","background-media":"","overlay-type":"","overlay-color":"","overlay-opacity":"","overlay-gradient":""},"mobile":{"background-color":"var(--ast-global-color-5)","background-image":"","background-repeat":"repeat","background-position":"center center","background-size":"auto","background-attachment":"scroll","background-type":"","background-media":"","overlay-type":"","overlay-color":"","overlay-opacity":"","overlay-gradient":""}}},"product_brand":[],"product_cat":[36],"product_tag":[],"class_list":{"0":"post-377","1":"product","2":"type-product","3":"status-publish","4":"has-post-thumbnail","6":"product_cat-literweine","7":"desktop-align-center","8":"tablet-align-center","9":"mobile-align-center","10":"ast-product-gallery-layout-vertical","11":"ast-magnify-disabled","12":"ast-product-tabs-layout-horizontal","14":"first","15":"instock","16":"taxable","17":"shipping-taxable","18":"purchasable","19":"product-type-simple"},"yoast_head":"<!-- This site is optimized with the Yoast SEO plugin v27.4 - https:\/\/yoast.com\/product\/yoast-seo-wordpress\/ -->\n<title>Karl&#039;s Liter Rot feinherb - Weingut Seckler<\/title>\n<meta name=\"robots\" content=\"index, follow, max-snippet:-1, max-image-preview:large, max-video-preview:-1\" \/>\n<link rel=\"canonical\" href=\"https:\/\/www.secklerwein.de\/shop\/weine\/84-karls-liter-rot\/\" \/>\n<meta property=\"og:locale\" content=\"de_DE\" \/>\n<meta property=\"og:type\" content=\"article\" \/>\n<meta property=\"og:title\" content=\"Karl&#039;s Liter Rot feinherb - Weingut Seckler\" \/>\n<meta property=\"og:description\" content=\"Unsere Karl&#039;s Liter Weine sind benannt nach Karl Seckler (1922 -2011). Er etablierte unser Flaschenweingesch\u00e4ft schon Mitte der 50er Jahre. Seine Weine in der Literflasche erfreuten sich vor allem wegen ihrer Reint\u00f6nigkeit schon damals gro\u00dfer Beliebtheit und wurden umgangssprachlich als \u201ede Liter vom Karl\u201c oder \u201eem Karl sei Liter\u201c bezeichnet.  Heute bieten wir unsere Karl&#039;s Liter Weine: als Wei\u00dfwein trocken, feinherb als Rotwein feinherb an.  Alle unsere Karl&#039;s Liter Weine sind jahrgangstypische Qualit\u00e4tsweine aus unseren angebauten Rebsorten. Im Ausbau favorisieren wir durch eine angenehme S\u00e4ure und einen ausgewogenen Alkoholgehalt eine harmonische, aromatische und klare Geschmacksausrichtung5\" \/>\n<meta property=\"og:url\" content=\"https:\/\/www.secklerwein.de\/shop\/weine\/84-karls-liter-rot\/\" \/>\n<meta property=\"og:site_name\" content=\"Weingut Seckler\" \/>\n<meta property=\"article:modified_time\" content=\"2026-01-28T11:59:03+00:00\" \/>\n<meta property=\"og:image\" content=\"https:\/\/www.secklerwein.de\/shop\/wp-content\/uploads\/2018\/11\/84-KarlsLiter-Rotwein-front.png\" \/>\n\t<meta property=\"og:image:width\" content=\"377\" \/>\n\t<meta property=\"og:image:height\" content=\"1200\" \/>\n\t<meta property=\"og:image:type\" content=\"image\/png\" \/>\n<meta name=\"twitter:card\" content=\"summary_large_image\" \/>\n<meta name=\"twitter:label1\" content=\"Gesch\u00e4tzte Lesezeit\" \/>\n\t<meta name=\"twitter:data1\" content=\"1\u00a0Minute\" \/>\n<script type=\"application\/ld+json\" class=\"yoast-schema-graph\">{\"@context\":\"https:\\\/\\\/schema.org\",\"@graph\":[{\"@type\":\"WebPage\",\"@id\":\"https:\\\/\\\/www.secklerwein.de\\\/shop\\\/weine\\\/84-karls-liter-rot\\\/\",\"url\":\"https:\\\/\\\/www.secklerwein.de\\\/shop\\\/weine\\\/84-karls-liter-rot\\\/\",\"name\":\"Karl's Liter Rot feinherb - Weingut Seckler\",\"isPartOf\":{\"@id\":\"https:\\\/\\\/www.secklerwein.de\\\/shop\\\/#website\"},\"primaryImageOfPage\":{\"@id\":\"https:\\\/\\\/www.secklerwein.de\\\/shop\\\/weine\\\/84-karls-liter-rot\\\/#primaryimage\"},\"image\":{\"@id\":\"https:\\\/\\\/www.secklerwein.de\\\/shop\\\/weine\\\/84-karls-liter-rot\\\/#primaryimage\"},\"thumbnailUrl\":\"https:\\\/\\\/www.secklerwein.de\\\/shop\\\/wp-content\\\/uploads\\\/2018\\\/11\\\/84-KarlsLiter-Rotwein-front.png\",\"datePublished\":\"2018-11-19T11:16:49+00:00\",\"dateModified\":\"2026-01-28T11:59:03+00:00\",\"breadcrumb\":{\"@id\":\"https:\\\/\\\/www.secklerwein.de\\\/shop\\\/weine\\\/84-karls-liter-rot\\\/#breadcrumb\"},\"inLanguage\":\"de\",\"potentialAction\":[{\"@type\":\"ReadAction\",\"target\":[\"https:\\\/\\\/www.secklerwein.de\\\/shop\\\/weine\\\/84-karls-liter-rot\\\/\"]}]},{\"@type\":\"ImageObject\",\"inLanguage\":\"de\",\"@id\":\"https:\\\/\\\/www.secklerwein.de\\\/shop\\\/weine\\\/84-karls-liter-rot\\\/#primaryimage\",\"url\":\"https:\\\/\\\/www.secklerwein.de\\\/shop\\\/wp-content\\\/uploads\\\/2018\\\/11\\\/84-KarlsLiter-Rotwein-front.png\",\"contentUrl\":\"https:\\\/\\\/www.secklerwein.de\\\/shop\\\/wp-content\\\/uploads\\\/2018\\\/11\\\/84-KarlsLiter-Rotwein-front.png\",\"width\":377,\"height\":1200},{\"@type\":\"BreadcrumbList\",\"@id\":\"https:\\\/\\\/www.secklerwein.de\\\/shop\\\/weine\\\/84-karls-liter-rot\\\/#breadcrumb\",\"itemListElement\":[{\"@type\":\"ListItem\",\"position\":1,\"name\":\"Startseite\",\"item\":\"https:\\\/\\\/www.secklerwein.de\\\/shop\\\/\"},{\"@type\":\"ListItem\",\"position\":2,\"name\":\"Privat: Shop-Seite\",\"item\":\"https:\\\/\\\/www.secklerwein.de\\\/shop\\\/?page_id=200\"},{\"@type\":\"ListItem\",\"position\":3,\"name\":\"Karl&#8217;s Liter Rot feinherb\"}]},{\"@type\":\"WebSite\",\"@id\":\"https:\\\/\\\/www.secklerwein.de\\\/shop\\\/#website\",\"url\":\"https:\\\/\\\/www.secklerwein.de\\\/shop\\\/\",\"name\":\"Weingut Seckler\",\"description\":\"\",\"publisher\":{\"@id\":\"https:\\\/\\\/www.secklerwein.de\\\/shop\\\/#organization\"},\"potentialAction\":[{\"@type\":\"SearchAction\",\"target\":{\"@type\":\"EntryPoint\",\"urlTemplate\":\"https:\\\/\\\/www.secklerwein.de\\\/shop\\\/?s={search_term_string}\"},\"query-input\":{\"@type\":\"PropertyValueSpecification\",\"valueRequired\":true,\"valueName\":\"search_term_string\"}}],\"inLanguage\":\"de\"},{\"@type\":\"Organization\",\"@id\":\"https:\\\/\\\/www.secklerwein.de\\\/shop\\\/#organization\",\"name\":\"Weingut Seckler\",\"url\":\"https:\\\/\\\/www.secklerwein.de\\\/shop\\\/\",\"logo\":{\"@type\":\"ImageObject\",\"inLanguage\":\"de\",\"@id\":\"https:\\\/\\\/www.secklerwein.de\\\/shop\\\/#\\\/schema\\\/logo\\\/image\\\/\",\"url\":\"https:\\\/\\\/www.secklerwein.de\\\/shop\\\/wp-content\\\/uploads\\\/2022\\\/02\\\/logo.png\",\"contentUrl\":\"https:\\\/\\\/www.secklerwein.de\\\/shop\\\/wp-content\\\/uploads\\\/2022\\\/02\\\/logo.png\",\"width\":743,\"height\":254,\"caption\":\"Weingut Seckler\"},\"image\":{\"@id\":\"https:\\\/\\\/www.secklerwein.de\\\/shop\\\/#\\\/schema\\\/logo\\\/image\\\/\"}}]}<\/script>\n<!-- \/ Yoast SEO plugin. -->","yoast_head_json":{"title":"Karl's Liter Rot feinherb - Weingut Seckler","robots":{"index":"index","follow":"follow","max-snippet":"max-snippet:-1","max-image-preview":"max-image-preview:large","max-video-preview":"max-video-preview:-1"},"canonical":"https:\/\/www.secklerwein.de\/shop\/weine\/84-karls-liter-rot\/","og_locale":"de_DE","og_type":"article","og_title":"Karl's Liter Rot feinherb - Weingut Seckler","og_description":"Unsere Karl's Liter Weine sind benannt nach Karl Seckler (1922 -2011). Er etablierte unser Flaschenweingesch\u00e4ft schon Mitte der 50er Jahre. Seine Weine in der Literflasche erfreuten sich vor allem wegen ihrer Reint\u00f6nigkeit schon damals gro\u00dfer Beliebtheit und wurden umgangssprachlich als \u201ede Liter vom Karl\u201c oder \u201eem Karl sei Liter\u201c bezeichnet.  Heute bieten wir unsere Karl's Liter Weine: als Wei\u00dfwein trocken, feinherb als Rotwein feinherb an.  Alle unsere Karl's Liter Weine sind jahrgangstypische Qualit\u00e4tsweine aus unseren angebauten Rebsorten. Im Ausbau favorisieren wir durch eine angenehme S\u00e4ure und einen ausgewogenen Alkoholgehalt eine harmonische, aromatische und klare Geschmacksausrichtung5","og_url":"https:\/\/www.secklerwein.de\/shop\/weine\/84-karls-liter-rot\/","og_site_name":"Weingut Seckler","article_modified_time":"2026-01-28T11:59:03+00:00","og_image":[{"width":377,"height":1200,"url":"https:\/\/www.secklerwein.de\/shop\/wp-content\/uploads\/2018\/11\/84-KarlsLiter-Rotwein-front.png","type":"image\/png"}],"twitter_card":"summary_large_image","twitter_misc":{"Gesch\u00e4tzte Lesezeit":"1\u00a0Minute"},"schema":{"@context":"https:\/\/schema.org","@graph":[{"@type":"WebPage","@id":"https:\/\/www.secklerwein.de\/shop\/weine\/84-karls-liter-rot\/","url":"https:\/\/www.secklerwein.de\/shop\/weine\/84-karls-liter-rot\/","name":"Karl's Liter Rot feinherb - Weingut Seckler","isPartOf":{"@id":"https:\/\/www.secklerwein.de\/shop\/#website"},"primaryImageOfPage":{"@id":"https:\/\/www.secklerwein.de\/shop\/weine\/84-karls-liter-rot\/#primaryimage"},"image":{"@id":"https:\/\/www.secklerwein.de\/shop\/weine\/84-karls-liter-rot\/#primaryimage"},"thumbnailUrl":"https:\/\/www.secklerwein.de\/shop\/wp-content\/uploads\/2018\/11\/84-KarlsLiter-Rotwein-front.png","datePublished":"2018-11-19T11:16:49+00:00","dateModified":"2026-01-28T11:59:03+00:00","breadcrumb":{"@id":"https:\/\/www.secklerwein.de\/shop\/weine\/84-karls-liter-rot\/#breadcrumb"},"inLanguage":"de","potentialAction":[{"@type":"ReadAction","target":["https:\/\/www.secklerwein.de\/shop\/weine\/84-karls-liter-rot\/"]}]},{"@type":"ImageObject","inLanguage":"de","@id":"https:\/\/www.secklerwein.de\/shop\/weine\/84-karls-liter-rot\/#primaryimage","url":"https:\/\/www.secklerwein.de\/shop\/wp-content\/uploads\/2018\/11\/84-KarlsLiter-Rotwein-front.png","contentUrl":"https:\/\/www.secklerwein.de\/shop\/wp-content\/uploads\/2018\/11\/84-KarlsLiter-Rotwein-front.png","width":377,"height":1200},{"@type":"BreadcrumbList","@id":"https:\/\/www.secklerwein.de\/shop\/weine\/84-karls-liter-rot\/#breadcrumb","itemListElement":[{"@type":"ListItem","position":1,"name":"Startseite","item":"https:\/\/www.secklerwein.de\/shop\/"},{"@type":"ListItem","position":2,"name":"Privat: Shop-Seite","item":"https:\/\/www.secklerwein.de\/shop\/?page_id=200"},{"@type":"ListItem","position":3,"name":"Karl&#8217;s Liter Rot feinherb"}]},{"@type":"WebSite","@id":"https:\/\/www.secklerwein.de\/shop\/#website","url":"https:\/\/www.secklerwein.de\/shop\/","name":"Weingut Seckler","description":"","publisher":{"@id":"https:\/\/www.secklerwein.de\/shop\/#organization"},"potentialAction":[{"@type":"SearchAction","target":{"@type":"EntryPoint","urlTemplate":"https:\/\/www.secklerwein.de\/shop\/?s={search_term_string}"},"query-input":{"@type":"PropertyValueSpecification","valueRequired":true,"valueName":"search_term_string"}}],"inLanguage":"de"},{"@type":"Organization","@id":"https:\/\/www.secklerwein.de\/shop\/#organization","name":"Weingut Seckler","url":"https:\/\/www.secklerwein.de\/shop\/","logo":{"@type":"ImageObject","inLanguage":"de","@id":"https:\/\/www.secklerwein.de\/shop\/#\/schema\/logo\/image\/","url":"https:\/\/www.secklerwein.de\/shop\/wp-content\/uploads\/2022\/02\/logo.png","contentUrl":"https:\/\/www.secklerwein.de\/shop\/wp-content\/uploads\/2022\/02\/logo.png","width":743,"height":254,"caption":"Weingut Seckler"},"image":{"@id":"https:\/\/www.secklerwein.de\/shop\/#\/schema\/logo\/image\/"}}]}},"_links":{"self":[{"href":"https:\/\/www.secklerwein.de\/shop\/wp-json\/wp\/v2\/product\/377","targetHints":{"allow":["GET"]}}],"collection":[{"href":"https:\/\/www.secklerwein.de\/shop\/wp-json\/wp\/v2\/product"}],"about":[{"href":"https:\/\/www.secklerwein.de\/shop\/wp-json\/wp\/v2\/types\/product"}],"replies":[{"embeddable":true,"href":"https:\/\/www.secklerwein.de\/shop\/wp-json\/wp\/v2\/comments?post=377"}],"wp:featuredmedia":[{"embeddable":true,"href":"https:\/\/www.secklerwein.de\/shop\/wp-json\/wp\/v2\/media\/1734"}],"wp:attachment":[{"href":"https:\/\/www.secklerwein.de\/shop\/wp-json\/wp\/v2\/media?parent=377"}],"wp:term":[{"taxonomy":"product_brand","embeddable":true,"href":"https:\/\/www.secklerwein.de\/shop\/wp-json\/wp\/v2\/product_brand?post=377"},{"taxonomy":"product_cat","embeddable":true,"href":"https:\/\/www.secklerwein.de\/shop\/wp-json\/wp\/v2\/product_cat?post=377"},{"taxonomy":"product_tag","embeddable":true,"href":"https:\/\/www.secklerwein.de\/shop\/wp-json\/wp\/v2\/product_tag?post=377"}],"curies":[{"name":"wp","href":"https:\/\/api.w.org\/{rel}","templated":true}]}}