{"id":5690,"date":"2025-06-04T16:35:13","date_gmt":"2025-06-04T15:35:13","guid":{"rendered":"https:\/\/www.secklerwein.de\/shop\/?post_type=product&#038;p=5690"},"modified":"2025-12-13T09:53:56","modified_gmt":"2025-12-13T08:53:56","slug":"09-weissburgunder","status":"publish","type":"product","link":"https:\/\/www.secklerwein.de\/shop\/weine\/09-weissburgunder\/","title":{"rendered":"2024 Schweppenh\u00e4user Wei\u00dfburgunder trocken Sp\u00e4tlese -Jubil\u00e4um 900 Jahre-"},"content":{"rendered":"<p>Alkohol: 12,0% vol | S\u00e4ure: 5,7 g\/l | Rests\u00fc\u00dfe: 6,5 g\/l<br \/>\nInhalt: 0,75 Liter<br \/>\nWeinart: Wei\u00dfwein<br \/>\nJahrgang: 2024<br \/>\nRebsorte: Wei\u00dfburgunder<br \/>\nGeschmacksrichtung: trocken<br \/>\nOrtswein: Schweppenhausen<br \/>\nQualit\u00e4tsstufe: Pr\u00e4dikstswein Sp\u00e4tlese, Gutsabf\u00fcllung<br \/>\nWeinanbaugebiet: Nahe<br \/>\nHerkunftsland: Deutschland<br \/>\nAbf\u00fcller: Weingut Seckler, Naheweinstra\u00dfe 38, 55444 Schweppenhausen<br \/>\nAllergene: enth\u00e4lt Sulfite<\/p>\n<p>100 ml enthalten durchschnittlich:<br \/>\nBrennwert 309 kJ\/74 kcal<br \/>\nFett &lt; 0,5 g<br \/>\ndavon ges\u00e4ttigte Fetts\u00e4uren &lt; 0,1 g<br \/>\nKohlenhydrate 1,7 g<br \/>\ndavon Zucker 0,7 g<br \/>\nEiwei\u00df &lt; 0,5 g<br \/>\nSalz &lt; 0,01 g<\/p>\n<p>Zutaten: Trauben, Stabilisator: Metaweins\u00e4ure, Antioxidantien: <strong>Sulfite<\/strong><\/p>\n","protected":false},"excerpt":{"rendered":"<p>Schweppenhausen feiert 900-j\u00e4hriges Jubil\u00e4um. Zu diesem besonderen Anlass konnten wir einen einzigartigen Wein kreieren, einen Wei\u00dfburgunder Sp\u00e4tlese trocken aus dem Jahr 2024.<\/p>\n<p>Dieser ist mehr als ein Jubil\u00e4umswein. Er ist gepr\u00e4gt von den Witterungsbedingungen im Fr\u00fchjahr 2024: Eine sp\u00e4te Frostperiode reduzierte enorm den Traubenertrag in unseren Weinbergen im Schweppenh\u00e4user Schlossgarten. Doch gerade dieser Mengenverlust sorgte f\u00fcr eine Konzentration und Qualit\u00e4t der Trauben, die in dieser Form selten zu finden ist.<\/p>\n<p>Daher bringt dieser beeindruckende Wei\u00dfburgunder trocken als Ortswein, mit seiner intensiven und komplexen Burgunderaromatik und einer eleganten Geschmackscharakteristik, maximal viel Schweppenhausen ins Glas.<\/p>\n<p><strong>&#8211; ausverkauft &#8211;<\/strong><\/p>\n","protected":false},"featured_media":5689,"comment_status":"open","ping_status":"closed","template":"","meta":{"site-sidebar-layout":"default","site-content-layout":"default","ast-site-content-layout":"default","site-content-style":"default","site-sidebar-style":"default","ast-global-header-display":"","ast-banner-title-visibility":"","ast-main-header-display":"","ast-hfb-above-header-display":"","ast-hfb-below-header-display":"","ast-hfb-mobile-header-display":"","site-post-title":"","ast-breadcrumbs-content":"","ast-featured-img":"","footer-sml-layout":"","theme-transparent-header-meta":"default","adv-header-id-meta":"","stick-header-meta":"default","header-above-stick-meta":"","header-main-stick-meta":"","header-below-stick-meta":"","astra-migrate-meta-layouts":"set","ast-page-background-enabled":"default","ast-page-background-meta":{"desktop":{"background-color":"var(--ast-global-color-4)","background-image":"","background-repeat":"repeat","background-position":"center center","background-size":"auto","background-attachment":"scroll","background-type":"","background-media":"","overlay-type":"","overlay-color":"","overlay-opacity":"","overlay-gradient":""},"tablet":{"background-color":"","background-image":"","background-repeat":"repeat","background-position":"center center","background-size":"auto","background-attachment":"scroll","background-type":"","background-media":"","overlay-type":"","overlay-color":"","overlay-opacity":"","overlay-gradient":""},"mobile":{"background-color":"","background-image":"","background-repeat":"repeat","background-position":"center center","background-size":"auto","background-attachment":"scroll","background-type":"","background-media":"","overlay-type":"","overlay-color":"","overlay-opacity":"","overlay-gradient":""}},"ast-content-background-meta":{"desktop":{"background-color":"var(--ast-global-color-5)","background-image":"","background-repeat":"repeat","background-position":"center center","background-size":"auto","background-attachment":"scroll","background-type":"","background-media":"","overlay-type":"","overlay-color":"","overlay-opacity":"","overlay-gradient":""},"tablet":{"background-color":"var(--ast-global-color-5)","background-image":"","background-repeat":"repeat","background-position":"center center","background-size":"auto","background-attachment":"scroll","background-type":"","background-media":"","overlay-type":"","overlay-color":"","overlay-opacity":"","overlay-gradient":""},"mobile":{"background-color":"var(--ast-global-color-5)","background-image":"","background-repeat":"repeat","background-position":"center center","background-size":"auto","background-attachment":"scroll","background-type":"","background-media":"","overlay-type":"","overlay-color":"","overlay-opacity":"","overlay-gradient":""}}},"product_brand":[],"product_cat":[16],"product_tag":[],"class_list":{"0":"post-5690","1":"product","2":"type-product","3":"status-publish","4":"has-post-thumbnail","6":"product_cat-weissweine","7":"desktop-align-center","8":"tablet-align-center","9":"mobile-align-center","10":"ast-product-gallery-layout-vertical","11":"ast-magnify-disabled","12":"ast-product-tabs-layout-horizontal","14":"first","15":"outofstock","16":"taxable","17":"shipping-taxable","18":"purchasable","19":"product-type-simple"},"yoast_head":"<!-- This site is optimized with the Yoast SEO plugin v27.5 - https:\/\/yoast.com\/product\/yoast-seo-wordpress\/ -->\n<title>2024 Schweppenh\u00e4user Wei\u00dfburgunder trocken Sp\u00e4tlese -Jubil\u00e4um 900 Jahre- Weingut Seckler<\/title>\n<meta name=\"robots\" content=\"index, follow, max-snippet:-1, max-image-preview:large, max-video-preview:-1\" \/>\n<link rel=\"canonical\" href=\"https:\/\/www.secklerwein.de\/shop\/weine\/09-weissburgunder\/\" \/>\n<meta property=\"og:locale\" content=\"de_DE\" \/>\n<meta property=\"og:type\" content=\"article\" \/>\n<meta property=\"og:title\" content=\"2024 Schweppenh\u00e4user Wei\u00dfburgunder trocken Sp\u00e4tlese -Jubil\u00e4um 900 Jahre- Weingut Seckler\" \/>\n<meta property=\"og:description\" content=\"Schweppenhausen feiert 900-j\u00e4hriges Jubil\u00e4um. Zu diesem besonderen Anlass konnten wir einen einzigartigen Wein kreieren, einen Wei\u00dfburgunder Sp\u00e4tlese trocken aus dem Jahr 2024.  Dieser ist mehr als ein Jubil\u00e4umswein. Er ist gepr\u00e4gt von den Witterungsbedingungen im Fr\u00fchjahr 2024: Eine sp\u00e4te Frostperiode reduzierte enorm den Traubenertrag in unseren Weinbergen im Schweppenh\u00e4user Schlossgarten. Doch gerade dieser Mengenverlust sorgte f\u00fcr eine Konzentration und Qualit\u00e4t der Trauben, die in dieser Form selten zu finden ist.  Daher bringt dieser beeindruckende Wei\u00dfburgunder trocken als Ortswein, mit seiner intensiven und komplexen Burgunderaromatik und einer eleganten Geschmackscharakteristik, maximal viel Schweppenhausen ins Glas.  - ausverkauft -\" \/>\n<meta property=\"og:url\" content=\"https:\/\/www.secklerwein.de\/shop\/weine\/09-weissburgunder\/\" \/>\n<meta property=\"og:site_name\" content=\"Weingut Seckler\" \/>\n<meta property=\"article:modified_time\" content=\"2025-12-13T08:53:56+00:00\" \/>\n<meta property=\"og:image\" content=\"https:\/\/www.secklerwein.de\/shop\/wp-content\/uploads\/2025\/06\/09-2024-Weissburgunder-900Jahre-front.png\" \/>\n\t<meta property=\"og:image:width\" content=\"377\" \/>\n\t<meta property=\"og:image:height\" content=\"1200\" \/>\n\t<meta property=\"og:image:type\" content=\"image\/png\" \/>\n<meta name=\"twitter:card\" content=\"summary_large_image\" \/>\n<meta name=\"twitter:label1\" content=\"Gesch\u00e4tzte Lesezeit\" \/>\n\t<meta name=\"twitter:data1\" content=\"1\u00a0Minute\" \/>\n<script type=\"application\/ld+json\" class=\"yoast-schema-graph\">{\"@context\":\"https:\\\/\\\/schema.org\",\"@graph\":[{\"@type\":\"WebPage\",\"@id\":\"https:\\\/\\\/www.secklerwein.de\\\/shop\\\/weine\\\/09-weissburgunder\\\/\",\"url\":\"https:\\\/\\\/www.secklerwein.de\\\/shop\\\/weine\\\/09-weissburgunder\\\/\",\"name\":\"2024 Schweppenh\u00e4user Wei\u00dfburgunder trocken Sp\u00e4tlese -Jubil\u00e4um 900 Jahre- Weingut Seckler\",\"isPartOf\":{\"@id\":\"https:\\\/\\\/www.secklerwein.de\\\/shop\\\/#website\"},\"primaryImageOfPage\":{\"@id\":\"https:\\\/\\\/www.secklerwein.de\\\/shop\\\/weine\\\/09-weissburgunder\\\/#primaryimage\"},\"image\":{\"@id\":\"https:\\\/\\\/www.secklerwein.de\\\/shop\\\/weine\\\/09-weissburgunder\\\/#primaryimage\"},\"thumbnailUrl\":\"https:\\\/\\\/www.secklerwein.de\\\/shop\\\/wp-content\\\/uploads\\\/2025\\\/06\\\/09-2024-Weissburgunder-900Jahre-front.png\",\"datePublished\":\"2025-06-04T15:35:13+00:00\",\"dateModified\":\"2025-12-13T08:53:56+00:00\",\"breadcrumb\":{\"@id\":\"https:\\\/\\\/www.secklerwein.de\\\/shop\\\/weine\\\/09-weissburgunder\\\/#breadcrumb\"},\"inLanguage\":\"de\",\"potentialAction\":[{\"@type\":\"ReadAction\",\"target\":[\"https:\\\/\\\/www.secklerwein.de\\\/shop\\\/weine\\\/09-weissburgunder\\\/\"]}]},{\"@type\":\"ImageObject\",\"inLanguage\":\"de\",\"@id\":\"https:\\\/\\\/www.secklerwein.de\\\/shop\\\/weine\\\/09-weissburgunder\\\/#primaryimage\",\"url\":\"https:\\\/\\\/www.secklerwein.de\\\/shop\\\/wp-content\\\/uploads\\\/2025\\\/06\\\/09-2024-Weissburgunder-900Jahre-front.png\",\"contentUrl\":\"https:\\\/\\\/www.secklerwein.de\\\/shop\\\/wp-content\\\/uploads\\\/2025\\\/06\\\/09-2024-Weissburgunder-900Jahre-front.png\",\"width\":377,\"height\":1200},{\"@type\":\"BreadcrumbList\",\"@id\":\"https:\\\/\\\/www.secklerwein.de\\\/shop\\\/weine\\\/09-weissburgunder\\\/#breadcrumb\",\"itemListElement\":[{\"@type\":\"ListItem\",\"position\":1,\"name\":\"Startseite\",\"item\":\"https:\\\/\\\/www.secklerwein.de\\\/shop\\\/\"},{\"@type\":\"ListItem\",\"position\":2,\"name\":\"Privat: Shop-Seite\",\"item\":\"https:\\\/\\\/www.secklerwein.de\\\/shop\\\/?page_id=200\"},{\"@type\":\"ListItem\",\"position\":3,\"name\":\"2024 Schweppenh\u00e4user Wei\u00dfburgunder trocken Sp\u00e4tlese -Jubil\u00e4um 900 Jahre-\"}]},{\"@type\":\"WebSite\",\"@id\":\"https:\\\/\\\/www.secklerwein.de\\\/shop\\\/#website\",\"url\":\"https:\\\/\\\/www.secklerwein.de\\\/shop\\\/\",\"name\":\"Weingut Seckler\",\"description\":\"\",\"publisher\":{\"@id\":\"https:\\\/\\\/www.secklerwein.de\\\/shop\\\/#organization\"},\"potentialAction\":[{\"@type\":\"SearchAction\",\"target\":{\"@type\":\"EntryPoint\",\"urlTemplate\":\"https:\\\/\\\/www.secklerwein.de\\\/shop\\\/?s={search_term_string}\"},\"query-input\":{\"@type\":\"PropertyValueSpecification\",\"valueRequired\":true,\"valueName\":\"search_term_string\"}}],\"inLanguage\":\"de\"},{\"@type\":\"Organization\",\"@id\":\"https:\\\/\\\/www.secklerwein.de\\\/shop\\\/#organization\",\"name\":\"Weingut Seckler\",\"url\":\"https:\\\/\\\/www.secklerwein.de\\\/shop\\\/\",\"logo\":{\"@type\":\"ImageObject\",\"inLanguage\":\"de\",\"@id\":\"https:\\\/\\\/www.secklerwein.de\\\/shop\\\/#\\\/schema\\\/logo\\\/image\\\/\",\"url\":\"https:\\\/\\\/www.secklerwein.de\\\/shop\\\/wp-content\\\/uploads\\\/2022\\\/02\\\/logo.png\",\"contentUrl\":\"https:\\\/\\\/www.secklerwein.de\\\/shop\\\/wp-content\\\/uploads\\\/2022\\\/02\\\/logo.png\",\"width\":743,\"height\":254,\"caption\":\"Weingut Seckler\"},\"image\":{\"@id\":\"https:\\\/\\\/www.secklerwein.de\\\/shop\\\/#\\\/schema\\\/logo\\\/image\\\/\"}}]}<\/script>\n<!-- \/ Yoast SEO plugin. -->","yoast_head_json":{"title":"2024 Schweppenh\u00e4user Wei\u00dfburgunder trocken Sp\u00e4tlese -Jubil\u00e4um 900 Jahre- Weingut Seckler","robots":{"index":"index","follow":"follow","max-snippet":"max-snippet:-1","max-image-preview":"max-image-preview:large","max-video-preview":"max-video-preview:-1"},"canonical":"https:\/\/www.secklerwein.de\/shop\/weine\/09-weissburgunder\/","og_locale":"de_DE","og_type":"article","og_title":"2024 Schweppenh\u00e4user Wei\u00dfburgunder trocken Sp\u00e4tlese -Jubil\u00e4um 900 Jahre- Weingut Seckler","og_description":"Schweppenhausen feiert 900-j\u00e4hriges Jubil\u00e4um. Zu diesem besonderen Anlass konnten wir einen einzigartigen Wein kreieren, einen Wei\u00dfburgunder Sp\u00e4tlese trocken aus dem Jahr 2024.  Dieser ist mehr als ein Jubil\u00e4umswein. Er ist gepr\u00e4gt von den Witterungsbedingungen im Fr\u00fchjahr 2024: Eine sp\u00e4te Frostperiode reduzierte enorm den Traubenertrag in unseren Weinbergen im Schweppenh\u00e4user Schlossgarten. Doch gerade dieser Mengenverlust sorgte f\u00fcr eine Konzentration und Qualit\u00e4t der Trauben, die in dieser Form selten zu finden ist.  Daher bringt dieser beeindruckende Wei\u00dfburgunder trocken als Ortswein, mit seiner intensiven und komplexen Burgunderaromatik und einer eleganten Geschmackscharakteristik, maximal viel Schweppenhausen ins Glas.  - ausverkauft -","og_url":"https:\/\/www.secklerwein.de\/shop\/weine\/09-weissburgunder\/","og_site_name":"Weingut Seckler","article_modified_time":"2025-12-13T08:53:56+00:00","og_image":[{"width":377,"height":1200,"url":"https:\/\/www.secklerwein.de\/shop\/wp-content\/uploads\/2025\/06\/09-2024-Weissburgunder-900Jahre-front.png","type":"image\/png"}],"twitter_card":"summary_large_image","twitter_misc":{"Gesch\u00e4tzte Lesezeit":"1\u00a0Minute"},"schema":{"@context":"https:\/\/schema.org","@graph":[{"@type":"WebPage","@id":"https:\/\/www.secklerwein.de\/shop\/weine\/09-weissburgunder\/","url":"https:\/\/www.secklerwein.de\/shop\/weine\/09-weissburgunder\/","name":"2024 Schweppenh\u00e4user Wei\u00dfburgunder trocken Sp\u00e4tlese -Jubil\u00e4um 900 Jahre- Weingut Seckler","isPartOf":{"@id":"https:\/\/www.secklerwein.de\/shop\/#website"},"primaryImageOfPage":{"@id":"https:\/\/www.secklerwein.de\/shop\/weine\/09-weissburgunder\/#primaryimage"},"image":{"@id":"https:\/\/www.secklerwein.de\/shop\/weine\/09-weissburgunder\/#primaryimage"},"thumbnailUrl":"https:\/\/www.secklerwein.de\/shop\/wp-content\/uploads\/2025\/06\/09-2024-Weissburgunder-900Jahre-front.png","datePublished":"2025-06-04T15:35:13+00:00","dateModified":"2025-12-13T08:53:56+00:00","breadcrumb":{"@id":"https:\/\/www.secklerwein.de\/shop\/weine\/09-weissburgunder\/#breadcrumb"},"inLanguage":"de","potentialAction":[{"@type":"ReadAction","target":["https:\/\/www.secklerwein.de\/shop\/weine\/09-weissburgunder\/"]}]},{"@type":"ImageObject","inLanguage":"de","@id":"https:\/\/www.secklerwein.de\/shop\/weine\/09-weissburgunder\/#primaryimage","url":"https:\/\/www.secklerwein.de\/shop\/wp-content\/uploads\/2025\/06\/09-2024-Weissburgunder-900Jahre-front.png","contentUrl":"https:\/\/www.secklerwein.de\/shop\/wp-content\/uploads\/2025\/06\/09-2024-Weissburgunder-900Jahre-front.png","width":377,"height":1200},{"@type":"BreadcrumbList","@id":"https:\/\/www.secklerwein.de\/shop\/weine\/09-weissburgunder\/#breadcrumb","itemListElement":[{"@type":"ListItem","position":1,"name":"Startseite","item":"https:\/\/www.secklerwein.de\/shop\/"},{"@type":"ListItem","position":2,"name":"Privat: Shop-Seite","item":"https:\/\/www.secklerwein.de\/shop\/?page_id=200"},{"@type":"ListItem","position":3,"name":"2024 Schweppenh\u00e4user Wei\u00dfburgunder trocken Sp\u00e4tlese -Jubil\u00e4um 900 Jahre-"}]},{"@type":"WebSite","@id":"https:\/\/www.secklerwein.de\/shop\/#website","url":"https:\/\/www.secklerwein.de\/shop\/","name":"Weingut Seckler","description":"","publisher":{"@id":"https:\/\/www.secklerwein.de\/shop\/#organization"},"potentialAction":[{"@type":"SearchAction","target":{"@type":"EntryPoint","urlTemplate":"https:\/\/www.secklerwein.de\/shop\/?s={search_term_string}"},"query-input":{"@type":"PropertyValueSpecification","valueRequired":true,"valueName":"search_term_string"}}],"inLanguage":"de"},{"@type":"Organization","@id":"https:\/\/www.secklerwein.de\/shop\/#organization","name":"Weingut Seckler","url":"https:\/\/www.secklerwein.de\/shop\/","logo":{"@type":"ImageObject","inLanguage":"de","@id":"https:\/\/www.secklerwein.de\/shop\/#\/schema\/logo\/image\/","url":"https:\/\/www.secklerwein.de\/shop\/wp-content\/uploads\/2022\/02\/logo.png","contentUrl":"https:\/\/www.secklerwein.de\/shop\/wp-content\/uploads\/2022\/02\/logo.png","width":743,"height":254,"caption":"Weingut Seckler"},"image":{"@id":"https:\/\/www.secklerwein.de\/shop\/#\/schema\/logo\/image\/"}}]}},"_links":{"self":[{"href":"https:\/\/www.secklerwein.de\/shop\/wp-json\/wp\/v2\/product\/5690","targetHints":{"allow":["GET"]}}],"collection":[{"href":"https:\/\/www.secklerwein.de\/shop\/wp-json\/wp\/v2\/product"}],"about":[{"href":"https:\/\/www.secklerwein.de\/shop\/wp-json\/wp\/v2\/types\/product"}],"replies":[{"embeddable":true,"href":"https:\/\/www.secklerwein.de\/shop\/wp-json\/wp\/v2\/comments?post=5690"}],"wp:featuredmedia":[{"embeddable":true,"href":"https:\/\/www.secklerwein.de\/shop\/wp-json\/wp\/v2\/media\/5689"}],"wp:attachment":[{"href":"https:\/\/www.secklerwein.de\/shop\/wp-json\/wp\/v2\/media?parent=5690"}],"wp:term":[{"taxonomy":"product_brand","embeddable":true,"href":"https:\/\/www.secklerwein.de\/shop\/wp-json\/wp\/v2\/product_brand?post=5690"},{"taxonomy":"product_cat","embeddable":true,"href":"https:\/\/www.secklerwein.de\/shop\/wp-json\/wp\/v2\/product_cat?post=5690"},{"taxonomy":"product_tag","embeddable":true,"href":"https:\/\/www.secklerwein.de\/shop\/wp-json\/wp\/v2\/product_tag?post=5690"}],"curies":[{"name":"wp","href":"https:\/\/api.w.org\/{rel}","templated":true}]}}